{"id":319,"date":"2016-02-25T07:32:50","date_gmt":"2016-02-25T07:32:50","guid":{"rendered":"http:\/\/demo.vegatheme.com\/harmonia\/?page_id=319"},"modified":"2021-06-16T07:01:44","modified_gmt":"2021-06-16T07:01:44","slug":"o-nama","status":"publish","type":"page","link":"https:\/\/destilacija.net\/index.php\/o-nama\/","title":{"rendered":"O NAMA"},"content":{"rendered":"<p>[vc_row fullwidth=&#8221;yes&#8221;][vc_column offset=&#8221;vc_hidden-sm vc_hidden-xs&#8221;]\n\t\t\t\t\n\t\t<div class=\"section\">\t\t\t\n\t\t\t<div class=\" split-right\" style=\"background: url('https:\/\/destilacija.net\/wp-content\/uploads\/2021\/02\/0004_Stranica_01_Colorized.jpg') ;\">\n\t\t\t\t\t\t\t\t\n\t\t\t\t\n\t\t\t\t\t\n\t\t\t\t\t<div class=\"split-text-wrap\">\t\t\t\t\t\t\t\t\t\t\t\n\t\t\t\t\t\t<div class=\"play-video\">\n\t\t\t\t\t\t\t<p><\/p>\n\t\t\t\t\t\t\t<a href=\"https:\/\/www.youtube.com\/embed\/QBCSnu1cheY\" class=\"fancybox  fancybox.iframe\"><div class=\"button icon-control-play\"><\/div><\/a>\n\t\t\t\t\t\t<\/div>\t\n\t\t\t\t\t<\/div>\t\t\t\t\t\n\t\t\t\t\t\t\t\t\t\t\t\t\t\t\t\t\n\t\t\t<\/div>\n\t\t\t<div class=\"split-right dark-background\" style=\"background-color: #ffffff;\">\n\t\t\t\t\t\t\t\t<div class=\"split-text-wrap\">\n\t\t\t\t\t<div class=\"title-text-center bigger-margin\">\n\t\t\t\t\t\t<h5 style=\"color: #000000;\">MISIJA I VIZIJA<\/h5>\n\t\t\t\t\t\t\t\t\t\t\t<\/div>\n\t\t\t\t\t<p style=\"color: #000000;\"><span class=\"fontstyle0\">Na\u0161a misija je dostaviti kupcima visokokvalitetne proizvode biolo\u0161kog porijekla, koriste\u0107i prirodne materijale i resurse. Istovremeno, nastojimo vratiti prirodi uslugu i to na najbolji mogu\u0107i na\u010din &#8211; konstantnom brigom i njenim o\u010duvanjem. Postati lider u proizvodnji i izvozu u regionuje na\u0161a vizija. Kvalitetom proizvoda, ali i odgovornim procesom proizvodnje te po\u0161tovanjem me\u0111unarodnih standarda, \u017eelimo da ostanemo visoko kotirani na regionalnom i evropskom tr\u017ei\u0161tu.<\/span><\/p>\n\t\t\t\t\t\t\t\t\t<\/div>\n\t\t\t<\/div>\n\t\t<\/div>\n\t\n[\/vc_column][\/vc_row][vc_row fullwidth=&#8221;yes&#8221;][vc_column offset=&#8221;vc_hidden-sm vc_hidden-xs&#8221;]\n\t\t\t\t\n\t\t<div class=\"section\">\t\t\t\n\t\t\t<div class=\" split-left\" style=\"background: url('https:\/\/destilacija.net\/wp-content\/uploads\/2020\/11\/0001_Stranica_01_Colorized.png') ;\">\n\t\t\t\t\t\t\t\t\n\t\t\t\t\n\t\t\t\t\t\t\t\t\t\t\t\t\t\t\t\t\n\t\t\t<\/div>\n\t\t\t<div class=\"split-left dark-background\" style=\"\">\n\t\t\t\t\t\t\t\t<div class=\"split-text-wrap\">\n\t\t\t\t\t<div class=\"title-text-center bigger-margin\">\n\t\t\t\t\t\t<h5>ISTORIJA<\/h5>\n\t\t\t\t\t\t\t\t\t\t\t<\/div>\n\t\t\t\t\t<p><span class=\"fontstyle0\">\u00a0Davne 1896. godine izgra\u0111ena je i po\u010dela saradom HI Destilacija Tesli\u0107. Bila je to prvafabrika u regionu za hemijsku preradu drveta postupkom suve destilacije. Na\u0161a industrija je svojim osnivanjem unijela inovativnost i duh napretka, a upravo sa njenim radom zapo\u010dinje i nastanak i formiranje grada Tesli\u0107a. Veza, koja nikada nije raskinuta. Ponosimo se dugom i bogatom tradicijom kao i \u010dinjenicom da smo odoljeli mnogim izazovima i nastavili sa radom uprkos pote\u0161ko\u0107ama i te\u0161kim vremenima.\u00a0<\/span><\/p>\n\t\t\t\t\t\t\t\t\t<\/div>\n\t\t\t<\/div>\n\t\t<\/div>\n\t\n\n\t\t\t\t\n\t\t<div class=\"section\">\t\t\t\n\t\t\t<div class=\" split-right\" style=\"background: url('https:\/\/destilacija.net\/wp-content\/uploads\/2020\/12\/PRIRODA.png') ;\">\n\t\t\t\t\t\t\t\t\n\t\t\t\t\n\t\t\t\t\t\t\t\t\t\t\t\t\t\t\t\t\n\t\t\t<\/div>\n\t\t\t<div class=\"split-right dark-background\" style=\"background-color: #ffffff;\">\n\t\t\t\t\t\t\t\t<div class=\"split-text-wrap\">\n\t\t\t\t\t<div class=\"title-text-center bigger-margin\">\n\t\t\t\t\t\t<h5 style=\"color: #000000;\">EKOLO\u0160KA ODGOVORNOST<\/h5>\n\t\t\t\t\t\t\t\t\t\t\t<\/div>\n\t\t\t\t\t<p style=\"color: #000000;\">Akcionarsko dru\u0161tvo HI Destilacija Tesli\u0107je simbol dugoro\u010dne i uspje\u0161ne saradnje \u010dovjeka i prirode. Ve\u0107 120 godina uspje\u0161no sara\u0111ujemo s prirodom, po\u0161tovanjem i o\u010duvanjem okoline. Na\u0161i proizvodi su potpuno prirodnog porijekla. Osnovna sirovina na\u0161ih proizvoda je drvo. Odgovorno vr\u0161imo nabavku drveta, vode\u0107i ra\u010duna da ne doprinesemo sve \u010de\u0161\u0107oj praksi neodgovorne sje\u010de \u0161uma. Iz tog razloga posjedujemo i FSC sertifikat, kojim garantujemo da na\u0161e drvo poti\u010de iz \u0161uma kojima se upravlja na odr\u017eiv na\u010din i koje se kontinuirano obnavljaju.<\/p>\n\t\t\t\t\t\t\t\t\t<\/div>\n\t\t\t<\/div>\n\t\t<\/div>\n\t\n\n\t\t\t\t\n\t\t<div class=\"section\">\t\t\t\n\t\t\t<div class=\" split-left\" style=\"background: url('https:\/\/destilacija.net\/wp-content\/uploads\/2020\/12\/PRIRODA1.png') ;\">\n\t\t\t\t\t\t\t\t\n\t\t\t\t\n\t\t\t\t\t\t\t\t\t\t\t\t\t\t\t\t\n\t\t\t<\/div>\n\t\t\t<div class=\"split-left dark-background\" style=\"\">\n\t\t\t\t\t\t\t\t<div class=\"split-text-wrap\">\n\t\t\t\t\t<div class=\"title-text-center bigger-margin\">\n\t\t\t\t\t\t<h5>DRVENI UGALJ<\/h5>\n\t\t\t\t\t\t\t\t\t\t\t<\/div>\n\t\t\t\t\t<p>Drveni ugalj se proizvodi postupkom suve destilacije listopadnih vrsta drveta. U vertikalnoj retorti i savremenim horizontalnim pe\u0107ima obra\u0111ujemo hrast, bukvu i grab. Godi\u0161nje proizvedemo oko 14.000 tona drvenog uglja i vi\u0161e od 4.000 tona pra\u0161ine drvenog uglja koju preradom pretvaramo u brikete. Na\u0161 drveni ugalj je visoko kvalitetan, brzo se pretvara u \u017ear i osloba\u0111a velike koli\u010dine toplote. Primjenjuje se u industriji fero-legura (reduktor), hemijskoj industriji (proizvodnja aktivnog uglja) i doma\u0107instvu (gril).<\/p>\n\t\t\t\t\t<a href=\"https:\/\/destilacija.net\/index.php\/ugalj\/\" target=\"_blank\"><div class=\"sign link-sign-cosmetics\">SAZNAJ VI\u0160E<span>\uf178<\/span><\/div><\/a>\t\t\t\t<\/div>\n\t\t\t<\/div>\n\t\t<\/div>\n\t\n\n\t\t\t\t\n\t\t<div class=\"section\">\t\t\t\n\t\t\t<div class=\" split-right\" style=\"background: url('https:\/\/destilacija.net\/wp-content\/uploads\/2020\/12\/PRIRODA11.png') ;\">\n\t\t\t\t\t\t\t\t\n\t\t\t\t\n\t\t\t\t\t\t\t\t\t\t\t\t\t\t\t\t\n\t\t\t<\/div>\n\t\t\t<div class=\"split-right dark-background\" style=\"background-color: #ffffff;\">\n\t\t\t\t\t\t\t\t<div class=\"split-text-wrap\">\n\t\t\t\t\t<div class=\"title-text-center bigger-margin\">\n\t\t\t\t\t\t<h5 style=\"color: #000000;\">SIR\u0106E<\/h5>\n\t\t\t\t\t\t\t\t\t\t\t<\/div>\n\t\t\t\t\t<p style=\"color: #000000;\">Sir\u0107etna kiselina, odnosno acetatna kiselina, dobija se, tako\u0111e, suvom destilacijom drveta. Iako se danas samo 10% svjetske proizvodnje sir\u0107etne kiseline dobija biolo\u0161kim putem, na\u0161a tradicija i misija su proizvodi prirodnog porijekla. Zdravija je, postojanija, a proces proizvodnje je ekolo\u0161ki podoban. Visok kvalitet i postojanost na\u0161e sir\u0107etne kiseline osigurava visoku tr\u017ei\u0161nu potra\u017enju kako u doma\u0107instvima, kao prehrambeni proizvod, tako i kod industrijskih proizvo\u0111a\u010da, za dalju preradu. Ispunjava propis Evropskog standarda EN 13189, kvalitet za prehrambenu upotrebu, ali i tehni\u010dki kvalitet zahtjeva potro\u0161a\u010da.<\/p>\n\t\t\t\t\t<a href=\"https:\/\/destilacija.net\/index.php\/sircetna-kiselina\/\" target=\"_blank\"><div class=\"sign link-sign-cosmetics\">SAZNAJ VI\u0160E<span>\uf178<\/span><\/div><\/a>\t\t\t\t<\/div>\n\t\t\t<\/div>\n\t\t<\/div>\n\t\n[\/vc_column][\/vc_row][vc_row fullwidth=&#8221;yes&#8221;][vc_column width=&#8221;1\/2&#8243; offset=&#8221;vc_hidden-lg vc_hidden-md&#8221;][vc_single_image image=&#8221;4507&#8243; img_size=&#8221;full&#8221;][\/vc_column][vc_column width=&#8221;1\/2&#8243; offset=&#8221;vc_hidden-lg vc_hidden-md&#8221;][vc_column_text el_class=&#8221;tekst2&#8243;]<\/p>\n<p style=\"text-align: center;\"><strong>MISIJA I VIZIJA<\/strong><\/p>\n<p>&nbsp;<\/p>\n<p>Na\u0161a misija je dostaviti kupcima visokokvalitetne proizvode biolo\u0161kog porijekla, koriste\u0107i prirodne materijale i resurse. Istovremeno, nastojimo vratiti prirodi uslugu i to na najbolji mogu\u0107i na\u010din \u2013 konstantnom brigom i njenim o\u010duvanjem. Postati lider u proizvodnji i izvozu u regionuje na\u0161a vizija. Kvalitetom proizvoda, ali i odgovornim procesom proizvodnje te po\u0161tovanjem me\u0111unarodnih standarda, \u017eelimo da ostanemo visoko kotirani na regionalnom i evropskom tr\u017ei\u0161tu.[\/vc_column_text][\/vc_column][\/vc_row][vc_row fullwidth=&#8221;yes&#8221;][vc_column width=&#8221;1\/2&#8243; offset=&#8221;vc_hidden-lg vc_hidden-md&#8221;][vc_single_image image=&#8221;3217&#8243; img_size=&#8221;full&#8221;][\/vc_column][vc_column width=&#8221;1\/2&#8243; offset=&#8221;vc_hidden-lg vc_hidden-md&#8221;][vc_column_text el_class=&#8221;tekst2&#8243;]<\/p>\n<p style=\"text-align: center;\"><strong>ISTORIJA<\/strong><\/p>\n<p>&nbsp;<\/p>\n<p>Davne 1896. godine izgra\u0111ena je i po\u010dela saradom HI Destilacija Tesli\u0107. Bila je to prvafabrika u regionu za hemijsku preradu drveta postupkom suve destilacije. Na\u0161a industrija je svojim osnivanjem unijela inovativnost i duh napretka, a upravo sa njenim radom zapo\u010dinje i nastanak i formiranje grada Tesli\u0107a. Veza, koja nikada nije raskinuta. Ponosimo se dugom i bogatom tradicijom kao i \u010dinjenicom da smo odoljeli mnogim izazovima i nastavili sa radom uprkos pote\u0161ko\u0107ama i te\u0161kim vremenima.[\/vc_column_text][\/vc_column][\/vc_row][vc_row fullwidth=&#8221;yes&#8221;][vc_column width=&#8221;1\/2&#8243; offset=&#8221;vc_hidden-lg vc_hidden-md&#8221;][vc_single_image image=&#8221;4259&#8243; img_size=&#8221;full&#8221;][\/vc_column][vc_column width=&#8221;1\/2&#8243; offset=&#8221;vc_hidden-lg vc_hidden-md&#8221;][vc_column_text el_class=&#8221;tekst2&#8243;]<\/p>\n<p style=\"text-align: center;\"><strong>EKOLO\u0160KA ODGOVORNOST<\/strong><\/p>\n<p>&nbsp;<\/p>\n<p>Akcionarsko dru\u0161tvo HI Destilacija Tesli\u0107je simbol dugoro\u010dne i uspje\u0161ne saradnje \u010dovjeka i prirode. Ve\u0107 120 godina uspje\u0161no sara\u0111ujemo s prirodom, po\u0161tovanjem i o\u010duvanjem okoline. Na\u0161i proizvodi su potpuno prirodnog porijekla. Osnovna sirovina na\u0161ih proizvoda je drvo. Odgovorno vr\u0161imo nabavku drveta, vode\u0107i ra\u010duna da ne doprinesemo sve \u010de\u0161\u0107oj praksi neodgovorne sje\u010de \u0161uma. Iz tog razloga posjedujemo i FSC sertifikat, kojim garantujemo da na\u0161e drvo poti\u010de iz \u0161uma kojima se upravlja na odr\u017eiv na\u010din i koje se kontinuirano obnavljaju.[\/vc_column_text][\/vc_column][\/vc_row][vc_row fullwidth=&#8221;yes&#8221;][vc_column width=&#8221;1\/2&#8243; offset=&#8221;vc_hidden-lg vc_hidden-md&#8221;][vc_single_image image=&#8221;4295&#8243; img_size=&#8221;full&#8221;][\/vc_column][vc_column width=&#8221;1\/2&#8243; offset=&#8221;vc_hidden-lg vc_hidden-md&#8221;][vc_column_text el_class=&#8221;tekst2&#8243;]<\/p>\n<p style=\"text-align: center;\"><strong>DRVENI UGALJ<\/strong><\/p>\n<p>&nbsp;<\/p>\n<p>Drveni ugalj se proizvodi postupkom suve destilacije listopadnih vrsta drveta. U vertikalnoj retorti i savremenim horizontalnim pe\u0107ima obra\u0111ujemo hrast, bukvu i grab. Godi\u0161nje proizvedemo oko 14.000 tona drvenog uglja i vi\u0161e od 4.000 tona pra\u0161ine drvenog uglja koju preradom pretvaramo u brikete. Na\u0161 drveni ugalj je visoko kvalitetan, brzo se pretvara u \u017ear i osloba\u0111a velike koli\u010dine toplote. Primjenjuje se u industriji fero-legura (reduktor), hemijskoj industriji (proizvodnja aktivnog uglja) i doma\u0107instvu (gril).[\/vc_column_text][\/vc_column][\/vc_row][vc_row fullwidth=&#8221;yes&#8221;][vc_column width=&#8221;1\/2&#8243; offset=&#8221;vc_hidden-lg vc_hidden-md&#8221;][vc_single_image image=&#8221;4298&#8243; img_size=&#8221;full&#8221;][\/vc_column][vc_column width=&#8221;1\/2&#8243; offset=&#8221;vc_hidden-lg vc_hidden-md&#8221;][vc_column_text el_class=&#8221;tekst2&#8243;]<\/p>\n<p style=\"text-align: center;\"><strong>SIR\u0106E<\/strong><\/p>\n<p>&nbsp;<\/p>\n<p>Sir\u0107etna kiselina, odnosno acetatna kiselina, dobija se, tako\u0111e, suvom destilacijom drveta. Iako se danas samo 10% svjetske proizvodnje sir\u0107etne kiseline dobija biolo\u0161kim putem, na\u0161a tradicija i misija su proizvodi prirodnog porijekla. Zdravija je, postojanija, a proces proizvodnje je ekolo\u0161ki podoban. Visok kvalitet i postojanost na\u0161e sir\u0107etne kiseline osigurava visoku tr\u017ei\u0161nu potra\u017enju kako u doma\u0107instvima, kao prehrambeni proizvod, tako i kod industrijskih proizvo\u0111a\u010da, za dalju preradu. Ispunjava propis Evropskog standarda EN 13189, kvalitet za prehrambenu upotrebu, ali i tehni\u010dki kvalitet zahtjeva potro\u0161a\u010da.[\/vc_column_text][\/vc_column][\/vc_row]<\/p>\n","protected":false},"excerpt":{"rendered":"<p>[vc_row fullwidth=&#8221;yes&#8221;][vc_column offset=&#8221;vc_hidden-sm vc_hidden-xs&#8221;][\/vc_column][\/vc_row][vc_row fullwidth=&#8221;yes&#8221;][vc_column offset=&#8221;vc_hidden-sm vc_hidden-xs&#8221;][\/vc_column][\/vc_row][vc_row fullwidth=&#8221;yes&#8221;][vc_column width=&#8221;1\/2&#8243; offset=&#8221;vc_hidden-lg vc_hidden-md&#8221;][vc_single_image image=&#8221;4507&#8243; img_size=&#8221;full&#8221;][\/vc_column][vc_column width=&#8221;1\/2&#8243; offset=&#8221;vc_hidden-lg vc_hidden-md&#8221;][vc_column_text el_class=&#8221;tekst2&#8243;] MISIJA I VIZIJA &nbsp; Na\u0161a misija je dostaviti kupcima visokokvalitetne proizvode biolo\u0161kog porijekla, koriste\u0107i prirodne materijale i resurse. Istovremeno, nastojimo vratiti prirodi uslugu i to na najbolji mogu\u0107i na\u010din \u2013 konstantnom brigom i njenim o\u010duvanjem. Postati lider u [&hellip;]<\/p>\n","protected":false},"author":1,"featured_media":4467,"parent":0,"menu_order":0,"comment_status":"closed","ping_status":"closed","template":"page-templates\/template-fullwidth.php","meta":{"footnotes":""},"class_list":["post-319","page","type-page","status-publish","has-post-thumbnail","hentry"],"yoast_head":"<!-- This site is optimized with the Yoast SEO plugin v27.2 - https:\/\/yoast.com\/product\/yoast-seo-wordpress\/ -->\n<title>O NAMA &#8211; DESTILACIJA TESLI\u0106 - TRADICIJA OD 1896. GODINE<\/title>\n<meta name=\"description\" content=\"Na\u0161a misija je dostaviti kupcima visokokvalitetne proizvode biolo\u0161kog porijekla, koriste\u0107i prirodne materijale i resurse.\" \/>\n<meta name=\"robots\" content=\"index, follow, max-snippet:-1, max-image-preview:large, max-video-preview:-1\" \/>\n<link rel=\"canonical\" href=\"https:\/\/destilacija.net\/index.php\/o-nama\/\" \/>\n<meta property=\"og:locale\" content=\"sr_RS\" \/>\n<meta property=\"og:type\" content=\"article\" \/>\n<meta property=\"og:title\" content=\"O NAMA &#8211; DESTILACIJA TESLI\u0106 - TRADICIJA OD 1896. GODINE\" \/>\n<meta property=\"og:description\" content=\"Na\u0161a misija je dostaviti kupcima visokokvalitetne proizvode biolo\u0161kog porijekla, koriste\u0107i prirodne materijale i resurse.\" \/>\n<meta property=\"og:url\" content=\"https:\/\/destilacija.net\/index.php\/o-nama\/\" \/>\n<meta property=\"og:site_name\" content=\"DESTILACIJA TESLI\u0106\" \/>\n<meta property=\"article:modified_time\" content=\"2021-06-16T07:01:44+00:00\" \/>\n<meta property=\"og:image\" content=\"https:\/\/destilacija.net\/wp-content\/uploads\/2021\/01\/TeslicTuIm.png\" \/>\n\t<meta property=\"og:image:width\" content=\"1024\" \/>\n\t<meta property=\"og:image:height\" content=\"768\" \/>\n\t<meta property=\"og:image:type\" content=\"image\/png\" \/>\n<meta name=\"twitter:card\" content=\"summary_large_image\" \/>\n<meta name=\"twitter:label1\" content=\"\u041f\u0440\u043e\u0446\u0435\u045a\u0435\u043d\u043e \u0432\u0440\u0435\u043c\u0435 \u0447\u0438\u0442\u0430\u045a\u0430\" \/>\n\t<meta name=\"twitter:data1\" content=\"6 \u043c\u0438\u043d\u0443\u0442\u0430\" \/>\n<script type=\"application\/ld+json\" class=\"yoast-schema-graph\">{\"@context\":\"https:\/\/schema.org\",\"@graph\":[{\"@type\":\"WebPage\",\"@id\":\"https:\/\/destilacija.net\/index.php\/o-nama\/\",\"url\":\"https:\/\/destilacija.net\/index.php\/o-nama\/\",\"name\":\"O NAMA &#8211; DESTILACIJA TESLI\u0106 - TRADICIJA OD 1896. GODINE\",\"isPartOf\":{\"@id\":\"https:\/\/destilacija.net\/#website\"},\"primaryImageOfPage\":{\"@id\":\"https:\/\/destilacija.net\/index.php\/o-nama\/#primaryimage\"},\"image\":{\"@id\":\"https:\/\/destilacija.net\/index.php\/o-nama\/#primaryimage\"},\"thumbnailUrl\":\"https:\/\/destilacija.net\/wp-content\/uploads\/2021\/01\/TeslicTuIm.png\",\"datePublished\":\"2016-02-25T07:32:50+00:00\",\"dateModified\":\"2021-06-16T07:01:44+00:00\",\"description\":\"Na\u0161a misija je dostaviti kupcima visokokvalitetne proizvode biolo\u0161kog porijekla, koriste\u0107i prirodne materijale i resurse.\",\"breadcrumb\":{\"@id\":\"https:\/\/destilacija.net\/index.php\/o-nama\/#breadcrumb\"},\"inLanguage\":\"sr-RS\",\"potentialAction\":[{\"@type\":\"ReadAction\",\"target\":[\"https:\/\/destilacija.net\/index.php\/o-nama\/\"]}]},{\"@type\":\"ImageObject\",\"inLanguage\":\"sr-RS\",\"@id\":\"https:\/\/destilacija.net\/index.php\/o-nama\/#primaryimage\",\"url\":\"https:\/\/destilacija.net\/wp-content\/uploads\/2021\/01\/TeslicTuIm.png\",\"contentUrl\":\"https:\/\/destilacija.net\/wp-content\/uploads\/2021\/01\/TeslicTuIm.png\",\"width\":1600,\"height\":1200},{\"@type\":\"BreadcrumbList\",\"@id\":\"https:\/\/destilacija.net\/index.php\/o-nama\/#breadcrumb\",\"itemListElement\":[{\"@type\":\"ListItem\",\"position\":1,\"name\":\"\u041f\u043e\u0447\u0435\u0442\u043d\u0430\",\"item\":\"https:\/\/destilacija.net\/\"},{\"@type\":\"ListItem\",\"position\":2,\"name\":\"O NAMA\"}]},{\"@type\":\"WebSite\",\"@id\":\"https:\/\/destilacija.net\/#website\",\"url\":\"https:\/\/destilacija.net\/\",\"name\":\"Destilacija Tesli\u0107\",\"description\":\"\",\"publisher\":{\"@id\":\"https:\/\/destilacija.net\/#organization\"},\"potentialAction\":[{\"@type\":\"SearchAction\",\"target\":{\"@type\":\"EntryPoint\",\"urlTemplate\":\"https:\/\/destilacija.net\/?s={search_term_string}\"},\"query-input\":{\"@type\":\"PropertyValueSpecification\",\"valueRequired\":true,\"valueName\":\"search_term_string\"}}],\"inLanguage\":\"sr-RS\"},{\"@type\":\"Organization\",\"@id\":\"https:\/\/destilacija.net\/#organization\",\"name\":\"Destilacija Tesli\u0107\",\"url\":\"https:\/\/destilacija.net\/\",\"logo\":{\"@type\":\"ImageObject\",\"inLanguage\":\"sr-RS\",\"@id\":\"https:\/\/destilacija.net\/#\/schema\/logo\/image\/\",\"url\":\"https:\/\/destilacija.net\/wp-content\/uploads\/2021\/01\/shutterstock_1021177186-Copy.jpg\",\"contentUrl\":\"https:\/\/destilacija.net\/wp-content\/uploads\/2021\/01\/shutterstock_1021177186-Copy.jpg\",\"width\":2558,\"height\":1706,\"caption\":\"Destilacija Tesli\u0107\"},\"image\":{\"@id\":\"https:\/\/destilacija.net\/#\/schema\/logo\/image\/\"}}]}<\/script>\n<!-- \/ Yoast SEO plugin. -->","yoast_head_json":{"title":"O NAMA &#8211; DESTILACIJA TESLI\u0106 - TRADICIJA OD 1896. GODINE","description":"Na\u0161a misija je dostaviti kupcima visokokvalitetne proizvode biolo\u0161kog porijekla, koriste\u0107i prirodne materijale i resurse.","robots":{"index":"index","follow":"follow","max-snippet":"max-snippet:-1","max-image-preview":"max-image-preview:large","max-video-preview":"max-video-preview:-1"},"canonical":"https:\/\/destilacija.net\/index.php\/o-nama\/","og_locale":"sr_RS","og_type":"article","og_title":"O NAMA &#8211; DESTILACIJA TESLI\u0106 - TRADICIJA OD 1896. GODINE","og_description":"Na\u0161a misija je dostaviti kupcima visokokvalitetne proizvode biolo\u0161kog porijekla, koriste\u0107i prirodne materijale i resurse.","og_url":"https:\/\/destilacija.net\/index.php\/o-nama\/","og_site_name":"DESTILACIJA TESLI\u0106","article_modified_time":"2021-06-16T07:01:44+00:00","og_image":[{"url":"https:\/\/destilacija.net\/wp-content\/uploads\/2021\/01\/TeslicTuIm.png","width":1024,"height":768,"type":"image\/png"}],"twitter_card":"summary_large_image","twitter_misc":{"\u041f\u0440\u043e\u0446\u0435\u045a\u0435\u043d\u043e \u0432\u0440\u0435\u043c\u0435 \u0447\u0438\u0442\u0430\u045a\u0430":"6 \u043c\u0438\u043d\u0443\u0442\u0430"},"schema":{"@context":"https:\/\/schema.org","@graph":[{"@type":"WebPage","@id":"https:\/\/destilacija.net\/index.php\/o-nama\/","url":"https:\/\/destilacija.net\/index.php\/o-nama\/","name":"O NAMA &#8211; DESTILACIJA TESLI\u0106 - TRADICIJA OD 1896. GODINE","isPartOf":{"@id":"https:\/\/destilacija.net\/#website"},"primaryImageOfPage":{"@id":"https:\/\/destilacija.net\/index.php\/o-nama\/#primaryimage"},"image":{"@id":"https:\/\/destilacija.net\/index.php\/o-nama\/#primaryimage"},"thumbnailUrl":"https:\/\/destilacija.net\/wp-content\/uploads\/2021\/01\/TeslicTuIm.png","datePublished":"2016-02-25T07:32:50+00:00","dateModified":"2021-06-16T07:01:44+00:00","description":"Na\u0161a misija je dostaviti kupcima visokokvalitetne proizvode biolo\u0161kog porijekla, koriste\u0107i prirodne materijale i resurse.","breadcrumb":{"@id":"https:\/\/destilacija.net\/index.php\/o-nama\/#breadcrumb"},"inLanguage":"sr-RS","potentialAction":[{"@type":"ReadAction","target":["https:\/\/destilacija.net\/index.php\/o-nama\/"]}]},{"@type":"ImageObject","inLanguage":"sr-RS","@id":"https:\/\/destilacija.net\/index.php\/o-nama\/#primaryimage","url":"https:\/\/destilacija.net\/wp-content\/uploads\/2021\/01\/TeslicTuIm.png","contentUrl":"https:\/\/destilacija.net\/wp-content\/uploads\/2021\/01\/TeslicTuIm.png","width":1600,"height":1200},{"@type":"BreadcrumbList","@id":"https:\/\/destilacija.net\/index.php\/o-nama\/#breadcrumb","itemListElement":[{"@type":"ListItem","position":1,"name":"\u041f\u043e\u0447\u0435\u0442\u043d\u0430","item":"https:\/\/destilacija.net\/"},{"@type":"ListItem","position":2,"name":"O NAMA"}]},{"@type":"WebSite","@id":"https:\/\/destilacija.net\/#website","url":"https:\/\/destilacija.net\/","name":"Destilacija Tesli\u0107","description":"","publisher":{"@id":"https:\/\/destilacija.net\/#organization"},"potentialAction":[{"@type":"SearchAction","target":{"@type":"EntryPoint","urlTemplate":"https:\/\/destilacija.net\/?s={search_term_string}"},"query-input":{"@type":"PropertyValueSpecification","valueRequired":true,"valueName":"search_term_string"}}],"inLanguage":"sr-RS"},{"@type":"Organization","@id":"https:\/\/destilacija.net\/#organization","name":"Destilacija Tesli\u0107","url":"https:\/\/destilacija.net\/","logo":{"@type":"ImageObject","inLanguage":"sr-RS","@id":"https:\/\/destilacija.net\/#\/schema\/logo\/image\/","url":"https:\/\/destilacija.net\/wp-content\/uploads\/2021\/01\/shutterstock_1021177186-Copy.jpg","contentUrl":"https:\/\/destilacija.net\/wp-content\/uploads\/2021\/01\/shutterstock_1021177186-Copy.jpg","width":2558,"height":1706,"caption":"Destilacija Tesli\u0107"},"image":{"@id":"https:\/\/destilacija.net\/#\/schema\/logo\/image\/"}}]}},"_links":{"self":[{"href":"https:\/\/destilacija.net\/index.php\/wp-json\/wp\/v2\/pages\/319","targetHints":{"allow":["GET"]}}],"collection":[{"href":"https:\/\/destilacija.net\/index.php\/wp-json\/wp\/v2\/pages"}],"about":[{"href":"https:\/\/destilacija.net\/index.php\/wp-json\/wp\/v2\/types\/page"}],"author":[{"embeddable":true,"href":"https:\/\/destilacija.net\/index.php\/wp-json\/wp\/v2\/users\/1"}],"replies":[{"embeddable":true,"href":"https:\/\/destilacija.net\/index.php\/wp-json\/wp\/v2\/comments?post=319"}],"version-history":[{"count":65,"href":"https:\/\/destilacija.net\/index.php\/wp-json\/wp\/v2\/pages\/319\/revisions"}],"predecessor-version":[{"id":4624,"href":"https:\/\/destilacija.net\/index.php\/wp-json\/wp\/v2\/pages\/319\/revisions\/4624"}],"wp:featuredmedia":[{"embeddable":true,"href":"https:\/\/destilacija.net\/index.php\/wp-json\/wp\/v2\/media\/4467"}],"wp:attachment":[{"href":"https:\/\/destilacija.net\/index.php\/wp-json\/wp\/v2\/media?parent=319"}],"curies":[{"name":"wp","href":"https:\/\/api.w.org\/{rel}","templated":true}]}}