{"id":3324,"date":"2020-11-27T08:33:02","date_gmt":"2020-11-27T08:33:02","guid":{"rendered":"http:\/\/v2.destilacija.net\/?page_id=3324"},"modified":"2021-02-16T09:41:18","modified_gmt":"2021-02-16T09:41:18","slug":"ugalj","status":"publish","type":"page","link":"https:\/\/destilacija.net\/index.php\/ugalj\/","title":{"rendered":"DRVENI UGALJ I BRIKET DRVENOG UGLJA"},"content":{"rendered":"<p>[vc_row fullwidth=&#8221;yes&#8221;][vc_column offset=&#8221;vc_hidden-sm vc_hidden-xs&#8221;]\n\t\t\t\t\n\t\t<div class=\"section\">\t\t\t\n\t\t\t<div class=\" split-left\" style=\"background: url('https:\/\/destilacija.net\/wp-content\/uploads\/2020\/11\/DSC_3859.png') ;\">\n\t\t\t\t\t\t\t\t\n\t\t\t\t\n\t\t\t\t\t\t\t\t\t\t\t\t\t\t\t\t\n\t\t\t<\/div>\n\t\t\t<div class=\"split-left dark-background\" style=\"background-color: #bfa98c;\">\n\t\t\t\t\t\t\t\t<div class=\"split-text-wrap\">\n\t\t\t\t\t<div class=\"title-text-center bigger-margin\">\n\t\t\t\t\t\t<h5 style=\"color: #ffffff;\">DRVENI UGALJ<\/h5>\n\t\t\t\t\t\t\t\t\t\t\t<\/div>\n\t\t\t\t\t<p style=\"color: #ffffff;\">Drveni ugalj se proizvodi postupkom suve destilacije listopadnih vrsta drveta. U vertikalnoj retorti i savremenim horizontalnim pe\u0107ima obra\u0111ujemo hrast, bukvu i grab. Godi\u0161nje proizvedemo oko 14.000 tona drvenog uglja i vi\u0161e od 4.000 tona pra\u0161ine drvenog uglja koju preradom pretvaramo u brikete.<\/p>\n\t\t\t\t\t\t\t\t\t<\/div>\n\t\t\t<\/div>\n\t\t<\/div>\n\t\n\n\t\t\t\t\n\t\t<div class=\"section\">\t\t\t\n\t\t\t<div class=\" split-right\" style=\"background: url('https:\/\/destilacija.net\/wp-content\/uploads\/2020\/11\/asdfsf.png') ;\">\n\t\t\t\t\t\t\t\t\n\t\t\t\t\n\t\t\t\t\t\t\t\t\t\t\t\t\t\t\t\t\n\t\t\t<\/div>\n\t\t\t<div class=\"split-right dark-background\" style=\"background-color: #ffffff;\">\n\t\t\t\t\t\t\t\t<div class=\"split-text-wrap\">\n\t\t\t\t\t<div class=\"title-text-center bigger-margin\">\n\t\t\t\t\t\t<h5 style=\"color: #000000;\">BRIKET DRVENOG UGLJA<\/h5>\n\t\t\t\t\t\t\t\t\t\t\t<\/div>\n\t\t\t\t\t<p style=\"color: #000000;\">Presovanjem sitnih frakcija drvenog uglja, proizvodimo visokokvalitetne brikete &#8211; oko 6.600 tona na godi\u0161njem nivou. Kao vezivo u proizvodnji briketa koristimo skrob, a ne hemijska sredstva te su na\u0161i briketi sigurni za upotrebu, bezopasni po okolinu i ekolo\u0161ki \u010disti. Procesom proizvodnje po\u0161tujemo i propise REACH direktive te se na\u0161i briketi mogu prona\u0107i i na policama u Evropskoj uniji.<\/p>\n\t\t\t\t\t\t\t\t\t<\/div>\n\t\t\t<\/div>\n\t\t<\/div>\n\t\n[\/vc_column][\/vc_row][vc_row fullwidth=&#8221;yes&#8221;][vc_column offset=&#8221;vc_hidden-lg vc_hidden-md&#8221;][vc_row_inner][vc_column_inner width=&#8221;1\/2&#8243;][vc_single_image image=&#8221;3137&#8243; img_size=&#8221;full&#8221;][\/vc_column_inner][vc_column_inner width=&#8221;1\/2&#8243;][vc_column_text el_class=&#8221;tekst2&#8243;]<\/p>\n<p style=\"text-align: center;\"><strong>DRVENI UGALJ<\/strong><\/p>\n<p>&nbsp;<\/p>\n<p>Drveni ugalj se proizvodi postupkom suve destilacije listopadnih vrsta drveta. U vertikalnoj retorti i savremenim horizontalnim pe\u0107ima obra\u0111ujemo hrast, bukvu i grab. Godi\u0161nje proizvedemo oko 14.000 tona drvenog uglja i vi\u0161e od 4.000 tona pra\u0161ine drvenog uglja koju preradom pretvaramo u brikete.[\/vc_column_text][\/vc_column_inner][\/vc_row_inner][vc_row_inner][vc_column_inner width=&#8221;1\/2&#8243;][vc_single_image image=&#8221;3344&#8243; img_size=&#8221;full&#8221;][\/vc_column_inner][vc_column_inner width=&#8221;1\/2&#8243;][vc_column_text el_class=&#8221;tekst2&#8243;]<\/p>\n<p style=\"text-align: center;\"><strong>BRIKET DRVENOG UGLJA<\/strong><\/p>\n<p>&nbsp;<\/p>\n<p>Presovanjem sitnih frakcija drvenog uglja, proizvodimo visokokvalitetne brikete \u2013 oko 6.600 tona na godi\u0161njem nivou. Kao vezivo u proizvodnji briketa koristimo skrob, a ne hemijska sredstva te su na\u0161i briketi sigurni za upotrebu, bezopasni po okolinu i ekolo\u0161ki \u010disti. Procesom proizvodnje po\u0161tujemo i propise REACH direktive te se na\u0161i briketi mogu prona\u0107i i na policama u Evropskoj uniji.[\/vc_column_text][\/vc_column_inner][\/vc_row_inner][\/vc_column][\/vc_row]<\/p>\n","protected":false},"excerpt":{"rendered":"<p>[vc_row fullwidth=&#8221;yes&#8221;][vc_column offset=&#8221;vc_hidden-sm vc_hidden-xs&#8221;][\/vc_column][\/vc_row][vc_row fullwidth=&#8221;yes&#8221;][vc_column offset=&#8221;vc_hidden-lg vc_hidden-md&#8221;][vc_row_inner][vc_column_inner width=&#8221;1\/2&#8243;][vc_single_image image=&#8221;3137&#8243; img_size=&#8221;full&#8221;][\/vc_column_inner][vc_column_inner width=&#8221;1\/2&#8243;][vc_column_text el_class=&#8221;tekst2&#8243;] DRVENI UGALJ &nbsp; Drveni ugalj se proizvodi postupkom suve destilacije listopadnih vrsta drveta. U vertikalnoj retorti i savremenim horizontalnim pe\u0107ima obra\u0111ujemo hrast, bukvu i grab. Godi\u0161nje proizvedemo oko 14.000 tona drvenog uglja i vi\u0161e od 4.000 tona pra\u0161ine drvenog uglja koju preradom pretvaramo [&hellip;]<\/p>\n","protected":false},"author":1,"featured_media":0,"parent":0,"menu_order":0,"comment_status":"closed","ping_status":"closed","template":"page-templates\/template-fullwidth.php","meta":{"footnotes":""},"class_list":["post-3324","page","type-page","status-publish","hentry"],"yoast_head":"<!-- This site is optimized with the Yoast SEO plugin v27.2 - https:\/\/yoast.com\/product\/yoast-seo-wordpress\/ -->\n<title>DRVENI UGALJ I BRIKET DRVENOG UGLJA &#8211; DESTILACIJA TESLI\u0106<\/title>\n<meta name=\"description\" content=\"Drveni ugalj, neizostavan proizvod u svakom doma\u0107instvu. Stvaranje ovog proizvoda je strogo po ekolo\u0161kim standardima.\" \/>\n<meta name=\"robots\" content=\"index, follow, max-snippet:-1, max-image-preview:large, max-video-preview:-1\" \/>\n<link rel=\"canonical\" href=\"https:\/\/destilacija.net\/index.php\/ugalj\/\" \/>\n<meta property=\"og:locale\" content=\"sr_RS\" \/>\n<meta property=\"og:type\" content=\"article\" \/>\n<meta property=\"og:title\" content=\"DRVENI UGALJ I BRIKET DRVENOG UGLJA &#8211; DESTILACIJA TESLI\u0106\" \/>\n<meta property=\"og:description\" content=\"Drveni ugalj, neizostavan proizvod u svakom doma\u0107instvu. Stvaranje ovog proizvoda je strogo po ekolo\u0161kim standardima.\" \/>\n<meta property=\"og:url\" content=\"https:\/\/destilacija.net\/index.php\/ugalj\/\" \/>\n<meta property=\"og:site_name\" content=\"DESTILACIJA TESLI\u0106\" \/>\n<meta property=\"article:modified_time\" content=\"2021-02-16T09:41:18+00:00\" \/>\n<meta name=\"twitter:card\" content=\"summary_large_image\" \/>\n<meta name=\"twitter:label1\" content=\"\u041f\u0440\u043e\u0446\u0435\u045a\u0435\u043d\u043e \u0432\u0440\u0435\u043c\u0435 \u0447\u0438\u0442\u0430\u045a\u0430\" \/>\n\t<meta name=\"twitter:data1\" content=\"2 \u043c\u0438\u043d\u0443\u0442\u0430\" \/>\n<script type=\"application\/ld+json\" class=\"yoast-schema-graph\">{\"@context\":\"https:\/\/schema.org\",\"@graph\":[{\"@type\":\"WebPage\",\"@id\":\"https:\/\/destilacija.net\/index.php\/ugalj\/\",\"url\":\"https:\/\/destilacija.net\/index.php\/ugalj\/\",\"name\":\"DRVENI UGALJ I BRIKET DRVENOG UGLJA &#8211; DESTILACIJA TESLI\u0106\",\"isPartOf\":{\"@id\":\"https:\/\/destilacija.net\/#website\"},\"datePublished\":\"2020-11-27T08:33:02+00:00\",\"dateModified\":\"2021-02-16T09:41:18+00:00\",\"description\":\"Drveni ugalj, neizostavan proizvod u svakom doma\u0107instvu. Stvaranje ovog proizvoda je strogo po ekolo\u0161kim standardima.\",\"breadcrumb\":{\"@id\":\"https:\/\/destilacija.net\/index.php\/ugalj\/#breadcrumb\"},\"inLanguage\":\"sr-RS\",\"potentialAction\":[{\"@type\":\"ReadAction\",\"target\":[\"https:\/\/destilacija.net\/index.php\/ugalj\/\"]}]},{\"@type\":\"BreadcrumbList\",\"@id\":\"https:\/\/destilacija.net\/index.php\/ugalj\/#breadcrumb\",\"itemListElement\":[{\"@type\":\"ListItem\",\"position\":1,\"name\":\"\u041f\u043e\u0447\u0435\u0442\u043d\u0430\",\"item\":\"https:\/\/destilacija.net\/\"},{\"@type\":\"ListItem\",\"position\":2,\"name\":\"DRVENI UGALJ I BRIKET DRVENOG UGLJA\"}]},{\"@type\":\"WebSite\",\"@id\":\"https:\/\/destilacija.net\/#website\",\"url\":\"https:\/\/destilacija.net\/\",\"name\":\"Destilacija Tesli\u0107\",\"description\":\"\",\"publisher\":{\"@id\":\"https:\/\/destilacija.net\/#organization\"},\"potentialAction\":[{\"@type\":\"SearchAction\",\"target\":{\"@type\":\"EntryPoint\",\"urlTemplate\":\"https:\/\/destilacija.net\/?s={search_term_string}\"},\"query-input\":{\"@type\":\"PropertyValueSpecification\",\"valueRequired\":true,\"valueName\":\"search_term_string\"}}],\"inLanguage\":\"sr-RS\"},{\"@type\":\"Organization\",\"@id\":\"https:\/\/destilacija.net\/#organization\",\"name\":\"Destilacija Tesli\u0107\",\"url\":\"https:\/\/destilacija.net\/\",\"logo\":{\"@type\":\"ImageObject\",\"inLanguage\":\"sr-RS\",\"@id\":\"https:\/\/destilacija.net\/#\/schema\/logo\/image\/\",\"url\":\"https:\/\/destilacija.net\/wp-content\/uploads\/2021\/01\/shutterstock_1021177186-Copy.jpg\",\"contentUrl\":\"https:\/\/destilacija.net\/wp-content\/uploads\/2021\/01\/shutterstock_1021177186-Copy.jpg\",\"width\":2558,\"height\":1706,\"caption\":\"Destilacija Tesli\u0107\"},\"image\":{\"@id\":\"https:\/\/destilacija.net\/#\/schema\/logo\/image\/\"}}]}<\/script>\n<!-- \/ Yoast SEO plugin. -->","yoast_head_json":{"title":"DRVENI UGALJ I BRIKET DRVENOG UGLJA &#8211; DESTILACIJA TESLI\u0106","description":"Drveni ugalj, neizostavan proizvod u svakom doma\u0107instvu. Stvaranje ovog proizvoda je strogo po ekolo\u0161kim standardima.","robots":{"index":"index","follow":"follow","max-snippet":"max-snippet:-1","max-image-preview":"max-image-preview:large","max-video-preview":"max-video-preview:-1"},"canonical":"https:\/\/destilacija.net\/index.php\/ugalj\/","og_locale":"sr_RS","og_type":"article","og_title":"DRVENI UGALJ I BRIKET DRVENOG UGLJA &#8211; DESTILACIJA TESLI\u0106","og_description":"Drveni ugalj, neizostavan proizvod u svakom doma\u0107instvu. Stvaranje ovog proizvoda je strogo po ekolo\u0161kim standardima.","og_url":"https:\/\/destilacija.net\/index.php\/ugalj\/","og_site_name":"DESTILACIJA TESLI\u0106","article_modified_time":"2021-02-16T09:41:18+00:00","twitter_card":"summary_large_image","twitter_misc":{"\u041f\u0440\u043e\u0446\u0435\u045a\u0435\u043d\u043e \u0432\u0440\u0435\u043c\u0435 \u0447\u0438\u0442\u0430\u045a\u0430":"2 \u043c\u0438\u043d\u0443\u0442\u0430"},"schema":{"@context":"https:\/\/schema.org","@graph":[{"@type":"WebPage","@id":"https:\/\/destilacija.net\/index.php\/ugalj\/","url":"https:\/\/destilacija.net\/index.php\/ugalj\/","name":"DRVENI UGALJ I BRIKET DRVENOG UGLJA &#8211; DESTILACIJA TESLI\u0106","isPartOf":{"@id":"https:\/\/destilacija.net\/#website"},"datePublished":"2020-11-27T08:33:02+00:00","dateModified":"2021-02-16T09:41:18+00:00","description":"Drveni ugalj, neizostavan proizvod u svakom doma\u0107instvu. Stvaranje ovog proizvoda je strogo po ekolo\u0161kim standardima.","breadcrumb":{"@id":"https:\/\/destilacija.net\/index.php\/ugalj\/#breadcrumb"},"inLanguage":"sr-RS","potentialAction":[{"@type":"ReadAction","target":["https:\/\/destilacija.net\/index.php\/ugalj\/"]}]},{"@type":"BreadcrumbList","@id":"https:\/\/destilacija.net\/index.php\/ugalj\/#breadcrumb","itemListElement":[{"@type":"ListItem","position":1,"name":"\u041f\u043e\u0447\u0435\u0442\u043d\u0430","item":"https:\/\/destilacija.net\/"},{"@type":"ListItem","position":2,"name":"DRVENI UGALJ I BRIKET DRVENOG UGLJA"}]},{"@type":"WebSite","@id":"https:\/\/destilacija.net\/#website","url":"https:\/\/destilacija.net\/","name":"Destilacija Tesli\u0107","description":"","publisher":{"@id":"https:\/\/destilacija.net\/#organization"},"potentialAction":[{"@type":"SearchAction","target":{"@type":"EntryPoint","urlTemplate":"https:\/\/destilacija.net\/?s={search_term_string}"},"query-input":{"@type":"PropertyValueSpecification","valueRequired":true,"valueName":"search_term_string"}}],"inLanguage":"sr-RS"},{"@type":"Organization","@id":"https:\/\/destilacija.net\/#organization","name":"Destilacija Tesli\u0107","url":"https:\/\/destilacija.net\/","logo":{"@type":"ImageObject","inLanguage":"sr-RS","@id":"https:\/\/destilacija.net\/#\/schema\/logo\/image\/","url":"https:\/\/destilacija.net\/wp-content\/uploads\/2021\/01\/shutterstock_1021177186-Copy.jpg","contentUrl":"https:\/\/destilacija.net\/wp-content\/uploads\/2021\/01\/shutterstock_1021177186-Copy.jpg","width":2558,"height":1706,"caption":"Destilacija Tesli\u0107"},"image":{"@id":"https:\/\/destilacija.net\/#\/schema\/logo\/image\/"}}]}},"_links":{"self":[{"href":"https:\/\/destilacija.net\/index.php\/wp-json\/wp\/v2\/pages\/3324","targetHints":{"allow":["GET"]}}],"collection":[{"href":"https:\/\/destilacija.net\/index.php\/wp-json\/wp\/v2\/pages"}],"about":[{"href":"https:\/\/destilacija.net\/index.php\/wp-json\/wp\/v2\/types\/page"}],"author":[{"embeddable":true,"href":"https:\/\/destilacija.net\/index.php\/wp-json\/wp\/v2\/users\/1"}],"replies":[{"embeddable":true,"href":"https:\/\/destilacija.net\/index.php\/wp-json\/wp\/v2\/comments?post=3324"}],"version-history":[{"count":17,"href":"https:\/\/destilacija.net\/index.php\/wp-json\/wp\/v2\/pages\/3324\/revisions"}],"predecessor-version":[{"id":4504,"href":"https:\/\/destilacija.net\/index.php\/wp-json\/wp\/v2\/pages\/3324\/revisions\/4504"}],"wp:attachment":[{"href":"https:\/\/destilacija.net\/index.php\/wp-json\/wp\/v2\/media?parent=3324"}],"curies":[{"name":"wp","href":"https:\/\/api.w.org\/{rel}","templated":true}]}}