{"id":3371,"date":"2020-12-04T09:45:12","date_gmt":"2020-12-04T09:45:12","guid":{"rendered":"http:\/\/v2.destilacija.net\/?page_id=3371"},"modified":"2021-01-05T07:15:43","modified_gmt":"2021-01-05T07:15:43","slug":"direktor","status":"publish","type":"page","link":"https:\/\/destilacija.net\/index.php\/direktor\/","title":{"rendered":"RIJE\u010c DIREKTORA"},"content":{"rendered":"<p>[vc_row][vc_column width=&#8221;2\/3&#8243;][vc_column_text]<strong>Ro\u0111en 01.12.1978. godine u Tesli\u0107u. Osnovnu \u0161kolu zavr\u0161io u Tesli\u0107u, a srednju \u0161kolu i Ekonomski fakultet, smjer finansijski menad\u017ement u Banjoj Luci. Ima polo\u017een ispit za sertifikovanog ra\u010dunovo\u0111u i licencu. U HI \u201eDestilacija\u201d a.d. radi od 2006. godine i obavljao je poslove zamjenika rukovodioca Privredno-ra\u010dunskog sektora, a od 2008. godine je obavljao poslove rukovodioca Privredno-ra\u010dunskog sektora. Od 2011. godine radi na poslovima Izvr\u0161nog direktora za finansije. Od 2017. godine obavlja funkciju predsjednika Upravnog odbora Podru\u010dne privredne komore Doboj, a tako\u0111e od iste godine je \u010dlan Upravnog odbora Privredne komore Republike Srpske. Od 01.03.2019. godine obavlja poslove generalnog direktora HI \u201eDestilacija&#8221; a.d. Tesli\u0107.<\/strong><\/p>\n<p><strong>\u00a0<\/strong><\/p>\n<p>&nbsp;<\/p>\n<p>Akcionarsko dru\u0161tvo HI \u201eDestilacija\u201d Tesli\u0107 osnovano krajem XIX vjeka (1896. godine), sa osnovnim proizvodima drvenim ugljem i sir\u0107etnom kiselinom. Tokom svih ovih godina postojanja Destilacija stalno te\u017ei unapre\u0111enju kvaliteta svojih proizvoda.<\/p>\n<p>&nbsp;<\/p>\n<p>Rukovode\u0107i se mudrom izrekom \u201eAko na budu\u0107nost ne mislite ne mo\u017eete je ni imati!\u201c permanentni cilj je bio i ostao razvoj novih proizvoda, prvenstveno na bazi osnovnih, \u0161to je rezultiralo proizvodnjom briketa od pra\u0161ine drvenog uglja, proizvodnjom aromatizovanog, alkoholnog, vinskog i jabukovog sir\u0107eta, kao i drugih proizvoda.<\/p>\n<p>&nbsp;<\/p>\n<p>Da je u svojim ciljevima uspjela potvr\u0111eno je raznim priznanjima za rad i kvalitet od op\u0161tinskog, republi\u010dkog do me\u0111unarodnog nivoa i zna\u010daja. Danas je HI \u201eDestilacija\u201d AD Tesli\u0107 potpuno tehnolo\u0161ki i infrastrukturno zaokru\u017eena, kadrovski i organizaciono obezbje\u0111ena, sa svim potrebnim slu\u017ebama za rad preduze\u0107a.<\/p>\n<p>&nbsp;<\/p>\n<p>Pored toga, \u201eDestilacija\u201d veliki zna\u010daj pridaje unapre\u0111enju tehnolo\u0161kog procesa sa aspekta pobolj\u0161anja uslova rada i za\u0161tite radne i \u017eivotne okoline, \u0161to se najbolje vidi investiranjem u gradnju novih, savremenih horizontalnih pe\u0107i za suvu destilaciju drveta, koje predstavljaju zamjenski kapacitet za zastarjele i dotrajale.<\/p>\n<p>&nbsp;<\/p>\n<p>Strate\u0161ki cilj HI \u201eDestilacija\u201d AD Tesli\u0107 je pro\u0161irenje postoje\u0107e proizvodnje, razvoj novih proizvoda i tehnologija vode\u0107i ra\u010duna o ekologiji i po\u0161tovanju me\u0111unarodnih standarda i propisa, a sve s ciljem \u0161to ve\u0107eg zadovoljenja tr\u017ei\u0161ta.[\/vc_column_text][\/vc_column][vc_column width=&#8221;1\/3&#8243;][vc_single_image image=&#8221;3845&#8243; img_size=&#8221;large&#8221;][vc_empty_space][vc_column_text]<\/p>\n<h4 style=\"text-align: center;\"><strong>Zoran \u0160krebi\u0107<\/strong><\/h4>\n<h4 style=\"text-align: center;\">Direktor<\/h4>\n<p>[\/vc_column_text][\/vc_column][\/vc_row]<\/p>\n","protected":false},"excerpt":{"rendered":"<p>[vc_row][vc_column width=&#8221;2\/3&#8243;][vc_column_text]Ro\u0111en 01.12.1978. godine u Tesli\u0107u. Osnovnu \u0161kolu zavr\u0161io u Tesli\u0107u, a srednju \u0161kolu i Ekonomski fakultet, smjer finansijski menad\u017ement u Banjoj Luci. Ima polo\u017een ispit za sertifikovanog ra\u010dunovo\u0111u i licencu. U HI \u201eDestilacija\u201d a.d. radi od 2006. godine i obavljao je poslove zamjenika rukovodioca Privredno-ra\u010dunskog sektora, a od 2008. godine je obavljao poslove rukovodioca [&hellip;]<\/p>\n","protected":false},"author":1,"featured_media":0,"parent":0,"menu_order":0,"comment_status":"closed","ping_status":"closed","template":"page-templates\/template-fullwidth.php","meta":{"footnotes":""},"class_list":["post-3371","page","type-page","status-publish","hentry"],"yoast_head":"<!-- This site is optimized with the Yoast SEO plugin v27.2 - https:\/\/yoast.com\/product\/yoast-seo-wordpress\/ -->\n<title>RIJE\u010c DIREKTORA &#8211; DESTILACIJA TESLI\u0106<\/title>\n<meta name=\"robots\" content=\"index, follow, max-snippet:-1, max-image-preview:large, max-video-preview:-1\" \/>\n<link rel=\"canonical\" href=\"https:\/\/destilacija.net\/index.php\/direktor\/\" \/>\n<meta property=\"og:locale\" content=\"sr_RS\" \/>\n<meta property=\"og:type\" content=\"article\" \/>\n<meta property=\"og:title\" content=\"RIJE\u010c DIREKTORA &#8211; DESTILACIJA TESLI\u0106\" \/>\n<meta property=\"og:description\" content=\"[vc_row][vc_column width=&#8221;2\/3&#8243;][vc_column_text]Ro\u0111en 01.12.1978. godine u Tesli\u0107u. Osnovnu \u0161kolu zavr\u0161io u Tesli\u0107u, a srednju \u0161kolu i Ekonomski fakultet, smjer finansijski menad\u017ement u Banjoj Luci. Ima polo\u017een ispit za sertifikovanog ra\u010dunovo\u0111u i licencu. U HI \u201eDestilacija\u201d a.d. radi od 2006. godine i obavljao je poslove zamjenika rukovodioca Privredno-ra\u010dunskog sektora, a od 2008. godine je obavljao poslove rukovodioca [&hellip;]\" \/>\n<meta property=\"og:url\" content=\"https:\/\/destilacija.net\/index.php\/direktor\/\" \/>\n<meta property=\"og:site_name\" content=\"DESTILACIJA TESLI\u0106\" \/>\n<meta property=\"article:modified_time\" content=\"2021-01-05T07:15:43+00:00\" \/>\n<meta name=\"twitter:card\" content=\"summary_large_image\" \/>\n<meta name=\"twitter:label1\" content=\"\u041f\u0440\u043e\u0446\u0435\u045a\u0435\u043d\u043e \u0432\u0440\u0435\u043c\u0435 \u0447\u0438\u0442\u0430\u045a\u0430\" \/>\n\t<meta name=\"twitter:data1\" content=\"2 \u043c\u0438\u043d\u0443\u0442\u0430\" \/>\n<script type=\"application\/ld+json\" class=\"yoast-schema-graph\">{\"@context\":\"https:\/\/schema.org\",\"@graph\":[{\"@type\":\"WebPage\",\"@id\":\"https:\/\/destilacija.net\/index.php\/direktor\/\",\"url\":\"https:\/\/destilacija.net\/index.php\/direktor\/\",\"name\":\"RIJE\u010c DIREKTORA &#8211; DESTILACIJA TESLI\u0106\",\"isPartOf\":{\"@id\":\"https:\/\/destilacija.net\/#website\"},\"datePublished\":\"2020-12-04T09:45:12+00:00\",\"dateModified\":\"2021-01-05T07:15:43+00:00\",\"breadcrumb\":{\"@id\":\"https:\/\/destilacija.net\/index.php\/direktor\/#breadcrumb\"},\"inLanguage\":\"sr-RS\",\"potentialAction\":[{\"@type\":\"ReadAction\",\"target\":[\"https:\/\/destilacija.net\/index.php\/direktor\/\"]}]},{\"@type\":\"BreadcrumbList\",\"@id\":\"https:\/\/destilacija.net\/index.php\/direktor\/#breadcrumb\",\"itemListElement\":[{\"@type\":\"ListItem\",\"position\":1,\"name\":\"\u041f\u043e\u0447\u0435\u0442\u043d\u0430\",\"item\":\"https:\/\/destilacija.net\/\"},{\"@type\":\"ListItem\",\"position\":2,\"name\":\"RIJE\u010c DIREKTORA\"}]},{\"@type\":\"WebSite\",\"@id\":\"https:\/\/destilacija.net\/#website\",\"url\":\"https:\/\/destilacija.net\/\",\"name\":\"Destilacija Tesli\u0107\",\"description\":\"\",\"publisher\":{\"@id\":\"https:\/\/destilacija.net\/#organization\"},\"potentialAction\":[{\"@type\":\"SearchAction\",\"target\":{\"@type\":\"EntryPoint\",\"urlTemplate\":\"https:\/\/destilacija.net\/?s={search_term_string}\"},\"query-input\":{\"@type\":\"PropertyValueSpecification\",\"valueRequired\":true,\"valueName\":\"search_term_string\"}}],\"inLanguage\":\"sr-RS\"},{\"@type\":\"Organization\",\"@id\":\"https:\/\/destilacija.net\/#organization\",\"name\":\"Destilacija Tesli\u0107\",\"url\":\"https:\/\/destilacija.net\/\",\"logo\":{\"@type\":\"ImageObject\",\"inLanguage\":\"sr-RS\",\"@id\":\"https:\/\/destilacija.net\/#\/schema\/logo\/image\/\",\"url\":\"https:\/\/destilacija.net\/wp-content\/uploads\/2021\/01\/shutterstock_1021177186-Copy.jpg\",\"contentUrl\":\"https:\/\/destilacija.net\/wp-content\/uploads\/2021\/01\/shutterstock_1021177186-Copy.jpg\",\"width\":2558,\"height\":1706,\"caption\":\"Destilacija Tesli\u0107\"},\"image\":{\"@id\":\"https:\/\/destilacija.net\/#\/schema\/logo\/image\/\"}}]}<\/script>\n<!-- \/ Yoast SEO plugin. -->","yoast_head_json":{"title":"RIJE\u010c DIREKTORA &#8211; DESTILACIJA TESLI\u0106","robots":{"index":"index","follow":"follow","max-snippet":"max-snippet:-1","max-image-preview":"max-image-preview:large","max-video-preview":"max-video-preview:-1"},"canonical":"https:\/\/destilacija.net\/index.php\/direktor\/","og_locale":"sr_RS","og_type":"article","og_title":"RIJE\u010c DIREKTORA &#8211; DESTILACIJA TESLI\u0106","og_description":"[vc_row][vc_column width=&#8221;2\/3&#8243;][vc_column_text]Ro\u0111en 01.12.1978. godine u Tesli\u0107u. Osnovnu \u0161kolu zavr\u0161io u Tesli\u0107u, a srednju \u0161kolu i Ekonomski fakultet, smjer finansijski menad\u017ement u Banjoj Luci. Ima polo\u017een ispit za sertifikovanog ra\u010dunovo\u0111u i licencu. U HI \u201eDestilacija\u201d a.d. radi od 2006. godine i obavljao je poslove zamjenika rukovodioca Privredno-ra\u010dunskog sektora, a od 2008. godine je obavljao poslove rukovodioca [&hellip;]","og_url":"https:\/\/destilacija.net\/index.php\/direktor\/","og_site_name":"DESTILACIJA TESLI\u0106","article_modified_time":"2021-01-05T07:15:43+00:00","twitter_card":"summary_large_image","twitter_misc":{"\u041f\u0440\u043e\u0446\u0435\u045a\u0435\u043d\u043e \u0432\u0440\u0435\u043c\u0435 \u0447\u0438\u0442\u0430\u045a\u0430":"2 \u043c\u0438\u043d\u0443\u0442\u0430"},"schema":{"@context":"https:\/\/schema.org","@graph":[{"@type":"WebPage","@id":"https:\/\/destilacija.net\/index.php\/direktor\/","url":"https:\/\/destilacija.net\/index.php\/direktor\/","name":"RIJE\u010c DIREKTORA &#8211; DESTILACIJA TESLI\u0106","isPartOf":{"@id":"https:\/\/destilacija.net\/#website"},"datePublished":"2020-12-04T09:45:12+00:00","dateModified":"2021-01-05T07:15:43+00:00","breadcrumb":{"@id":"https:\/\/destilacija.net\/index.php\/direktor\/#breadcrumb"},"inLanguage":"sr-RS","potentialAction":[{"@type":"ReadAction","target":["https:\/\/destilacija.net\/index.php\/direktor\/"]}]},{"@type":"BreadcrumbList","@id":"https:\/\/destilacija.net\/index.php\/direktor\/#breadcrumb","itemListElement":[{"@type":"ListItem","position":1,"name":"\u041f\u043e\u0447\u0435\u0442\u043d\u0430","item":"https:\/\/destilacija.net\/"},{"@type":"ListItem","position":2,"name":"RIJE\u010c DIREKTORA"}]},{"@type":"WebSite","@id":"https:\/\/destilacija.net\/#website","url":"https:\/\/destilacija.net\/","name":"Destilacija Tesli\u0107","description":"","publisher":{"@id":"https:\/\/destilacija.net\/#organization"},"potentialAction":[{"@type":"SearchAction","target":{"@type":"EntryPoint","urlTemplate":"https:\/\/destilacija.net\/?s={search_term_string}"},"query-input":{"@type":"PropertyValueSpecification","valueRequired":true,"valueName":"search_term_string"}}],"inLanguage":"sr-RS"},{"@type":"Organization","@id":"https:\/\/destilacija.net\/#organization","name":"Destilacija Tesli\u0107","url":"https:\/\/destilacija.net\/","logo":{"@type":"ImageObject","inLanguage":"sr-RS","@id":"https:\/\/destilacija.net\/#\/schema\/logo\/image\/","url":"https:\/\/destilacija.net\/wp-content\/uploads\/2021\/01\/shutterstock_1021177186-Copy.jpg","contentUrl":"https:\/\/destilacija.net\/wp-content\/uploads\/2021\/01\/shutterstock_1021177186-Copy.jpg","width":2558,"height":1706,"caption":"Destilacija Tesli\u0107"},"image":{"@id":"https:\/\/destilacija.net\/#\/schema\/logo\/image\/"}}]}},"_links":{"self":[{"href":"https:\/\/destilacija.net\/index.php\/wp-json\/wp\/v2\/pages\/3371","targetHints":{"allow":["GET"]}}],"collection":[{"href":"https:\/\/destilacija.net\/index.php\/wp-json\/wp\/v2\/pages"}],"about":[{"href":"https:\/\/destilacija.net\/index.php\/wp-json\/wp\/v2\/types\/page"}],"author":[{"embeddable":true,"href":"https:\/\/destilacija.net\/index.php\/wp-json\/wp\/v2\/users\/1"}],"replies":[{"embeddable":true,"href":"https:\/\/destilacija.net\/index.php\/wp-json\/wp\/v2\/comments?post=3371"}],"version-history":[{"count":20,"href":"https:\/\/destilacija.net\/index.php\/wp-json\/wp\/v2\/pages\/3371\/revisions"}],"predecessor-version":[{"id":4114,"href":"https:\/\/destilacija.net\/index.php\/wp-json\/wp\/v2\/pages\/3371\/revisions\/4114"}],"wp:attachment":[{"href":"https:\/\/destilacija.net\/index.php\/wp-json\/wp\/v2\/media?parent=3371"}],"curies":[{"name":"wp","href":"https:\/\/api.w.org\/{rel}","templated":true}]}}