{"id":3399,"date":"2020-12-04T10:10:22","date_gmt":"2020-12-04T10:10:22","guid":{"rendered":"http:\/\/v2.destilacija.net\/?page_id=3399"},"modified":"2026-03-18T21:04:05","modified_gmt":"2026-03-18T21:04:05","slug":"ekoloska-odgovornost-2","status":"publish","type":"page","link":"https:\/\/destilacija.net\/index.php\/ekoloska-odgovornost-2\/","title":{"rendered":"EKOLO\u0160KA ODGOVORNOST"},"content":{"rendered":"<p>[vc_row][vc_column]\t\t\n\t\t\t\t\t\t\t<a href=\"https:\/\/destilacija.net\/wp-content\/uploads\/2020\/12\/environment-2196690_1280-640x300-2.jpg\" class=\"grayscale-wrap fancybox\" >\n\t\t\t\t<img decoding=\"async\" src=\"https:\/\/destilacija.net\/wp-content\/uploads\/2020\/12\/environment-2196690_1280-640x300-2.jpg\" alt=\"\"> \t\t\n\t\t\t<\/a>\n\t\t\n[\/vc_column][\/vc_row][vc_row][vc_column][vc_column_text]Destilacija nastoji da minimizira ekolo\u0161ke uticaje svojih aktivnosti, proizvoda i procesa. Naro\u010dito\u00a0 nam je cilj da smanjimo emitovanje materija u vazduh (aerozaga\u0111enje), da smanjimo upotrebu vode i ispu\u0161tanje otpadnih voda u vodene tokove, tako \u0161to \u0107emo primjeniti ekonomski najcjelishodnije i najbolje tehnologije i tako \u0161to \u0107emo usvojiti princip prevencije zaga\u0111ivanja.<\/p>\n<p>&nbsp;<\/p>\n<p>Destilacija se obavezuje da \u0107e se usaglasiti sa svim zakonskim propisima i industrijskim pravilima pona\u0161anja koji se odnose na na\u0161 ekolo\u0161ki uticaj, i tamo gdje ne postoje propisi, nastojimo da uspostavimo me\u0111unarodne standarde koji \u0107e biti u skladu sa na\u0161im sveukupnim ciljem pobolj\u0161anja korporativnog ekolo\u0161kog u\u010dinka.<\/p>\n<p>Akcionarsko dru\u0161tvo \u201eHI Destilacija Tesli\u0107&#8221; je simbol dugoro\u010dne i uspje\u0161ne saradnje \u010dovjeka i prirode.<\/p>\n<p>&nbsp;<\/p>\n<p>Akcionarsko dru\u0161tvo HI Destilacija Tesli\u0107je simbol dugoro\u010dne i uspje\u0161ne saradnje \u010dovjeka i prirode. Ve\u0107 120 godina uspje\u0161no sara\u0111ujemo s prirodom, po\u0161tovanjem i o\u010duvanjem okoline. Na\u0161i proizvodi su potpuno prirodnog porijekla.<\/p>\n<p>&nbsp;<\/p>\n<p>Osnovna sirovina na\u0161ih proizvoda je drvo. Odgovorno vr\u0161imo nabavku drveta, vode\u0107i ra\u010duna da ne doprinesemo sve \u010de\u0161\u0107oj praksi neodgovorne sje\u010de \u0161uma.<\/p>\n<p>&nbsp;<\/p>\n<p>Investiranje u horizontalne pe\u0107i zaspaljivanje \u010dvrstog otpada, u\u010dinilo je da sav otpad i piljevinu iz proizvodnog procesa ponovo iskoristimo kao energetsko gorivo, a zaga\u0111enje okoline svedemo na minimum.<\/p>\n<p>&nbsp;<\/p>\n<p>Ispunjavamo sve svjetske ekolo\u0161ke standarde, redovno unapre\u0111ujemo tehnolo\u0161ke procese, ali i uslove za rad. Upravljanjem svih vrsta otpada tokom procesa proizvodnje, \u010duvamo prirodu I podi\u017eemo nivo kako kvaliteta proizvoda, tako i \u017eivota potro\u0161a\u010da i dru\u0161tvene zajednice.[\/vc_column_text][\/vc_column][\/vc_row]<\/p>\n","protected":false},"excerpt":{"rendered":"<p>[vc_row][vc_column][\/vc_column][\/vc_row][vc_row][vc_column][vc_column_text]Destilacija nastoji da minimizira ekolo\u0161ke uticaje svojih aktivnosti, proizvoda i procesa. Naro\u010dito\u00a0 nam je cilj da smanjimo emitovanje materija u vazduh (aerozaga\u0111enje), da smanjimo upotrebu vode i ispu\u0161tanje otpadnih voda u vodene tokove, tako \u0161to \u0107emo primjeniti ekonomski najcjelishodnije i najbolje tehnologije i tako \u0161to \u0107emo usvojiti princip prevencije zaga\u0111ivanja. &nbsp; Destilacija se obavezuje da [&hellip;]<\/p>\n","protected":false},"author":1,"featured_media":0,"parent":0,"menu_order":0,"comment_status":"closed","ping_status":"closed","template":"page-templates\/template-fullwidth.php","meta":{"footnotes":""},"class_list":["post-3399","page","type-page","status-publish","hentry"],"yoast_head":"<!-- This site is optimized with the Yoast SEO plugin v27.2 - https:\/\/yoast.com\/product\/yoast-seo-wordpress\/ -->\n<title>EKOLO\u0160KA ODGOVORNOST &#8211; DESTILACIJA TESLI\u0106<\/title>\n<meta name=\"robots\" content=\"index, follow, max-snippet:-1, max-image-preview:large, max-video-preview:-1\" \/>\n<link rel=\"canonical\" href=\"https:\/\/destilacija.net\/index.php\/ekoloska-odgovornost\/\" \/>\n<meta property=\"og:locale\" content=\"sr_RS\" \/>\n<meta property=\"og:type\" content=\"article\" \/>\n<meta property=\"og:title\" content=\"EKOLO\u0160KA ODGOVORNOST &#8211; DESTILACIJA TESLI\u0106\" \/>\n<meta property=\"og:description\" content=\"[vc_row][vc_column][\/vc_column][\/vc_row][vc_row][vc_column][vc_column_text]Destilacija nastoji da minimizira ekolo\u0161ke uticaje svojih aktivnosti, proizvoda i procesa. Naro\u010dito\u00a0 nam je cilj da smanjimo emitovanje materija u vazduh (aerozaga\u0111enje), da smanjimo upotrebu vode i ispu\u0161tanje otpadnih voda u vodene tokove, tako \u0161to \u0107emo primjeniti ekonomski najcjelishodnije i najbolje tehnologije i tako \u0161to \u0107emo usvojiti princip prevencije zaga\u0111ivanja. &nbsp; Destilacija se obavezuje da [&hellip;]\" \/>\n<meta property=\"og:url\" content=\"https:\/\/destilacija.net\/index.php\/ekoloska-odgovornost\/\" \/>\n<meta property=\"og:site_name\" content=\"DESTILACIJA TESLI\u0106\" \/>\n<meta property=\"article:modified_time\" content=\"2026-03-18T21:04:05+00:00\" \/>\n<meta name=\"twitter:card\" content=\"summary_large_image\" \/>\n<meta name=\"twitter:label1\" content=\"\u041f\u0440\u043e\u0446\u0435\u045a\u0435\u043d\u043e \u0432\u0440\u0435\u043c\u0435 \u0447\u0438\u0442\u0430\u045a\u0430\" \/>\n\t<meta name=\"twitter:data1\" content=\"1 \u043c\u0438\u043d\u0443\u0442\" \/>\n<script type=\"application\/ld+json\" class=\"yoast-schema-graph\">{\"@context\":\"https:\/\/schema.org\",\"@graph\":[{\"@type\":\"WebPage\",\"@id\":\"https:\/\/destilacija.net\/index.php\/ekoloska-odgovornost\/\",\"url\":\"https:\/\/destilacija.net\/index.php\/ekoloska-odgovornost\/\",\"name\":\"EKOLO\u0160KA ODGOVORNOST &#8211; DESTILACIJA TESLI\u0106\",\"isPartOf\":{\"@id\":\"https:\/\/destilacija.net\/#website\"},\"datePublished\":\"2020-12-04T10:10:22+00:00\",\"dateModified\":\"2026-03-18T21:04:05+00:00\",\"breadcrumb\":{\"@id\":\"https:\/\/destilacija.net\/index.php\/ekoloska-odgovornost\/#breadcrumb\"},\"inLanguage\":\"sr-RS\",\"potentialAction\":[{\"@type\":\"ReadAction\",\"target\":[\"https:\/\/destilacija.net\/index.php\/ekoloska-odgovornost\/\"]}]},{\"@type\":\"BreadcrumbList\",\"@id\":\"https:\/\/destilacija.net\/index.php\/ekoloska-odgovornost\/#breadcrumb\",\"itemListElement\":[{\"@type\":\"ListItem\",\"position\":1,\"name\":\"\u041f\u043e\u0447\u0435\u0442\u043d\u0430\",\"item\":\"https:\/\/destilacija.net\/\"},{\"@type\":\"ListItem\",\"position\":2,\"name\":\"EKOLO\u0160KA ODGOVORNOST\"}]},{\"@type\":\"WebSite\",\"@id\":\"https:\/\/destilacija.net\/#website\",\"url\":\"https:\/\/destilacija.net\/\",\"name\":\"Destilacija Tesli\u0107\",\"description\":\"\",\"publisher\":{\"@id\":\"https:\/\/destilacija.net\/#organization\"},\"potentialAction\":[{\"@type\":\"SearchAction\",\"target\":{\"@type\":\"EntryPoint\",\"urlTemplate\":\"https:\/\/destilacija.net\/?s={search_term_string}\"},\"query-input\":{\"@type\":\"PropertyValueSpecification\",\"valueRequired\":true,\"valueName\":\"search_term_string\"}}],\"inLanguage\":\"sr-RS\"},{\"@type\":\"Organization\",\"@id\":\"https:\/\/destilacija.net\/#organization\",\"name\":\"Destilacija Tesli\u0107\",\"url\":\"https:\/\/destilacija.net\/\",\"logo\":{\"@type\":\"ImageObject\",\"inLanguage\":\"sr-RS\",\"@id\":\"https:\/\/destilacija.net\/#\/schema\/logo\/image\/\",\"url\":\"https:\/\/destilacija.net\/wp-content\/uploads\/2021\/01\/shutterstock_1021177186-Copy.jpg\",\"contentUrl\":\"https:\/\/destilacija.net\/wp-content\/uploads\/2021\/01\/shutterstock_1021177186-Copy.jpg\",\"width\":2558,\"height\":1706,\"caption\":\"Destilacija Tesli\u0107\"},\"image\":{\"@id\":\"https:\/\/destilacija.net\/#\/schema\/logo\/image\/\"}}]}<\/script>\n<!-- \/ Yoast SEO plugin. -->","yoast_head_json":{"title":"EKOLO\u0160KA ODGOVORNOST &#8211; DESTILACIJA TESLI\u0106","robots":{"index":"index","follow":"follow","max-snippet":"max-snippet:-1","max-image-preview":"max-image-preview:large","max-video-preview":"max-video-preview:-1"},"canonical":"https:\/\/destilacija.net\/index.php\/ekoloska-odgovornost\/","og_locale":"sr_RS","og_type":"article","og_title":"EKOLO\u0160KA ODGOVORNOST &#8211; DESTILACIJA TESLI\u0106","og_description":"[vc_row][vc_column][\/vc_column][\/vc_row][vc_row][vc_column][vc_column_text]Destilacija nastoji da minimizira ekolo\u0161ke uticaje svojih aktivnosti, proizvoda i procesa. Naro\u010dito\u00a0 nam je cilj da smanjimo emitovanje materija u vazduh (aerozaga\u0111enje), da smanjimo upotrebu vode i ispu\u0161tanje otpadnih voda u vodene tokove, tako \u0161to \u0107emo primjeniti ekonomski najcjelishodnije i najbolje tehnologije i tako \u0161to \u0107emo usvojiti princip prevencije zaga\u0111ivanja. &nbsp; Destilacija se obavezuje da [&hellip;]","og_url":"https:\/\/destilacija.net\/index.php\/ekoloska-odgovornost\/","og_site_name":"DESTILACIJA TESLI\u0106","article_modified_time":"2026-03-18T21:04:05+00:00","twitter_card":"summary_large_image","twitter_misc":{"\u041f\u0440\u043e\u0446\u0435\u045a\u0435\u043d\u043e \u0432\u0440\u0435\u043c\u0435 \u0447\u0438\u0442\u0430\u045a\u0430":"1 \u043c\u0438\u043d\u0443\u0442"},"schema":{"@context":"https:\/\/schema.org","@graph":[{"@type":"WebPage","@id":"https:\/\/destilacija.net\/index.php\/ekoloska-odgovornost\/","url":"https:\/\/destilacija.net\/index.php\/ekoloska-odgovornost\/","name":"EKOLO\u0160KA ODGOVORNOST &#8211; DESTILACIJA TESLI\u0106","isPartOf":{"@id":"https:\/\/destilacija.net\/#website"},"datePublished":"2020-12-04T10:10:22+00:00","dateModified":"2026-03-18T21:04:05+00:00","breadcrumb":{"@id":"https:\/\/destilacija.net\/index.php\/ekoloska-odgovornost\/#breadcrumb"},"inLanguage":"sr-RS","potentialAction":[{"@type":"ReadAction","target":["https:\/\/destilacija.net\/index.php\/ekoloska-odgovornost\/"]}]},{"@type":"BreadcrumbList","@id":"https:\/\/destilacija.net\/index.php\/ekoloska-odgovornost\/#breadcrumb","itemListElement":[{"@type":"ListItem","position":1,"name":"\u041f\u043e\u0447\u0435\u0442\u043d\u0430","item":"https:\/\/destilacija.net\/"},{"@type":"ListItem","position":2,"name":"EKOLO\u0160KA ODGOVORNOST"}]},{"@type":"WebSite","@id":"https:\/\/destilacija.net\/#website","url":"https:\/\/destilacija.net\/","name":"Destilacija Tesli\u0107","description":"","publisher":{"@id":"https:\/\/destilacija.net\/#organization"},"potentialAction":[{"@type":"SearchAction","target":{"@type":"EntryPoint","urlTemplate":"https:\/\/destilacija.net\/?s={search_term_string}"},"query-input":{"@type":"PropertyValueSpecification","valueRequired":true,"valueName":"search_term_string"}}],"inLanguage":"sr-RS"},{"@type":"Organization","@id":"https:\/\/destilacija.net\/#organization","name":"Destilacija Tesli\u0107","url":"https:\/\/destilacija.net\/","logo":{"@type":"ImageObject","inLanguage":"sr-RS","@id":"https:\/\/destilacija.net\/#\/schema\/logo\/image\/","url":"https:\/\/destilacija.net\/wp-content\/uploads\/2021\/01\/shutterstock_1021177186-Copy.jpg","contentUrl":"https:\/\/destilacija.net\/wp-content\/uploads\/2021\/01\/shutterstock_1021177186-Copy.jpg","width":2558,"height":1706,"caption":"Destilacija Tesli\u0107"},"image":{"@id":"https:\/\/destilacija.net\/#\/schema\/logo\/image\/"}}]}},"_links":{"self":[{"href":"https:\/\/destilacija.net\/index.php\/wp-json\/wp\/v2\/pages\/3399","targetHints":{"allow":["GET"]}}],"collection":[{"href":"https:\/\/destilacija.net\/index.php\/wp-json\/wp\/v2\/pages"}],"about":[{"href":"https:\/\/destilacija.net\/index.php\/wp-json\/wp\/v2\/types\/page"}],"author":[{"embeddable":true,"href":"https:\/\/destilacija.net\/index.php\/wp-json\/wp\/v2\/users\/1"}],"replies":[{"embeddable":true,"href":"https:\/\/destilacija.net\/index.php\/wp-json\/wp\/v2\/comments?post=3399"}],"version-history":[{"count":12,"href":"https:\/\/destilacija.net\/index.php\/wp-json\/wp\/v2\/pages\/3399\/revisions"}],"predecessor-version":[{"id":4628,"href":"https:\/\/destilacija.net\/index.php\/wp-json\/wp\/v2\/pages\/3399\/revisions\/4628"}],"wp:attachment":[{"href":"https:\/\/destilacija.net\/index.php\/wp-json\/wp\/v2\/media?parent=3399"}],"curies":[{"name":"wp","href":"https:\/\/api.w.org\/{rel}","templated":true}]}}