{"id":3412,"date":"2020-12-04T10:15:53","date_gmt":"2020-12-04T10:15:53","guid":{"rendered":"http:\/\/v2.destilacija.net\/?page_id=3412"},"modified":"2021-01-05T07:19:04","modified_gmt":"2021-01-05T07:19:04","slug":"politika-zastite-zdravlja","status":"publish","type":"page","link":"https:\/\/destilacija.net\/index.php\/politika-zastite-zdravlja\/","title":{"rendered":"POLITIKA ZA\u0160TITE ZDRAVLJA"},"content":{"rendered":"<p>[vc_row][vc_column][vc_column_text el_class=&#8221;lista&#8221;]Destilacija je svjesna svoje va\u017enosti koju ima za\u0161tita zdravlja i bezbjednost na radu za sve zaposlene i zbog toga posve\u0107uje posebnu pa\u017enju razvoju i primjeni efektivnog sistema za\u0161tite zdravlja i bezbjednosti na radu, kao i odgovaraju\u0107ih standarda i praksi za smanjenje rizika povezanih sa poslovnim aktivnostima koje obavlja.<\/p>\n<p>&nbsp;<\/p>\n<p>Rukovodstvo Destilacije i svi zaposleni opredjeljeni su za neprekidno unapre\u0111enje Sistema menad\u017ementa zdravljem i bezbjednosti na radu u skladu sa zahtjevima standarda OHSAS 18001:2007.<\/p>\n<p>&nbsp;<\/p>\n<p>Na\u0161 cilj je obezbijediti odr\u017eivo, zdravo i bezbjedno radno okru\u017eenje i svesti na minimum sve potencijalne rizike sa kojima se suo\u010davaju zaposleni, preduzima\u010di, posjetioci i svi drugi koji mogu da budu izlo\u017eeni uticaju aktivnosti koje organizacija obavlja.<\/p>\n<p>&nbsp;<\/p>\n<p>Posve\u0107ena stvaranju zdravog i bezbjednog radnog okru\u017eenja Destilacija podr\u017eava sljede\u0107e principe za\u0161tite zdravlja na radu:<\/p>\n<ul>\n<li>po\u0161tuje zakone i propise iz oblasti za\u0161tite zdravlja i bezbjednosti na radu,<\/li>\n<li>stalno radi na unapre\u0111enju organizacije rada u cilju sprje\u010davanja nezgoda, incidenata na radu,<\/li>\n<li>identifikuje, procjenjuje i kontroli\u0161e rizike kod poznatih uzoraka povreda i bolesti vezanih za radne procese i okru\u017eenje,<\/li>\n<li>ispituje uzroke povreda i bolesti na poslu i preduzima mjere da bi se sprije\u010dilo njihovo ponavljanje,<\/li>\n<li>kontinualno pobolj\u0161ava perfomanse sistema menad\u017ementa zdravljem i bezbjednosti na radu,<\/li>\n<li>razvija kompetentnost zaposlenih u pogledu za\u0161tite zdravlja i bezbjednosti na radu, kroz efektivnu obuku i liderstvo na svim nivoima unutar organizacije,<\/li>\n<li>uspostavlja efikasnu komunikaciju sa svim zainteresovanim stranama i drugim relevantnim organizacijama u cilju bolje razmjene informacija va\u017enih za za\u0161titu zdravlja i bezbjednosti na radu,<\/li>\n<li>\u010dini dostupnom javnosti na\u0161u Politiku za\u0161tite zdravlja i bezbjednosti na radu.<\/li>\n<\/ul>\n<p>&nbsp;<\/p>\n<p>Ostvarivanjem postavljenih ciljeva neprestano pobolj\u0161avamo radnu efikasnost i finansijski potencijal Destilacije u interesu vlasnika, svih zaposlenih kao i dru\u0161tvene zajednice u cjelini.[\/vc_column_text][\/vc_column][\/vc_row]<\/p>\n","protected":false},"excerpt":{"rendered":"<p>[vc_row][vc_column][vc_column_text el_class=&#8221;lista&#8221;]Destilacija je svjesna svoje va\u017enosti koju ima za\u0161tita zdravlja i bezbjednost na radu za sve zaposlene i zbog toga posve\u0107uje posebnu pa\u017enju razvoju i primjeni efektivnog sistema za\u0161tite zdravlja i bezbjednosti na radu, kao i odgovaraju\u0107ih standarda i praksi za smanjenje rizika povezanih sa poslovnim aktivnostima koje obavlja. &nbsp; Rukovodstvo Destilacije i svi zaposleni [&hellip;]<\/p>\n","protected":false},"author":1,"featured_media":0,"parent":0,"menu_order":0,"comment_status":"closed","ping_status":"closed","template":"page-templates\/template-fullwidth.php","meta":{"footnotes":""},"class_list":["post-3412","page","type-page","status-publish","hentry"],"yoast_head":"<!-- This site is optimized with the Yoast SEO plugin v27.2 - https:\/\/yoast.com\/product\/yoast-seo-wordpress\/ -->\n<title>POLITIKA ZA\u0160TITE ZDRAVLJA &#8211; DESTILACIJA TESLI\u0106<\/title>\n<meta name=\"robots\" content=\"index, follow, max-snippet:-1, max-image-preview:large, max-video-preview:-1\" \/>\n<link rel=\"canonical\" href=\"https:\/\/destilacija.net\/index.php\/politika-zastite-zdravlja\/\" \/>\n<meta property=\"og:locale\" content=\"sr_RS\" \/>\n<meta property=\"og:type\" content=\"article\" \/>\n<meta property=\"og:title\" content=\"POLITIKA ZA\u0160TITE ZDRAVLJA &#8211; DESTILACIJA TESLI\u0106\" \/>\n<meta property=\"og:description\" content=\"[vc_row][vc_column][vc_column_text el_class=&#8221;lista&#8221;]Destilacija je svjesna svoje va\u017enosti koju ima za\u0161tita zdravlja i bezbjednost na radu za sve zaposlene i zbog toga posve\u0107uje posebnu pa\u017enju razvoju i primjeni efektivnog sistema za\u0161tite zdravlja i bezbjednosti na radu, kao i odgovaraju\u0107ih standarda i praksi za smanjenje rizika povezanih sa poslovnim aktivnostima koje obavlja. &nbsp; Rukovodstvo Destilacije i svi zaposleni [&hellip;]\" \/>\n<meta property=\"og:url\" content=\"https:\/\/destilacija.net\/index.php\/politika-zastite-zdravlja\/\" \/>\n<meta property=\"og:site_name\" content=\"DESTILACIJA TESLI\u0106\" \/>\n<meta property=\"article:modified_time\" content=\"2021-01-05T07:19:04+00:00\" \/>\n<meta name=\"twitter:card\" content=\"summary_large_image\" \/>\n<meta name=\"twitter:label1\" content=\"\u041f\u0440\u043e\u0446\u0435\u045a\u0435\u043d\u043e \u0432\u0440\u0435\u043c\u0435 \u0447\u0438\u0442\u0430\u045a\u0430\" \/>\n\t<meta name=\"twitter:data1\" content=\"2 \u043c\u0438\u043d\u0443\u0442\u0430\" \/>\n<script type=\"application\/ld+json\" class=\"yoast-schema-graph\">{\"@context\":\"https:\/\/schema.org\",\"@graph\":[{\"@type\":\"WebPage\",\"@id\":\"https:\/\/destilacija.net\/index.php\/politika-zastite-zdravlja\/\",\"url\":\"https:\/\/destilacija.net\/index.php\/politika-zastite-zdravlja\/\",\"name\":\"POLITIKA ZA\u0160TITE ZDRAVLJA &#8211; DESTILACIJA TESLI\u0106\",\"isPartOf\":{\"@id\":\"https:\/\/destilacija.net\/#website\"},\"datePublished\":\"2020-12-04T10:15:53+00:00\",\"dateModified\":\"2021-01-05T07:19:04+00:00\",\"breadcrumb\":{\"@id\":\"https:\/\/destilacija.net\/index.php\/politika-zastite-zdravlja\/#breadcrumb\"},\"inLanguage\":\"sr-RS\",\"potentialAction\":[{\"@type\":\"ReadAction\",\"target\":[\"https:\/\/destilacija.net\/index.php\/politika-zastite-zdravlja\/\"]}]},{\"@type\":\"BreadcrumbList\",\"@id\":\"https:\/\/destilacija.net\/index.php\/politika-zastite-zdravlja\/#breadcrumb\",\"itemListElement\":[{\"@type\":\"ListItem\",\"position\":1,\"name\":\"\u041f\u043e\u0447\u0435\u0442\u043d\u0430\",\"item\":\"https:\/\/destilacija.net\/\"},{\"@type\":\"ListItem\",\"position\":2,\"name\":\"POLITIKA ZA\u0160TITE ZDRAVLJA\"}]},{\"@type\":\"WebSite\",\"@id\":\"https:\/\/destilacija.net\/#website\",\"url\":\"https:\/\/destilacija.net\/\",\"name\":\"Destilacija Tesli\u0107\",\"description\":\"\",\"publisher\":{\"@id\":\"https:\/\/destilacija.net\/#organization\"},\"potentialAction\":[{\"@type\":\"SearchAction\",\"target\":{\"@type\":\"EntryPoint\",\"urlTemplate\":\"https:\/\/destilacija.net\/?s={search_term_string}\"},\"query-input\":{\"@type\":\"PropertyValueSpecification\",\"valueRequired\":true,\"valueName\":\"search_term_string\"}}],\"inLanguage\":\"sr-RS\"},{\"@type\":\"Organization\",\"@id\":\"https:\/\/destilacija.net\/#organization\",\"name\":\"Destilacija Tesli\u0107\",\"url\":\"https:\/\/destilacija.net\/\",\"logo\":{\"@type\":\"ImageObject\",\"inLanguage\":\"sr-RS\",\"@id\":\"https:\/\/destilacija.net\/#\/schema\/logo\/image\/\",\"url\":\"https:\/\/destilacija.net\/wp-content\/uploads\/2021\/01\/shutterstock_1021177186-Copy.jpg\",\"contentUrl\":\"https:\/\/destilacija.net\/wp-content\/uploads\/2021\/01\/shutterstock_1021177186-Copy.jpg\",\"width\":2558,\"height\":1706,\"caption\":\"Destilacija Tesli\u0107\"},\"image\":{\"@id\":\"https:\/\/destilacija.net\/#\/schema\/logo\/image\/\"}}]}<\/script>\n<!-- \/ Yoast SEO plugin. -->","yoast_head_json":{"title":"POLITIKA ZA\u0160TITE ZDRAVLJA &#8211; DESTILACIJA TESLI\u0106","robots":{"index":"index","follow":"follow","max-snippet":"max-snippet:-1","max-image-preview":"max-image-preview:large","max-video-preview":"max-video-preview:-1"},"canonical":"https:\/\/destilacija.net\/index.php\/politika-zastite-zdravlja\/","og_locale":"sr_RS","og_type":"article","og_title":"POLITIKA ZA\u0160TITE ZDRAVLJA &#8211; DESTILACIJA TESLI\u0106","og_description":"[vc_row][vc_column][vc_column_text el_class=&#8221;lista&#8221;]Destilacija je svjesna svoje va\u017enosti koju ima za\u0161tita zdravlja i bezbjednost na radu za sve zaposlene i zbog toga posve\u0107uje posebnu pa\u017enju razvoju i primjeni efektivnog sistema za\u0161tite zdravlja i bezbjednosti na radu, kao i odgovaraju\u0107ih standarda i praksi za smanjenje rizika povezanih sa poslovnim aktivnostima koje obavlja. &nbsp; Rukovodstvo Destilacije i svi zaposleni [&hellip;]","og_url":"https:\/\/destilacija.net\/index.php\/politika-zastite-zdravlja\/","og_site_name":"DESTILACIJA TESLI\u0106","article_modified_time":"2021-01-05T07:19:04+00:00","twitter_card":"summary_large_image","twitter_misc":{"\u041f\u0440\u043e\u0446\u0435\u045a\u0435\u043d\u043e \u0432\u0440\u0435\u043c\u0435 \u0447\u0438\u0442\u0430\u045a\u0430":"2 \u043c\u0438\u043d\u0443\u0442\u0430"},"schema":{"@context":"https:\/\/schema.org","@graph":[{"@type":"WebPage","@id":"https:\/\/destilacija.net\/index.php\/politika-zastite-zdravlja\/","url":"https:\/\/destilacija.net\/index.php\/politika-zastite-zdravlja\/","name":"POLITIKA ZA\u0160TITE ZDRAVLJA &#8211; DESTILACIJA TESLI\u0106","isPartOf":{"@id":"https:\/\/destilacija.net\/#website"},"datePublished":"2020-12-04T10:15:53+00:00","dateModified":"2021-01-05T07:19:04+00:00","breadcrumb":{"@id":"https:\/\/destilacija.net\/index.php\/politika-zastite-zdravlja\/#breadcrumb"},"inLanguage":"sr-RS","potentialAction":[{"@type":"ReadAction","target":["https:\/\/destilacija.net\/index.php\/politika-zastite-zdravlja\/"]}]},{"@type":"BreadcrumbList","@id":"https:\/\/destilacija.net\/index.php\/politika-zastite-zdravlja\/#breadcrumb","itemListElement":[{"@type":"ListItem","position":1,"name":"\u041f\u043e\u0447\u0435\u0442\u043d\u0430","item":"https:\/\/destilacija.net\/"},{"@type":"ListItem","position":2,"name":"POLITIKA ZA\u0160TITE ZDRAVLJA"}]},{"@type":"WebSite","@id":"https:\/\/destilacija.net\/#website","url":"https:\/\/destilacija.net\/","name":"Destilacija Tesli\u0107","description":"","publisher":{"@id":"https:\/\/destilacija.net\/#organization"},"potentialAction":[{"@type":"SearchAction","target":{"@type":"EntryPoint","urlTemplate":"https:\/\/destilacija.net\/?s={search_term_string}"},"query-input":{"@type":"PropertyValueSpecification","valueRequired":true,"valueName":"search_term_string"}}],"inLanguage":"sr-RS"},{"@type":"Organization","@id":"https:\/\/destilacija.net\/#organization","name":"Destilacija Tesli\u0107","url":"https:\/\/destilacija.net\/","logo":{"@type":"ImageObject","inLanguage":"sr-RS","@id":"https:\/\/destilacija.net\/#\/schema\/logo\/image\/","url":"https:\/\/destilacija.net\/wp-content\/uploads\/2021\/01\/shutterstock_1021177186-Copy.jpg","contentUrl":"https:\/\/destilacija.net\/wp-content\/uploads\/2021\/01\/shutterstock_1021177186-Copy.jpg","width":2558,"height":1706,"caption":"Destilacija Tesli\u0107"},"image":{"@id":"https:\/\/destilacija.net\/#\/schema\/logo\/image\/"}}]}},"_links":{"self":[{"href":"https:\/\/destilacija.net\/index.php\/wp-json\/wp\/v2\/pages\/3412","targetHints":{"allow":["GET"]}}],"collection":[{"href":"https:\/\/destilacija.net\/index.php\/wp-json\/wp\/v2\/pages"}],"about":[{"href":"https:\/\/destilacija.net\/index.php\/wp-json\/wp\/v2\/types\/page"}],"author":[{"embeddable":true,"href":"https:\/\/destilacija.net\/index.php\/wp-json\/wp\/v2\/users\/1"}],"replies":[{"embeddable":true,"href":"https:\/\/destilacija.net\/index.php\/wp-json\/wp\/v2\/comments?post=3412"}],"version-history":[{"count":8,"href":"https:\/\/destilacija.net\/index.php\/wp-json\/wp\/v2\/pages\/3412\/revisions"}],"predecessor-version":[{"id":4203,"href":"https:\/\/destilacija.net\/index.php\/wp-json\/wp\/v2\/pages\/3412\/revisions\/4203"}],"wp:attachment":[{"href":"https:\/\/destilacija.net\/index.php\/wp-json\/wp\/v2\/media?parent=3412"}],"curies":[{"name":"wp","href":"https:\/\/api.w.org\/{rel}","templated":true}]}}