{"id":3415,"date":"2020-12-04T10:16:48","date_gmt":"2020-12-04T10:16:48","guid":{"rendered":"http:\/\/v2.destilacija.net\/?page_id=3415"},"modified":"2020-12-22T09:50:47","modified_gmt":"2020-12-22T09:50:47","slug":"politika-integrisanog-sistema-upravljanja","status":"publish","type":"page","link":"https:\/\/destilacija.net\/index.php\/politika-integrisanog-sistema-upravljanja\/","title":{"rendered":"POLITIKA INTEGRISANOG SISTEMA UPRAVLJANJA"},"content":{"rendered":"<p>[vc_row][vc_column][vc_column_text el_class=&#8221;lista&#8221;]Vrhovni menad\u017ement Destilacija je u potpunosti opredjeljen da preuzima poslove za \u010dije zadovoljavanja postoje adekvatne sposobnosti, po\u0161tuju\u0107i pri tome sve primjenljive nacionalne i me\u0111unarodne standarde.<\/p>\n<p>&nbsp;<\/p>\n<p>Vjerujemo da je na\u010din na koji vodimo poslovanje presudan za na\u0161 uspjeh. Vrhovni menad\u017emet Destilacije je privr\u017een realizaciji proizvoda najvi\u0161eg kvaliteta.<\/p>\n<p>&nbsp;<\/p>\n<p>Radi postizanja ovog cilja, politika Destilacije je da uspostavi efektivan sistem integrisanih standarda u svim apsektima poslovnih aktivnosti. Svaki zaposleni je odgovoran za kvalitet svog rada i obavezan je da se pridr\u017eava dokumentima IMS kao i da izvr\u0161ava zadatke koje mu odredi pretpostavljeni.<\/p>\n<p>&nbsp;<\/p>\n<p>Politika Destilacije je ostvarivanje reputacije u poslovanju, za\u0161titi \u017eivotne sredine, bezbjednosti i zdravlja na radu, sveobuhvatnijom i pa\u017eljivijom saradnjom i pru\u017eanjem kvalitetnijih, br\u017eih i efikasnijih usluga na\u0161im naru\u010diocima\/korisnicima.<\/p>\n<p>&nbsp;<\/p>\n<p>U tom smislu utvr\u0111eni su sljede\u0107i principi politike IMS:<\/p>\n<p>&nbsp;<\/p>\n<ul>\n<li>unapre\u0111enje kvaliteta je osnovni zadatak svih zaposlenih,<\/li>\n<li>o\u010dekivani kvalitet treba da se ostvari sa \u0161to ve\u0107im sni\u017eenjem tro\u0161kova, pove\u0107anjem efikasnosti i produktivnosti \u0161to \u0107e doprinjeti boljem standardu svih zaposlenih,<\/li>\n<li>svi zaposleni treba da \u0161tede resurse i energiju, smanjuju ili elimini\u0161u zaga\u0111enje radne i \u017eivotne sredine i kontrolisano postupanje sa otpadom,<\/li>\n<li>na\u0161i proizvodi kvalitetom, rokom i cijenama treba da budu bolji od konkurenata,\u00a0svi na\u0161i saradnici i dobavlja\u010di moraju da zadovolje politiku na\u0161eg preduze\u0107a,<\/li>\n<li>na\u0161a trajna opredjeljenja su sigurnost objekata i zdrava i bezbjedna radna mjesta koja te\u017ee nultom nivou rizika za zaposlene.<\/li>\n<\/ul>\n<p>&nbsp;<\/p>\n<p>Vrhovni menad\u017ement Destilacije \u0107e osigurati da svi zaposleni u potpunosti primjenjuju Politiku IMS-a i ostvaruju postavljene ciljeve kroz svoj rad.<\/p>\n<p>&nbsp;<\/p>\n<p>Vrhovni menad\u017ement Destilacije \u0107e uvijek dr\u017eati korak sa novom tehnologijom i obezbijediti adekvatnu obuku svih zaposlenih u cilju efikasnog obavljanja radnih zadataka.<\/p>\n<p>&nbsp;<\/p>\n<p>Osnovni cilj IMS-a Destilacije je da obezbjedi trajno ispunjavanje svih zahtjeva standardima ISO 9001:2008, ISO 14001:2004, OHSAS 18001:2007 i HACCP sistemu.[\/vc_column_text][\/vc_column][\/vc_row]<\/p>\n","protected":false},"excerpt":{"rendered":"<p>[vc_row][vc_column][vc_column_text el_class=&#8221;lista&#8221;]Vrhovni menad\u017ement Destilacija je u potpunosti opredjeljen da preuzima poslove za \u010dije zadovoljavanja postoje adekvatne sposobnosti, po\u0161tuju\u0107i pri tome sve primjenljive nacionalne i me\u0111unarodne standarde. &nbsp; Vjerujemo da je na\u010din na koji vodimo poslovanje presudan za na\u0161 uspjeh. Vrhovni menad\u017emet Destilacije je privr\u017een realizaciji proizvoda najvi\u0161eg kvaliteta. &nbsp; Radi postizanja ovog cilja, politika Destilacije [&hellip;]<\/p>\n","protected":false},"author":1,"featured_media":0,"parent":0,"menu_order":0,"comment_status":"closed","ping_status":"closed","template":"page-templates\/template-fullwidth.php","meta":{"footnotes":""},"class_list":["post-3415","page","type-page","status-publish","hentry"],"yoast_head":"<!-- This site is optimized with the Yoast SEO plugin v27.2 - https:\/\/yoast.com\/product\/yoast-seo-wordpress\/ -->\n<title>POLITIKA INTEGRISANOG SISTEMA UPRAVLJANJA &#8211; DESTILACIJA TESLI\u0106<\/title>\n<meta name=\"robots\" content=\"index, follow, max-snippet:-1, max-image-preview:large, max-video-preview:-1\" \/>\n<link rel=\"canonical\" href=\"https:\/\/destilacija.net\/index.php\/politika-integrisanog-sistema-upravljanja\/\" \/>\n<meta property=\"og:locale\" content=\"sr_RS\" \/>\n<meta property=\"og:type\" content=\"article\" \/>\n<meta property=\"og:title\" content=\"POLITIKA INTEGRISANOG SISTEMA UPRAVLJANJA &#8211; DESTILACIJA TESLI\u0106\" \/>\n<meta property=\"og:description\" content=\"[vc_row][vc_column][vc_column_text el_class=&#8221;lista&#8221;]Vrhovni menad\u017ement Destilacija je u potpunosti opredjeljen da preuzima poslove za \u010dije zadovoljavanja postoje adekvatne sposobnosti, po\u0161tuju\u0107i pri tome sve primjenljive nacionalne i me\u0111unarodne standarde. &nbsp; Vjerujemo da je na\u010din na koji vodimo poslovanje presudan za na\u0161 uspjeh. Vrhovni menad\u017emet Destilacije je privr\u017een realizaciji proizvoda najvi\u0161eg kvaliteta. &nbsp; Radi postizanja ovog cilja, politika Destilacije [&hellip;]\" \/>\n<meta property=\"og:url\" content=\"https:\/\/destilacija.net\/index.php\/politika-integrisanog-sistema-upravljanja\/\" \/>\n<meta property=\"og:site_name\" content=\"DESTILACIJA TESLI\u0106\" \/>\n<meta property=\"article:modified_time\" content=\"2020-12-22T09:50:47+00:00\" \/>\n<meta name=\"twitter:card\" content=\"summary_large_image\" \/>\n<meta name=\"twitter:label1\" content=\"\u041f\u0440\u043e\u0446\u0435\u045a\u0435\u043d\u043e \u0432\u0440\u0435\u043c\u0435 \u0447\u0438\u0442\u0430\u045a\u0430\" \/>\n\t<meta name=\"twitter:data1\" content=\"2 \u043c\u0438\u043d\u0443\u0442\u0430\" \/>\n<script type=\"application\/ld+json\" class=\"yoast-schema-graph\">{\"@context\":\"https:\/\/schema.org\",\"@graph\":[{\"@type\":\"WebPage\",\"@id\":\"https:\/\/destilacija.net\/index.php\/politika-integrisanog-sistema-upravljanja\/\",\"url\":\"https:\/\/destilacija.net\/index.php\/politika-integrisanog-sistema-upravljanja\/\",\"name\":\"POLITIKA INTEGRISANOG SISTEMA UPRAVLJANJA &#8211; DESTILACIJA TESLI\u0106\",\"isPartOf\":{\"@id\":\"https:\/\/destilacija.net\/#website\"},\"datePublished\":\"2020-12-04T10:16:48+00:00\",\"dateModified\":\"2020-12-22T09:50:47+00:00\",\"breadcrumb\":{\"@id\":\"https:\/\/destilacija.net\/index.php\/politika-integrisanog-sistema-upravljanja\/#breadcrumb\"},\"inLanguage\":\"sr-RS\",\"potentialAction\":[{\"@type\":\"ReadAction\",\"target\":[\"https:\/\/destilacija.net\/index.php\/politika-integrisanog-sistema-upravljanja\/\"]}]},{\"@type\":\"BreadcrumbList\",\"@id\":\"https:\/\/destilacija.net\/index.php\/politika-integrisanog-sistema-upravljanja\/#breadcrumb\",\"itemListElement\":[{\"@type\":\"ListItem\",\"position\":1,\"name\":\"\u041f\u043e\u0447\u0435\u0442\u043d\u0430\",\"item\":\"https:\/\/destilacija.net\/\"},{\"@type\":\"ListItem\",\"position\":2,\"name\":\"POLITIKA INTEGRISANOG SISTEMA UPRAVLJANJA\"}]},{\"@type\":\"WebSite\",\"@id\":\"https:\/\/destilacija.net\/#website\",\"url\":\"https:\/\/destilacija.net\/\",\"name\":\"Destilacija Tesli\u0107\",\"description\":\"\",\"publisher\":{\"@id\":\"https:\/\/destilacija.net\/#organization\"},\"potentialAction\":[{\"@type\":\"SearchAction\",\"target\":{\"@type\":\"EntryPoint\",\"urlTemplate\":\"https:\/\/destilacija.net\/?s={search_term_string}\"},\"query-input\":{\"@type\":\"PropertyValueSpecification\",\"valueRequired\":true,\"valueName\":\"search_term_string\"}}],\"inLanguage\":\"sr-RS\"},{\"@type\":\"Organization\",\"@id\":\"https:\/\/destilacija.net\/#organization\",\"name\":\"Destilacija Tesli\u0107\",\"url\":\"https:\/\/destilacija.net\/\",\"logo\":{\"@type\":\"ImageObject\",\"inLanguage\":\"sr-RS\",\"@id\":\"https:\/\/destilacija.net\/#\/schema\/logo\/image\/\",\"url\":\"https:\/\/destilacija.net\/wp-content\/uploads\/2021\/01\/shutterstock_1021177186-Copy.jpg\",\"contentUrl\":\"https:\/\/destilacija.net\/wp-content\/uploads\/2021\/01\/shutterstock_1021177186-Copy.jpg\",\"width\":2558,\"height\":1706,\"caption\":\"Destilacija Tesli\u0107\"},\"image\":{\"@id\":\"https:\/\/destilacija.net\/#\/schema\/logo\/image\/\"}}]}<\/script>\n<!-- \/ Yoast SEO plugin. -->","yoast_head_json":{"title":"POLITIKA INTEGRISANOG SISTEMA UPRAVLJANJA &#8211; DESTILACIJA TESLI\u0106","robots":{"index":"index","follow":"follow","max-snippet":"max-snippet:-1","max-image-preview":"max-image-preview:large","max-video-preview":"max-video-preview:-1"},"canonical":"https:\/\/destilacija.net\/index.php\/politika-integrisanog-sistema-upravljanja\/","og_locale":"sr_RS","og_type":"article","og_title":"POLITIKA INTEGRISANOG SISTEMA UPRAVLJANJA &#8211; DESTILACIJA TESLI\u0106","og_description":"[vc_row][vc_column][vc_column_text el_class=&#8221;lista&#8221;]Vrhovni menad\u017ement Destilacija je u potpunosti opredjeljen da preuzima poslove za \u010dije zadovoljavanja postoje adekvatne sposobnosti, po\u0161tuju\u0107i pri tome sve primjenljive nacionalne i me\u0111unarodne standarde. &nbsp; Vjerujemo da je na\u010din na koji vodimo poslovanje presudan za na\u0161 uspjeh. Vrhovni menad\u017emet Destilacije je privr\u017een realizaciji proizvoda najvi\u0161eg kvaliteta. &nbsp; Radi postizanja ovog cilja, politika Destilacije [&hellip;]","og_url":"https:\/\/destilacija.net\/index.php\/politika-integrisanog-sistema-upravljanja\/","og_site_name":"DESTILACIJA TESLI\u0106","article_modified_time":"2020-12-22T09:50:47+00:00","twitter_card":"summary_large_image","twitter_misc":{"\u041f\u0440\u043e\u0446\u0435\u045a\u0435\u043d\u043e \u0432\u0440\u0435\u043c\u0435 \u0447\u0438\u0442\u0430\u045a\u0430":"2 \u043c\u0438\u043d\u0443\u0442\u0430"},"schema":{"@context":"https:\/\/schema.org","@graph":[{"@type":"WebPage","@id":"https:\/\/destilacija.net\/index.php\/politika-integrisanog-sistema-upravljanja\/","url":"https:\/\/destilacija.net\/index.php\/politika-integrisanog-sistema-upravljanja\/","name":"POLITIKA INTEGRISANOG SISTEMA UPRAVLJANJA &#8211; DESTILACIJA TESLI\u0106","isPartOf":{"@id":"https:\/\/destilacija.net\/#website"},"datePublished":"2020-12-04T10:16:48+00:00","dateModified":"2020-12-22T09:50:47+00:00","breadcrumb":{"@id":"https:\/\/destilacija.net\/index.php\/politika-integrisanog-sistema-upravljanja\/#breadcrumb"},"inLanguage":"sr-RS","potentialAction":[{"@type":"ReadAction","target":["https:\/\/destilacija.net\/index.php\/politika-integrisanog-sistema-upravljanja\/"]}]},{"@type":"BreadcrumbList","@id":"https:\/\/destilacija.net\/index.php\/politika-integrisanog-sistema-upravljanja\/#breadcrumb","itemListElement":[{"@type":"ListItem","position":1,"name":"\u041f\u043e\u0447\u0435\u0442\u043d\u0430","item":"https:\/\/destilacija.net\/"},{"@type":"ListItem","position":2,"name":"POLITIKA INTEGRISANOG SISTEMA UPRAVLJANJA"}]},{"@type":"WebSite","@id":"https:\/\/destilacija.net\/#website","url":"https:\/\/destilacija.net\/","name":"Destilacija Tesli\u0107","description":"","publisher":{"@id":"https:\/\/destilacija.net\/#organization"},"potentialAction":[{"@type":"SearchAction","target":{"@type":"EntryPoint","urlTemplate":"https:\/\/destilacija.net\/?s={search_term_string}"},"query-input":{"@type":"PropertyValueSpecification","valueRequired":true,"valueName":"search_term_string"}}],"inLanguage":"sr-RS"},{"@type":"Organization","@id":"https:\/\/destilacija.net\/#organization","name":"Destilacija Tesli\u0107","url":"https:\/\/destilacija.net\/","logo":{"@type":"ImageObject","inLanguage":"sr-RS","@id":"https:\/\/destilacija.net\/#\/schema\/logo\/image\/","url":"https:\/\/destilacija.net\/wp-content\/uploads\/2021\/01\/shutterstock_1021177186-Copy.jpg","contentUrl":"https:\/\/destilacija.net\/wp-content\/uploads\/2021\/01\/shutterstock_1021177186-Copy.jpg","width":2558,"height":1706,"caption":"Destilacija Tesli\u0107"},"image":{"@id":"https:\/\/destilacija.net\/#\/schema\/logo\/image\/"}}]}},"_links":{"self":[{"href":"https:\/\/destilacija.net\/index.php\/wp-json\/wp\/v2\/pages\/3415","targetHints":{"allow":["GET"]}}],"collection":[{"href":"https:\/\/destilacija.net\/index.php\/wp-json\/wp\/v2\/pages"}],"about":[{"href":"https:\/\/destilacija.net\/index.php\/wp-json\/wp\/v2\/types\/page"}],"author":[{"embeddable":true,"href":"https:\/\/destilacija.net\/index.php\/wp-json\/wp\/v2\/users\/1"}],"replies":[{"embeddable":true,"href":"https:\/\/destilacija.net\/index.php\/wp-json\/wp\/v2\/comments?post=3415"}],"version-history":[{"count":6,"href":"https:\/\/destilacija.net\/index.php\/wp-json\/wp\/v2\/pages\/3415\/revisions"}],"predecessor-version":[{"id":3899,"href":"https:\/\/destilacija.net\/index.php\/wp-json\/wp\/v2\/pages\/3415\/revisions\/3899"}],"wp:attachment":[{"href":"https:\/\/destilacija.net\/index.php\/wp-json\/wp\/v2\/media?parent=3415"}],"curies":[{"name":"wp","href":"https:\/\/api.w.org\/{rel}","templated":true}]}}