{"id":3522,"date":"2020-12-04T11:35:07","date_gmt":"2020-12-04T11:35:07","guid":{"rendered":"http:\/\/v2.destilacija.net\/?page_id=3522"},"modified":"2021-01-05T07:16:40","modified_gmt":"2021-01-05T07:16:40","slug":"odbor-za-reviziju","status":"publish","type":"page","link":"https:\/\/destilacija.net\/index.php\/odbor-za-reviziju\/","title":{"rendered":"ODBOR ZA REVIZIJU"},"content":{"rendered":"<p>[vc_row][vc_column width=&#8221;1\/4&#8243;][vc_single_image image=&#8221;3859&#8243;][\/vc_column][vc_column width=&#8221;3\/4&#8243;][vc_column_text]<\/p>\n<h4 style=\"text-align: center;\">Radivoje Vukovi\u0107<\/h4>\n<h5 style=\"text-align: center;\">dipl. ecc, predsjednik<\/h5>\n<p>&nbsp;<\/p>\n<p>&nbsp;<\/p>\n<div class=\"service-details\">Ro\u0111en 01.01.1959. godine u selu Pribini\u0107, op\u0161tina Tesli\u0107. Osnovnu i srednju \u0161kolu zavr\u0161io u Tesli\u0107u. Ekonomski fakultet zavr\u0161io u Sarajevu. U HI \u201eDestilacija\u201d a.d. Tesli\u0107 zaposlen od 1984. godine. Prvo je radio u Sektoru plana i analize, kasnije kao komercijalista, a od 2001. godine je rukovodilac Slu\u017ebe uvoza-izvoza. Trenutno obavlja funkciju pomo\u0107nika direktora za op\u0161te poslove i ekonomska pitanja. Od 2001. do 2005. godine bio je predsjednik Nadzornog odbora HI \u201eDestilacija\u201d a.d. Tesli\u0107, a od 2005. godine \u010dlan Upravnog odbora HI \u201eDestilacija\u201d a.d. Tesli\u0107.<\/div>\n<p>.[\/vc_column_text][\/vc_column][\/vc_row][vc_row][vc_column width=&#8221;1\/4&#8243;][vc_single_image image=&#8221;3862&#8243; img_size=&#8221;full&#8221;][\/vc_column][vc_column width=&#8221;3\/4&#8243;][vc_column_text]<\/p>\n<h4 style=\"text-align: center;\">Gordana Drobnjak<\/h4>\n<h5 style=\"text-align: center;\">CFA, dipl. ecc, \u010dlan<\/h5>\n<p>&nbsp;<\/p>\n<p>&nbsp;<\/p>\n<div class=\"service-details\">\n<div class=\"service-details\">\n<p>Diplomirani ekonomista (Ekonomski fakultet Univerziteta u Beogradu 2006. \u2013 smjer finansije, bankarstvo i osiguranje, prosjek 9,33). Stekla zvanje Chartered Financial Analyst 2012. godine. Zavr\u0161ila studije na London School of Commerce maja 2015. godine i stekla zvanje Master of Business Administration (MBA for Executives). Licencu investicionog menad\u017eera, Komisije za hartije od vrijednosti RS stekla novembra 2007. Lincencu ovla\u0161tenog ra\u010dunovo\u0111e Saveza ra\u010dunovo\u0111a i revizora RS stekla novembra 2015. godine.<\/p>\n<p>&nbsp;<\/p>\n<p>Karijeru je zapo\u010dela 2007. godine u \u201eBalkan Investment Bank&#8221; ad Banja Luka na kastodi i brokerskim poslovima. Od januara 2008. prelazi u \u201eHypo Alpe-Adria Bank&#8221; ad Banja Luka u Odjel investicionog bankarstva kao voditelj pododjela corporate finance do septembra 2010. Do januara 2011. radila na poziciji Vi\u0161eg analiti\u010dara u Odjelu glavnog ekonomste \u201eHypo Alpe-Adria Bank&#8221; ad Banja Luka. Od juna 2009. do januara 2011. obavljala funkciju predsjednika Nadzornog odbora \u201eKristal invest fonda&#8221; ad. Od maja 2009. do septembra 2014. \u010dlan Komisije za kotaciju \u201eBanjalu\u010dke berze&#8221; ad.<\/p>\n<p>&nbsp;<\/p>\n<p>Od po\u010detka poslovanja Dru\u0161tva za upravljanje PREF-om RS ad januara 2011. godine radi kao Izvr\u0161ni direktor za ra\u010dunovodstvo, op\u0161te poslove i razvoj. PREF je trenutno najve\u0107i fond u Republici Srpskoj sa imovinom preko 260 miliona KM i vlasni\u010dkim u\u010de\u0161\u0107em u preko 390 akcionarskih dru\u0161tava.<\/p>\n<\/div>\n<\/div>\n<p>[\/vc_column_text][\/vc_column][\/vc_row][vc_row][vc_column width=&#8221;1\/4&#8243;][vc_single_image image=&#8221;3867&#8243;][\/vc_column][vc_column width=&#8221;3\/4&#8243;][vc_column_text]<\/p>\n<h4 style=\"text-align: center;\">Dra\u017een \u0160krebi\u0107<\/h4>\n<h5 style=\"text-align: center;\">\u00a0\u010dlan<\/h5>\n<p>&nbsp;<\/p>\n<p>&nbsp;<\/p>\n<div class=\"service-details\">\n<div class=\"service-details\">\n<p>Ro\u0111en 20.11.1994. godine. Osnovnu \u0161kolu zavr\u0161io u Tesli\u0107u. Gimnaziju zavr\u0161io tako\u0111e u Tesli\u0107u. Diplomu in\u017eenjera Informacionih tehnologija sti\u010de u Banjoj Luci. Zaposlen u \u201e\u0160krebi\u0107 Company&#8221;.<\/p>\n<p>&nbsp;<\/p>\n<\/div>\n<\/div>\n<p>[\/vc_column_text][\/vc_column][\/vc_row][vc_row][vc_column width=&#8221;1\/4&#8243;][\/vc_column][\/vc_row]<\/p>\n","protected":false},"excerpt":{"rendered":"<p>[vc_row][vc_column width=&#8221;1\/4&#8243;][vc_single_image image=&#8221;3859&#8243;][\/vc_column][vc_column width=&#8221;3\/4&#8243;][vc_column_text] Radivoje Vukovi\u0107 dipl. ecc, predsjednik &nbsp; &nbsp; Ro\u0111en 01.01.1959. godine u selu Pribini\u0107, op\u0161tina Tesli\u0107. Osnovnu i srednju \u0161kolu zavr\u0161io u Tesli\u0107u. Ekonomski fakultet zavr\u0161io u Sarajevu. U HI \u201eDestilacija\u201d a.d. Tesli\u0107 zaposlen od 1984. godine. Prvo je radio u Sektoru plana i analize, kasnije kao komercijalista, a od 2001. godine [&hellip;]<\/p>\n","protected":false},"author":1,"featured_media":0,"parent":0,"menu_order":0,"comment_status":"closed","ping_status":"closed","template":"page-templates\/template-fullwidth.php","meta":{"footnotes":""},"class_list":["post-3522","page","type-page","status-publish","hentry"],"yoast_head":"<!-- This site is optimized with the Yoast SEO plugin v27.2 - https:\/\/yoast.com\/product\/yoast-seo-wordpress\/ -->\n<title>ODBOR ZA REVIZIJU &#8211; DESTILACIJA TESLI\u0106<\/title>\n<meta name=\"robots\" content=\"index, follow, max-snippet:-1, max-image-preview:large, max-video-preview:-1\" \/>\n<link rel=\"canonical\" href=\"https:\/\/destilacija.net\/index.php\/odbor-za-reviziju\/\" \/>\n<meta property=\"og:locale\" content=\"sr_RS\" \/>\n<meta property=\"og:type\" content=\"article\" \/>\n<meta property=\"og:title\" content=\"ODBOR ZA REVIZIJU &#8211; DESTILACIJA TESLI\u0106\" \/>\n<meta property=\"og:description\" content=\"[vc_row][vc_column width=&#8221;1\/4&#8243;][vc_single_image image=&#8221;3859&#8243;][\/vc_column][vc_column width=&#8221;3\/4&#8243;][vc_column_text] Radivoje Vukovi\u0107 dipl. ecc, predsjednik &nbsp; &nbsp; Ro\u0111en 01.01.1959. godine u selu Pribini\u0107, op\u0161tina Tesli\u0107. Osnovnu i srednju \u0161kolu zavr\u0161io u Tesli\u0107u. Ekonomski fakultet zavr\u0161io u Sarajevu. U HI \u201eDestilacija\u201d a.d. Tesli\u0107 zaposlen od 1984. godine. Prvo je radio u Sektoru plana i analize, kasnije kao komercijalista, a od 2001. godine [&hellip;]\" \/>\n<meta property=\"og:url\" content=\"https:\/\/destilacija.net\/index.php\/odbor-za-reviziju\/\" \/>\n<meta property=\"og:site_name\" content=\"DESTILACIJA TESLI\u0106\" \/>\n<meta property=\"article:modified_time\" content=\"2021-01-05T07:16:40+00:00\" \/>\n<meta name=\"twitter:card\" content=\"summary_large_image\" \/>\n<meta name=\"twitter:label1\" content=\"\u041f\u0440\u043e\u0446\u0435\u045a\u0435\u043d\u043e \u0432\u0440\u0435\u043c\u0435 \u0447\u0438\u0442\u0430\u045a\u0430\" \/>\n\t<meta name=\"twitter:data1\" content=\"2 \u043c\u0438\u043d\u0443\u0442\u0430\" \/>\n<script type=\"application\/ld+json\" class=\"yoast-schema-graph\">{\"@context\":\"https:\/\/schema.org\",\"@graph\":[{\"@type\":\"WebPage\",\"@id\":\"https:\/\/destilacija.net\/index.php\/odbor-za-reviziju\/\",\"url\":\"https:\/\/destilacija.net\/index.php\/odbor-za-reviziju\/\",\"name\":\"ODBOR ZA REVIZIJU &#8211; DESTILACIJA TESLI\u0106\",\"isPartOf\":{\"@id\":\"https:\/\/destilacija.net\/#website\"},\"datePublished\":\"2020-12-04T11:35:07+00:00\",\"dateModified\":\"2021-01-05T07:16:40+00:00\",\"breadcrumb\":{\"@id\":\"https:\/\/destilacija.net\/index.php\/odbor-za-reviziju\/#breadcrumb\"},\"inLanguage\":\"sr-RS\",\"potentialAction\":[{\"@type\":\"ReadAction\",\"target\":[\"https:\/\/destilacija.net\/index.php\/odbor-za-reviziju\/\"]}]},{\"@type\":\"BreadcrumbList\",\"@id\":\"https:\/\/destilacija.net\/index.php\/odbor-za-reviziju\/#breadcrumb\",\"itemListElement\":[{\"@type\":\"ListItem\",\"position\":1,\"name\":\"\u041f\u043e\u0447\u0435\u0442\u043d\u0430\",\"item\":\"https:\/\/destilacija.net\/\"},{\"@type\":\"ListItem\",\"position\":2,\"name\":\"ODBOR ZA REVIZIJU\"}]},{\"@type\":\"WebSite\",\"@id\":\"https:\/\/destilacija.net\/#website\",\"url\":\"https:\/\/destilacija.net\/\",\"name\":\"Destilacija Tesli\u0107\",\"description\":\"\",\"publisher\":{\"@id\":\"https:\/\/destilacija.net\/#organization\"},\"potentialAction\":[{\"@type\":\"SearchAction\",\"target\":{\"@type\":\"EntryPoint\",\"urlTemplate\":\"https:\/\/destilacija.net\/?s={search_term_string}\"},\"query-input\":{\"@type\":\"PropertyValueSpecification\",\"valueRequired\":true,\"valueName\":\"search_term_string\"}}],\"inLanguage\":\"sr-RS\"},{\"@type\":\"Organization\",\"@id\":\"https:\/\/destilacija.net\/#organization\",\"name\":\"Destilacija Tesli\u0107\",\"url\":\"https:\/\/destilacija.net\/\",\"logo\":{\"@type\":\"ImageObject\",\"inLanguage\":\"sr-RS\",\"@id\":\"https:\/\/destilacija.net\/#\/schema\/logo\/image\/\",\"url\":\"https:\/\/destilacija.net\/wp-content\/uploads\/2021\/01\/shutterstock_1021177186-Copy.jpg\",\"contentUrl\":\"https:\/\/destilacija.net\/wp-content\/uploads\/2021\/01\/shutterstock_1021177186-Copy.jpg\",\"width\":2558,\"height\":1706,\"caption\":\"Destilacija Tesli\u0107\"},\"image\":{\"@id\":\"https:\/\/destilacija.net\/#\/schema\/logo\/image\/\"}}]}<\/script>\n<!-- \/ Yoast SEO plugin. -->","yoast_head_json":{"title":"ODBOR ZA REVIZIJU &#8211; DESTILACIJA TESLI\u0106","robots":{"index":"index","follow":"follow","max-snippet":"max-snippet:-1","max-image-preview":"max-image-preview:large","max-video-preview":"max-video-preview:-1"},"canonical":"https:\/\/destilacija.net\/index.php\/odbor-za-reviziju\/","og_locale":"sr_RS","og_type":"article","og_title":"ODBOR ZA REVIZIJU &#8211; DESTILACIJA TESLI\u0106","og_description":"[vc_row][vc_column width=&#8221;1\/4&#8243;][vc_single_image image=&#8221;3859&#8243;][\/vc_column][vc_column width=&#8221;3\/4&#8243;][vc_column_text] Radivoje Vukovi\u0107 dipl. ecc, predsjednik &nbsp; &nbsp; Ro\u0111en 01.01.1959. godine u selu Pribini\u0107, op\u0161tina Tesli\u0107. Osnovnu i srednju \u0161kolu zavr\u0161io u Tesli\u0107u. Ekonomski fakultet zavr\u0161io u Sarajevu. U HI \u201eDestilacija\u201d a.d. Tesli\u0107 zaposlen od 1984. godine. Prvo je radio u Sektoru plana i analize, kasnije kao komercijalista, a od 2001. godine [&hellip;]","og_url":"https:\/\/destilacija.net\/index.php\/odbor-za-reviziju\/","og_site_name":"DESTILACIJA TESLI\u0106","article_modified_time":"2021-01-05T07:16:40+00:00","twitter_card":"summary_large_image","twitter_misc":{"\u041f\u0440\u043e\u0446\u0435\u045a\u0435\u043d\u043e \u0432\u0440\u0435\u043c\u0435 \u0447\u0438\u0442\u0430\u045a\u0430":"2 \u043c\u0438\u043d\u0443\u0442\u0430"},"schema":{"@context":"https:\/\/schema.org","@graph":[{"@type":"WebPage","@id":"https:\/\/destilacija.net\/index.php\/odbor-za-reviziju\/","url":"https:\/\/destilacija.net\/index.php\/odbor-za-reviziju\/","name":"ODBOR ZA REVIZIJU &#8211; DESTILACIJA TESLI\u0106","isPartOf":{"@id":"https:\/\/destilacija.net\/#website"},"datePublished":"2020-12-04T11:35:07+00:00","dateModified":"2021-01-05T07:16:40+00:00","breadcrumb":{"@id":"https:\/\/destilacija.net\/index.php\/odbor-za-reviziju\/#breadcrumb"},"inLanguage":"sr-RS","potentialAction":[{"@type":"ReadAction","target":["https:\/\/destilacija.net\/index.php\/odbor-za-reviziju\/"]}]},{"@type":"BreadcrumbList","@id":"https:\/\/destilacija.net\/index.php\/odbor-za-reviziju\/#breadcrumb","itemListElement":[{"@type":"ListItem","position":1,"name":"\u041f\u043e\u0447\u0435\u0442\u043d\u0430","item":"https:\/\/destilacija.net\/"},{"@type":"ListItem","position":2,"name":"ODBOR ZA REVIZIJU"}]},{"@type":"WebSite","@id":"https:\/\/destilacija.net\/#website","url":"https:\/\/destilacija.net\/","name":"Destilacija Tesli\u0107","description":"","publisher":{"@id":"https:\/\/destilacija.net\/#organization"},"potentialAction":[{"@type":"SearchAction","target":{"@type":"EntryPoint","urlTemplate":"https:\/\/destilacija.net\/?s={search_term_string}"},"query-input":{"@type":"PropertyValueSpecification","valueRequired":true,"valueName":"search_term_string"}}],"inLanguage":"sr-RS"},{"@type":"Organization","@id":"https:\/\/destilacija.net\/#organization","name":"Destilacija Tesli\u0107","url":"https:\/\/destilacija.net\/","logo":{"@type":"ImageObject","inLanguage":"sr-RS","@id":"https:\/\/destilacija.net\/#\/schema\/logo\/image\/","url":"https:\/\/destilacija.net\/wp-content\/uploads\/2021\/01\/shutterstock_1021177186-Copy.jpg","contentUrl":"https:\/\/destilacija.net\/wp-content\/uploads\/2021\/01\/shutterstock_1021177186-Copy.jpg","width":2558,"height":1706,"caption":"Destilacija Tesli\u0107"},"image":{"@id":"https:\/\/destilacija.net\/#\/schema\/logo\/image\/"}}]}},"_links":{"self":[{"href":"https:\/\/destilacija.net\/index.php\/wp-json\/wp\/v2\/pages\/3522","targetHints":{"allow":["GET"]}}],"collection":[{"href":"https:\/\/destilacija.net\/index.php\/wp-json\/wp\/v2\/pages"}],"about":[{"href":"https:\/\/destilacija.net\/index.php\/wp-json\/wp\/v2\/types\/page"}],"author":[{"embeddable":true,"href":"https:\/\/destilacija.net\/index.php\/wp-json\/wp\/v2\/users\/1"}],"replies":[{"embeddable":true,"href":"https:\/\/destilacija.net\/index.php\/wp-json\/wp\/v2\/comments?post=3522"}],"version-history":[{"count":13,"href":"https:\/\/destilacija.net\/index.php\/wp-json\/wp\/v2\/pages\/3522\/revisions"}],"predecessor-version":[{"id":4187,"href":"https:\/\/destilacija.net\/index.php\/wp-json\/wp\/v2\/pages\/3522\/revisions\/4187"}],"wp:attachment":[{"href":"https:\/\/destilacija.net\/index.php\/wp-json\/wp\/v2\/media?parent=3522"}],"curies":[{"name":"wp","href":"https:\/\/api.w.org\/{rel}","templated":true}]}}