{"id":3694,"date":"2020-11-25T08:12:27","date_gmt":"2020-11-25T08:12:27","guid":{"rendered":"http:\/\/v2.destilacija.net\/index.php\/sircetna-kiselina\/"},"modified":"2021-02-16T09:37:48","modified_gmt":"2021-02-16T09:37:48","slug":"sircetna-kiselina","status":"publish","type":"page","link":"https:\/\/destilacija.net\/index.php\/sircetna-kiselina\/?lang=de","title":{"rendered":"ESSIG"},"content":{"rendered":"<p>[vc_row fullwidth=&#8221;yes&#8221;][vc_column]\n\t\t\t\t\n\t\t<div class=\"section\">\t\t\t\n\t\t\t<div class=\" split-right\" style=\"background: url('https:\/\/destilacija.net\/wp-content\/uploads\/2020\/12\/80.png') ;\">\n\t\t\t\t\t\t\t\t\n\t\t\t\t\n\t\t\t\t\t\t\t\t\t\t\t\t\t\t\t\t\n\t\t\t<\/div>\n\t\t\t<div class=\"split-right dark-background\" style=\"background-color: #ffffff;\">\n\t\t\t\t\t\t\t\t<div class=\"split-text-wrap\">\n\t\t\t\t\t<div class=\"title-text-center bigger-margin\">\n\t\t\t\t\t\t<h5 style=\"color: #000000;\">Essigs\u00e4ure 80%<\/h5>\n\t\t\t\t\t\t\t\t\t\t\t<\/div>\n\t\t\t\t\t<p style=\"color: #000000;\"><span class=\"VIiyi\" lang=\"en\"><span class=\"JLqJ4b ChMk0b\" data-language-for-alternatives=\"en\" data-language-to-translate-into=\"auto\" data-phrase-index=\"3\">Unsere Essigs\u00e4ure ist ges\u00fcnder und stabiler als synthetisch hergestellt und der Produktionsprozess selbst ist umweltfreundlich. Die hohe Qualit\u00e4t und Stabilit\u00e4t unserer Essigs\u00e4ure gew\u00e4hrleistet eine hohe Marktnachfrage sowohl in Haushalten als Lebensmittelprodukt als auch in Industrieproduzenten nach Weiterverarbeitung. Erf\u00fcllt die Vorschriften der europ\u00e4ischen Norm EN 13189, Qualit\u00e4t f\u00fcr die Verwendung in Lebensmitteln, aber auch die technische Qualit\u00e4t der Verbraucheranforderungen. Sie respektiert auch die Anforderungen der REACH-Richtlinie, die die Umwelt- und Gesundheitsbedingungen von Chemikalien regelt und die es uns erm\u00f6glicht, in L\u00e4nder der Europ\u00e4ischen Union zu exportieren.<\/span><\/span><\/p>\n\t\t\t\t\t\t\t\t\t<\/div>\n\t\t\t<\/div>\n\t\t<\/div>\n\t\n\n\t\t\t\t\n\t\t<div class=\"section\">\t\t\t\n\t\t\t<div class=\" split-left\" style=\"background: url('https:\/\/destilacija.net\/wp-content\/uploads\/2020\/12\/9.png') ;\">\n\t\t\t\t\t\t\t\t\n\t\t\t\t\n\t\t\t\t\t\t\t\t\t\t\t\t\t\t\t\t\n\t\t\t<\/div>\n\t\t\t<div class=\"split-left dark-background\" style=\"background-color: #bfa98c;\">\n\t\t\t\t\t\t\t\t<div class=\"split-text-wrap\">\n\t\t\t\t\t<div class=\"title-text-center bigger-margin\">\n\t\t\t\t\t\t<h5 style=\"color: #ffffff;\">VERD\u00dcNNTE ACETINS\u00c4URE<\/h5>\n\t\t\t\t\t\t<p style=\"color: #ffffff;\">9% KONZENTRATION<\/p>\t\t\t\t\t<\/div>\n\t\t\t\t\t<p style=\"color: #ffffff;\">Essigs\u00e4ure oder Essigs\u00e4ure wird auch durch Trockendestillation von Holz erhalten. Obwohl heute nur 10% der weltweiten Essigs\u00e4ureproduktion biologisch gewonnen werden, besteht unsere Tradition und Mission darin, Produkte nat\u00fcrlichen Ursprungs und auf nat\u00fcrliche Weise zu erhalten, und wir bestehen darauf. Essigs\u00e4ure wird als Lebensmittelprodukt als Gew\u00fcrzzusatz zu Gerichten, aber auch als Konservierungsmittel bei der Herstellung von Gurken, Ajvar und dergleichen verwendet. Unsere 9% ige Essigs\u00e4ure wird am h\u00e4ufigsten in Haushalten verwendet, hat aber auch industrielle Verwendung. Es wird auch oft als Reinigungsmittel verwendet.<\/p>\n\t\t\t\t\t\t\t\t\t<\/div>\n\t\t\t<\/div>\n\t\t<\/div>\n\t\n\n\t\t\t\t\n\t\t<div class=\"section\">\t\t\t\n\t\t\t<div class=\" split-right\" style=\"background: url('https:\/\/destilacija.net\/wp-content\/uploads\/2020\/11\/DSC_3272.png') ;\">\n\t\t\t\t\t\t\t\t\n\t\t\t\t\n\t\t\t\t\t\t\t\t\t\t\t\t\t\t\t\t\n\t\t\t<\/div>\n\t\t\t<div class=\"split-right dark-background\" style=\"background-color: #ffffff;\">\n\t\t\t\t\t\t\t\t<div class=\"split-text-wrap\">\n\t\t\t\t\t<div class=\"title-text-center bigger-margin\">\n\t\t\t\t\t\t<h5 style=\"color: #000000;\">ALKOHOL-ESSIG<\/h5>\n\t\t\t\t\t\t\t\t\t\t\t<\/div>\n\t\t\t\t\t<p style=\"color: #000000;\">Es wird in der Ern\u00e4hrung als Gew\u00fcrz und Konservierungsmittel verwendet. Das perfekte Nahrungserg\u00e4nzungsmittel. Ein ausgezeichnetes Mittel, um alle N\u00e4hrstoffe zu erhalten.<\/p>\n\t\t\t\t\t\t\t\t\t<\/div>\n\t\t\t<\/div>\n\t\t<\/div>\n\t\n\n\t\t\t\t\n\t\t<div class=\"section\">\t\t\t\n\t\t\t<div class=\" split-left\" style=\"background: url('https:\/\/destilacija.net\/wp-content\/uploads\/2020\/11\/DSC_3308.png') ;\">\n\t\t\t\t\t\t\t\t\n\t\t\t\t\n\t\t\t\t\t\t\t\t\t\t\t\t\t\t\t\t\n\t\t\t<\/div>\n\t\t\t<div class=\"split-left dark-background\" style=\"background-color: #bfa98c;\">\n\t\t\t\t\t\t\t\t<div class=\"split-text-wrap\">\n\t\t\t\t\t<div class=\"title-text-center bigger-margin\">\n\t\t\t\t\t\t<h5 style=\"color: #ffffff;\">ESSIGS\u00c4URE<\/h5>\n\t\t\t\t\t\t\t\t\t\t\t<\/div>\n\t\t\t\t\t<p style=\"color: #ffffff;\">Es enth\u00e4lt die meisten f\u00fcr das Wachstum notwendigen Mineralien sowie die Vitamine C, E, A, B1, B2 und B6. als Gew\u00fcrz und Konservierungsmittel verwendet. Das perfekte Nahrungserg\u00e4nzungsmittel. Ein hervorragendes Mittel, um alle N\u00e4hrstoffe zu erhalten. Essigs\u00e4ure oder Essigs\u00e4ure wird auch durch Trockendestillation von Holz erhalten. Obwohl heute nur 10% der weltweiten Essigs\u00e4ureproduktion biologisch gewonnen werden, sind unsere Tradition und Mission Produkte nat\u00fcrlichen Ursprungs. Es ist ges\u00fcnder, stabiler und der Produktionsprozess ist umweltfreundlich. Die hohe Qualit\u00e4t und Langlebigkeit unserer Essigs\u00e4ure gew\u00e4hrleistet eine hohe Marktnachfrage sowohl in Haushalten als Lebensmittelprodukt als auch in Industrieproduzenten nach Weiterverarbeitung.<\/p>\n\t\t\t\t\t\t\t\t\t<\/div>\n\t\t\t<\/div>\n\t\t<\/div>\n\t\n\n\t\t\t\t\n\t\t<div class=\"section\">\t\t\t\n\t\t\t<div class=\" split-right\" style=\"background: url('https:\/\/destilacija.net\/wp-content\/uploads\/2020\/11\/DSC_3242.png') ;\">\n\t\t\t\t\t\t\t\t\n\t\t\t\t\n\t\t\t\t\t\t\t\t\t\t\t\t\t\t\t\t\n\t\t\t<\/div>\n\t\t\t<div class=\"split-right dark-background\" style=\"background-color: #ffffff;\">\n\t\t\t\t\t\t\t\t<div class=\"split-text-wrap\">\n\t\t\t\t\t<div class=\"title-text-center bigger-margin\">\n\t\t\t\t\t\t<h5 style=\"color: #000000;\">GESCHMACK APPLE VINEGAR<\/h5>\n\t\t\t\t\t\t\t\t\t\t\t<\/div>\n\t\t\t\t\t<p style=\"color: #000000;\"><span class=\"fontstyle0\">Ein Apfel am Tag, der Arzt von zu Hause aus! Daher ist unsere Produktpalette mit aromatisiertem Apfelessig aus Wild\u00e4pfeln angereichert. Es enth\u00e4lt die meisten f\u00fcr das Wachstum notwendigen Mineralien sowie die Vitamine C, E, A, B1, B2 und B6. Das reichhaltige Aroma von \u00c4pfeln verleiht ihm einen charakteristischen Geschmack und Geruch und eignet sich hervorragend f\u00fcr alle Arten von Salatdressings. Apfelessig ist nicht nur als Nahrungserg\u00e4nzungsmittel bekannt, sondern auch als Medizin und nat\u00fcrliches Antibiotikum. Es wird angenommen, dass es seit Tausenden von Jahren in der Volksmedizin verwendet wird. Es enth\u00e4lt die meisten f\u00fcr das Wachstum notwendigen Mineralien sowie die Vitamine C, E, A, B1, B2 und B6. In der Ern\u00e4hrung verleiht das reiche Aroma von \u00c4pfeln einen charakteristischen Geschmack und Geruch und eignet sich hervorragend f\u00fcr alle Arten von Salatsaucen.<\/span><\/p>\n\t\t\t\t\t\t\t\t\t<\/div>\n\t\t\t<\/div>\n\t\t<\/div>\n\t\n\n\t\t\t\t\n\t\t<div class=\"section\">\t\t\t\n\t\t\t<div class=\" split-left\" style=\"background: url('https:\/\/destilacija.net\/wp-content\/uploads\/2020\/11\/DSC_3268.png') ;\">\n\t\t\t\t\t\t\t\t\n\t\t\t\t\n\t\t\t\t\t\t\t\t\t\t\t\t\t\t\t\t\n\t\t\t<\/div>\n\t\t\t<div class=\"split-left dark-background\" style=\"background-color: #bfa98c;\">\n\t\t\t\t\t\t\t\t<div class=\"split-text-wrap\">\n\t\t\t\t\t<div class=\"title-text-center bigger-margin\">\n\t\t\t\t\t\t<h5 style=\"color: #ffffff;\">GESCHMACKTER WEIN-ESSIG<\/h5>\n\t\t\t\t\t\t\t\t\t\t\t<\/div>\n\t\t\t\t\t<p style=\"color: #ffffff;\">Unser Weinessig hat einen reichen Geschmack und eine au\u00dfergew\u00f6hnliche Qualit\u00e4t und spricht alle Salate, Getr\u00e4nke, Gerichte, Aufstriche und Saucen an. Weinessig ist \u00e4u\u00dferst gesund und ein starkes Antioxidans. Es ist voll von Kalzium, Kalium, Magnesium, Phosphor, Eisen und Kupfer und ist auch f\u00fcr seine antiseptischen und entz\u00fcndungshemmenden Wirkungen bekannt.<\/p>\n\t\t\t\t\t\t\t\t\t<\/div>\n\t\t\t<\/div>\n\t\t<\/div>\n\t\n\n\t\t\t\t\n\t\t<div class=\"section\">\t\t\t\n\t\t\t<div class=\" split-right\" style=\"background: url('https:\/\/destilacija.net\/wp-content\/uploads\/2020\/12\/aroma.png') ;\">\n\t\t\t\t\t\t\t\t\n\t\t\t\t\n\t\t\t\t\t\t\t\t\t\t\t\t\t\t\t\t\n\t\t\t<\/div>\n\t\t\t<div class=\"split-right dark-background\" style=\"background-color: #ffffff;\">\n\t\t\t\t\t\t\t\t<div class=\"split-text-wrap\">\n\t\t\t\t\t<div class=\"title-text-center bigger-margin\">\n\t\t\t\t\t\t<h5 style=\"color: #000000;\">GESCHMACKTES ESSIG MIT GEW\u00dcRZEN<\/h5>\n\t\t\t\t\t\t\t\t\t\t\t<\/div>\n\t\t\t\t\t<p style=\"color: #000000;\">Bist du auch in der K\u00fcche kreativ? Schwarzer und wei\u00dfer Pfeffer, Primel, Rosmarin, Dill, Majoran, Thymian, Koriander, Nelken, Basilikum und Minze &#8211; es gibt eine gro\u00dfe Auswahl an Gew\u00fcrzen, die Sie sicher verwenden werden. Wenn Sie jedes davon zu einer Nicht-Kamelie oder einem Salat hinzuf\u00fcgen m\u00f6chten, ist unser aromatisierter Essig mit Kr\u00e4utern die richtige L\u00f6sung. Eine Explosion von Gew\u00fcrzaromen, kombiniert mit Essig, macht jedes Ihrer Gerichte authentisch.<\/p>\n\t\t\t\t\t\t\t\t\t<\/div>\n\t\t\t<\/div>\n\t\t<\/div>\n\t\n\n\t\t\t\t\n\t\t<div class=\"section\">\t\t\t\n\t\t\t<div class=\" split-left\" style=\"background: url('https:\/\/destilacija.net\/wp-content\/uploads\/2020\/12\/sdfdgdfgdfg.png') ;\">\n\t\t\t\t\t\t\t\t\n\t\t\t\t\n\t\t\t\t\t\t\t\t\t\t\t\t\t\t\t\t\n\t\t\t<\/div>\n\t\t\t<div class=\"split-left dark-background\" style=\"background-color: #bfa98c;\">\n\t\t\t\t\t\t\t\t<div class=\"split-text-wrap\">\n\t\t\t\t\t<div class=\"title-text-center bigger-margin\">\n\t\t\t\t\t\t<h5 style=\"color: #ffffff;\">GESCHMACKVINEGAR MIT KNOBLAUCH UND ZITRONE<\/h5>\n\t\t\t\t\t\t\t\t\t\t\t<\/div>\n\t\t\t\t\t<p style=\"color: #ffffff;\">Aromatisierter Essig ist ein Produkt, das durch Aromatisieren von alkoholischem Essig mit nat\u00fcrlichen Aromen erhalten wird. Unsere erste Wahl ist das Aroma von Knoblauch und Zitrone. Knoblauch ist an sich eine unverzichtbare Erg\u00e4nzung zu Gerichten. Es ist auch ein medizinisches Lebensmittel und ein nat\u00fcrliches Antibiotikum. Die wahrscheinlich l\u00e4ngste Liste der positiven gesundheitlichen Auswirkungen aller Lebensmittel ist Zitrone. Es erh\u00f6ht die Immunit\u00e4t und sch\u00fctzt vor Bakterien und Viren. In Kombination mit Knoblauch wirkt es Wunder.<\/p>\n\t\t\t\t\t\t\t\t\t<\/div>\n\t\t\t<\/div>\n\t\t<\/div>\n\t\n\n\t\t\t\t\n\t\t<div class=\"section\">\t\t\t\n\t\t\t<div class=\" split-right\" style=\"background: url('https:\/\/destilacija.net\/wp-content\/uploads\/2020\/12\/paprika.png') ;\">\n\t\t\t\t\t\t\t\t\n\t\t\t\t\n\t\t\t\t\t\t\t\t\t\t\t\t\t\t\t\t\n\t\t\t<\/div>\n\t\t\t<div class=\"split-right dark-background\" style=\"background-color: #ffffff;\">\n\t\t\t\t\t\t\t\t<div class=\"split-text-wrap\">\n\t\t\t\t\t<div class=\"title-text-center bigger-margin\">\n\t\t\t\t\t\t<h5 style=\"color: #000000;\">GESCHMACKTES ESSIG MIT PFEFFER<\/h5>\n\t\t\t\t\t\t\t\t\t\t\t<\/div>\n\t\t\t\t\t<p style=\"color: #000000;\">Das beliebteste Gem\u00fcse der Welt ist Paprika. Frisch, gebacken, gekocht, sauer, hei\u00df &#8211; Paprika ist eine unverzichtbare Zutat in jeder K\u00fcche und Di\u00e4t. Der Grund ist sein charakteristischer Geschmack, perfekt als Gew\u00fcrz, deshalb haben wir beschlossen, ein wenig Paprika-Magie in unseren Essig zu gie\u00dfen. Mit Pfeffer, Wacholderbeeren, Koriander, Kreuzk\u00fcmmel und Nelken eignet sich unser Essig perfekt f\u00fcr einen Salat mit etwas anderem Geschmack.<\/p>\n\t\t\t\t\t\t\t\t\t<\/div>\n\t\t\t<\/div>\n\t\t<\/div>\n\t\n[\/vc_column][\/vc_row]<\/p>\n","protected":false},"excerpt":{"rendered":"<p>[vc_row fullwidth=&#8221;yes&#8221;][vc_column][\/vc_column][\/vc_row]<\/p>\n","protected":false},"author":1,"featured_media":4469,"parent":0,"menu_order":0,"comment_status":"closed","ping_status":"closed","template":"page-templates\/template-fullwidth.php","meta":{"footnotes":""},"class_list":["post-3694","page","type-page","status-publish","has-post-thumbnail","hentry"],"yoast_head":"<!-- This site is optimized with the Yoast SEO plugin v27.2 - https:\/\/yoast.com\/product\/yoast-seo-wordpress\/ -->\n<title>ESSIG &#8211; DESTILACIJA TESLI\u0106<\/title>\n<meta name=\"robots\" content=\"index, follow, max-snippet:-1, max-image-preview:large, max-video-preview:-1\" \/>\n<link rel=\"canonical\" href=\"https:\/\/destilacija.net\/index.php\/sircetna-kiselina\/\" \/>\n<meta property=\"og:locale\" content=\"sr_RS\" \/>\n<meta property=\"og:type\" content=\"article\" \/>\n<meta property=\"og:title\" content=\"ESSIG &#8211; DESTILACIJA TESLI\u0106\" \/>\n<meta property=\"og:description\" content=\"[vc_row fullwidth=&#8221;yes&#8221;][vc_column][\/vc_column][\/vc_row]\" \/>\n<meta property=\"og:url\" content=\"https:\/\/destilacija.net\/index.php\/sircetna-kiselina\/?lang=de\" \/>\n<meta property=\"og:site_name\" content=\"DESTILACIJA TESLI\u0106\" \/>\n<meta property=\"article:modified_time\" content=\"2021-02-16T09:37:48+00:00\" \/>\n<meta property=\"og:image\" content=\"https:\/\/destilacija.net\/wp-content\/uploads\/2021\/01\/TeslicTuIm.png\" \/>\n\t<meta property=\"og:image:width\" content=\"1024\" \/>\n\t<meta property=\"og:image:height\" content=\"768\" \/>\n\t<meta property=\"og:image:type\" content=\"image\/png\" \/>\n<meta name=\"twitter:card\" content=\"summary_large_image\" \/>\n<meta name=\"twitter:label1\" content=\"\u041f\u0440\u043e\u0446\u0435\u045a\u0435\u043d\u043e \u0432\u0440\u0435\u043c\u0435 \u0447\u0438\u0442\u0430\u045a\u0430\" \/>\n\t<meta name=\"twitter:data1\" content=\"4 \u043c\u0438\u043d\u0443\u0442\u0430\" \/>\n<script type=\"application\/ld+json\" class=\"yoast-schema-graph\">{\"@context\":\"https:\/\/schema.org\",\"@graph\":[{\"@type\":\"WebPage\",\"@id\":\"https:\/\/destilacija.net\/index.php\/sircetna-kiselina\/?lang=de\",\"url\":\"https:\/\/destilacija.net\/index.php\/sircetna-kiselina\/?lang=de\",\"name\":\"ESSIG &#8211; DESTILACIJA TESLI\u0106\",\"isPartOf\":{\"@id\":\"https:\/\/destilacija.net\/#website\"},\"primaryImageOfPage\":{\"@id\":\"https:\/\/destilacija.net\/index.php\/sircetna-kiselina\/?lang=de#primaryimage\"},\"image\":{\"@id\":\"https:\/\/destilacija.net\/index.php\/sircetna-kiselina\/?lang=de#primaryimage\"},\"thumbnailUrl\":\"https:\/\/destilacija.net\/wp-content\/uploads\/2021\/01\/TeslicTuIm.png\",\"datePublished\":\"2020-11-25T08:12:27+00:00\",\"dateModified\":\"2021-02-16T09:37:48+00:00\",\"breadcrumb\":{\"@id\":\"https:\/\/destilacija.net\/index.php\/sircetna-kiselina\/?lang=de#breadcrumb\"},\"inLanguage\":\"sr-RS\",\"potentialAction\":[{\"@type\":\"ReadAction\",\"target\":[\"https:\/\/destilacija.net\/index.php\/sircetna-kiselina\/?lang=de\"]}]},{\"@type\":\"ImageObject\",\"inLanguage\":\"sr-RS\",\"@id\":\"https:\/\/destilacija.net\/index.php\/sircetna-kiselina\/?lang=de#primaryimage\",\"url\":\"https:\/\/destilacija.net\/wp-content\/uploads\/2021\/01\/TeslicTuIm.png\",\"contentUrl\":\"https:\/\/destilacija.net\/wp-content\/uploads\/2021\/01\/TeslicTuIm.png\",\"width\":1600,\"height\":1200},{\"@type\":\"BreadcrumbList\",\"@id\":\"https:\/\/destilacija.net\/index.php\/sircetna-kiselina\/?lang=de#breadcrumb\",\"itemListElement\":[{\"@type\":\"ListItem\",\"position\":1,\"name\":\"\u041f\u043e\u0447\u0435\u0442\u043d\u0430\",\"item\":\"https:\/\/destilacija.net\/\"},{\"@type\":\"ListItem\",\"position\":2,\"name\":\"ESSIG\"}]},{\"@type\":\"WebSite\",\"@id\":\"https:\/\/destilacija.net\/#website\",\"url\":\"https:\/\/destilacija.net\/\",\"name\":\"Destilacija Tesli\u0107\",\"description\":\"\",\"publisher\":{\"@id\":\"https:\/\/destilacija.net\/#organization\"},\"potentialAction\":[{\"@type\":\"SearchAction\",\"target\":{\"@type\":\"EntryPoint\",\"urlTemplate\":\"https:\/\/destilacija.net\/?s={search_term_string}\"},\"query-input\":{\"@type\":\"PropertyValueSpecification\",\"valueRequired\":true,\"valueName\":\"search_term_string\"}}],\"inLanguage\":\"sr-RS\"},{\"@type\":\"Organization\",\"@id\":\"https:\/\/destilacija.net\/#organization\",\"name\":\"Destilacija Tesli\u0107\",\"url\":\"https:\/\/destilacija.net\/\",\"logo\":{\"@type\":\"ImageObject\",\"inLanguage\":\"sr-RS\",\"@id\":\"https:\/\/destilacija.net\/#\/schema\/logo\/image\/\",\"url\":\"https:\/\/destilacija.net\/wp-content\/uploads\/2021\/01\/shutterstock_1021177186-Copy.jpg\",\"contentUrl\":\"https:\/\/destilacija.net\/wp-content\/uploads\/2021\/01\/shutterstock_1021177186-Copy.jpg\",\"width\":2558,\"height\":1706,\"caption\":\"Destilacija Tesli\u0107\"},\"image\":{\"@id\":\"https:\/\/destilacija.net\/#\/schema\/logo\/image\/\"}}]}<\/script>\n<!-- \/ Yoast SEO plugin. -->","yoast_head_json":{"title":"ESSIG &#8211; DESTILACIJA TESLI\u0106","robots":{"index":"index","follow":"follow","max-snippet":"max-snippet:-1","max-image-preview":"max-image-preview:large","max-video-preview":"max-video-preview:-1"},"canonical":"https:\/\/destilacija.net\/index.php\/sircetna-kiselina\/","og_locale":"sr_RS","og_type":"article","og_title":"ESSIG &#8211; DESTILACIJA TESLI\u0106","og_description":"[vc_row fullwidth=&#8221;yes&#8221;][vc_column][\/vc_column][\/vc_row]","og_url":"https:\/\/destilacija.net\/index.php\/sircetna-kiselina\/?lang=de","og_site_name":"DESTILACIJA TESLI\u0106","article_modified_time":"2021-02-16T09:37:48+00:00","og_image":[{"url":"https:\/\/destilacija.net\/wp-content\/uploads\/2021\/01\/TeslicTuIm.png","width":1024,"height":768,"type":"image\/png"}],"twitter_card":"summary_large_image","twitter_misc":{"\u041f\u0440\u043e\u0446\u0435\u045a\u0435\u043d\u043e \u0432\u0440\u0435\u043c\u0435 \u0447\u0438\u0442\u0430\u045a\u0430":"4 \u043c\u0438\u043d\u0443\u0442\u0430"},"schema":{"@context":"https:\/\/schema.org","@graph":[{"@type":"WebPage","@id":"https:\/\/destilacija.net\/index.php\/sircetna-kiselina\/?lang=de","url":"https:\/\/destilacija.net\/index.php\/sircetna-kiselina\/?lang=de","name":"ESSIG &#8211; DESTILACIJA TESLI\u0106","isPartOf":{"@id":"https:\/\/destilacija.net\/#website"},"primaryImageOfPage":{"@id":"https:\/\/destilacija.net\/index.php\/sircetna-kiselina\/?lang=de#primaryimage"},"image":{"@id":"https:\/\/destilacija.net\/index.php\/sircetna-kiselina\/?lang=de#primaryimage"},"thumbnailUrl":"https:\/\/destilacija.net\/wp-content\/uploads\/2021\/01\/TeslicTuIm.png","datePublished":"2020-11-25T08:12:27+00:00","dateModified":"2021-02-16T09:37:48+00:00","breadcrumb":{"@id":"https:\/\/destilacija.net\/index.php\/sircetna-kiselina\/?lang=de#breadcrumb"},"inLanguage":"sr-RS","potentialAction":[{"@type":"ReadAction","target":["https:\/\/destilacija.net\/index.php\/sircetna-kiselina\/?lang=de"]}]},{"@type":"ImageObject","inLanguage":"sr-RS","@id":"https:\/\/destilacija.net\/index.php\/sircetna-kiselina\/?lang=de#primaryimage","url":"https:\/\/destilacija.net\/wp-content\/uploads\/2021\/01\/TeslicTuIm.png","contentUrl":"https:\/\/destilacija.net\/wp-content\/uploads\/2021\/01\/TeslicTuIm.png","width":1600,"height":1200},{"@type":"BreadcrumbList","@id":"https:\/\/destilacija.net\/index.php\/sircetna-kiselina\/?lang=de#breadcrumb","itemListElement":[{"@type":"ListItem","position":1,"name":"\u041f\u043e\u0447\u0435\u0442\u043d\u0430","item":"https:\/\/destilacija.net\/"},{"@type":"ListItem","position":2,"name":"ESSIG"}]},{"@type":"WebSite","@id":"https:\/\/destilacija.net\/#website","url":"https:\/\/destilacija.net\/","name":"Destilacija Tesli\u0107","description":"","publisher":{"@id":"https:\/\/destilacija.net\/#organization"},"potentialAction":[{"@type":"SearchAction","target":{"@type":"EntryPoint","urlTemplate":"https:\/\/destilacija.net\/?s={search_term_string}"},"query-input":{"@type":"PropertyValueSpecification","valueRequired":true,"valueName":"search_term_string"}}],"inLanguage":"sr-RS"},{"@type":"Organization","@id":"https:\/\/destilacija.net\/#organization","name":"Destilacija Tesli\u0107","url":"https:\/\/destilacija.net\/","logo":{"@type":"ImageObject","inLanguage":"sr-RS","@id":"https:\/\/destilacija.net\/#\/schema\/logo\/image\/","url":"https:\/\/destilacija.net\/wp-content\/uploads\/2021\/01\/shutterstock_1021177186-Copy.jpg","contentUrl":"https:\/\/destilacija.net\/wp-content\/uploads\/2021\/01\/shutterstock_1021177186-Copy.jpg","width":2558,"height":1706,"caption":"Destilacija Tesli\u0107"},"image":{"@id":"https:\/\/destilacija.net\/#\/schema\/logo\/image\/"}}]}},"_links":{"self":[{"href":"https:\/\/destilacija.net\/index.php\/wp-json\/wp\/v2\/pages\/3694","targetHints":{"allow":["GET"]}}],"collection":[{"href":"https:\/\/destilacija.net\/index.php\/wp-json\/wp\/v2\/pages"}],"about":[{"href":"https:\/\/destilacija.net\/index.php\/wp-json\/wp\/v2\/types\/page"}],"author":[{"embeddable":true,"href":"https:\/\/destilacija.net\/index.php\/wp-json\/wp\/v2\/users\/1"}],"replies":[{"embeddable":true,"href":"https:\/\/destilacija.net\/index.php\/wp-json\/wp\/v2\/comments?post=3694"}],"version-history":[{"count":7,"href":"https:\/\/destilacija.net\/index.php\/wp-json\/wp\/v2\/pages\/3694\/revisions"}],"predecessor-version":[{"id":4503,"href":"https:\/\/destilacija.net\/index.php\/wp-json\/wp\/v2\/pages\/3694\/revisions\/4503"}],"wp:featuredmedia":[{"embeddable":true,"href":"https:\/\/destilacija.net\/index.php\/wp-json\/wp\/v2\/media\/4469"}],"wp:attachment":[{"href":"https:\/\/destilacija.net\/index.php\/wp-json\/wp\/v2\/media?parent=3694"}],"curies":[{"name":"wp","href":"https:\/\/api.w.org\/{rel}","templated":true}]}}