{"id":3707,"date":"2020-12-10T09:49:22","date_gmt":"2020-12-10T09:49:22","guid":{"rendered":"http:\/\/v2.destilacija.net\/index.php\/struktura-akcionara\/"},"modified":"2021-01-05T07:36:46","modified_gmt":"2021-01-05T07:36:46","slug":"struktura-akcionara","status":"publish","type":"page","link":"https:\/\/destilacija.net\/index.php\/struktura-akcionara\/?lang=de","title":{"rendered":"AKTION\u00c4RSSTRUKTUR"},"content":{"rendered":"<p>[vc_row][vc_column][vc_column_text]<span class=\"VIiyi\" lang=\"de\"><span class=\"JLqJ4b ChMk0b\" data-language-for-alternatives=\"de\" data-language-to-translate-into=\"auto\" data-phrase-index=\"0\">Nach Angaben des Central Securities Depository vom <span id=\"ctl00_ctl00_Content_MainContent_labAkcionariDatum\">17.12.2020.<\/span><\/span> <span class=\"JLqJ4b ChMk0b\" data-language-for-alternatives=\"de\" data-language-to-translate-into=\"auto\" data-phrase-index=\"1\">Jahr sind die zehn gr\u00f6\u00dften Aktion\u00e4re:<\/span><\/span><\/p>\n<p>&nbsp;<\/p>\n<table width=\"79%\">\n<tbody>\n<tr>\n<td><a href=\"https:\/\/www.blberza.com\/pages\/SecurityList.aspx?sh=%c5%a0KREBI%c4%86+DRA%c5%bdEN\">\u0160KREBI\u0106 DRA\u017dEN<\/a><\/td>\n<td>11,665277 %<\/td>\n<\/tr>\n<tr>\n<td><a href=\"https:\/\/www.blberza.com\/pages\/SecurityList.aspx?sh=%c5%a0KREBI%c4%86+MLADEN\">\u0160KREBI\u0106 MLADEN<\/a><\/td>\n<td>11,589731 %<\/td>\n<\/tr>\n<tr>\n<td><a href=\"https:\/\/www.blberza.com\/pages\/SecurityList.aspx?sh=TRIVI%c4%86+SA%c5%a0A\">TRIVI\u0106 SA\u0160A<\/a><\/td>\n<td>11,181119 %<\/td>\n<\/tr>\n<tr>\n<td><a href=\"https:\/\/www.blberza.com\/pages\/SecurityList.aspx?sh=PREF+AD+BANJA+LUKA\">PREF AD BANJA LUKA<\/a><\/td>\n<td>7,713552 %<\/td>\n<\/tr>\n<tr>\n<td><a href=\"https:\/\/www.blberza.com\/pages\/SecurityList.aspx?sh=%c5%a0KREBI%c4%86+GORAN\">\u0160KREBI\u0106 GORAN<\/a><\/td>\n<td>7,399634 %<\/td>\n<\/tr>\n<tr>\n<td><a href=\"https:\/\/www.blberza.com\/pages\/SecurityList.aspx?sh=ZIF+PROF-PLUS+DD+SARAJEVO\">ZIF PROF-PLUS DD SARAJEVO<\/a><\/td>\n<td>5,724725 %<\/td>\n<\/tr>\n<tr>\n<td><a href=\"https:\/\/www.blberza.com\/pages\/SecurityList.aspx?sh=%c5%a0KREBI%c4%86+ZORAN\">\u0160KREBI\u0106 ZORAN<\/a><\/td>\n<td>4,488650 %<\/td>\n<\/tr>\n<tr>\n<td><a href=\"https:\/\/www.blberza.com\/pages\/SecurityList.aspx?sh=VUKOVI%c4%86+RADIVOJE\">VUKOVI\u0106 RADIVOJE<\/a><\/td>\n<td>4,459535 %<\/td>\n<\/tr>\n<tr>\n<td><a href=\"https:\/\/www.blberza.com\/pages\/SecurityList.aspx?sh=MARKO%c4%8cEVI%c4%86+DARIO\">MARKO\u010cEVI\u0106 DARIO<\/a><\/td>\n<td>3,983953 %<\/td>\n<\/tr>\n<\/tbody>\n<\/table>\n<p>[\/vc_column_text][\/vc_column][\/vc_row]<\/p>\n","protected":false},"excerpt":{"rendered":"<p>[vc_row][vc_column][vc_column_text]Nach Angaben des Central Securities Depository vom 17.12.2020. Jahr sind die zehn gr\u00f6\u00dften Aktion\u00e4re: &nbsp; \u0160KREBI\u0106 DRA\u017dEN 11,665277 % \u0160KREBI\u0106 MLADEN 11,589731 % TRIVI\u0106 SA\u0160A 11,181119 % PREF AD BANJA LUKA 7,713552 % \u0160KREBI\u0106 GORAN 7,399634 % ZIF PROF-PLUS DD SARAJEVO 5,724725 % \u0160KREBI\u0106 ZORAN 4,488650 % VUKOVI\u0106 RADIVOJE 4,459535 % MARKO\u010cEVI\u0106 DARIO 3,983953 % [&hellip;]<\/p>\n","protected":false},"author":1,"featured_media":0,"parent":0,"menu_order":0,"comment_status":"closed","ping_status":"closed","template":"page-templates\/template-fullwidth.php","meta":{"footnotes":""},"class_list":["post-3707","page","type-page","status-publish","hentry"],"yoast_head":"<!-- This site is optimized with the Yoast SEO plugin v27.2 - https:\/\/yoast.com\/product\/yoast-seo-wordpress\/ -->\n<title>AKTION\u00c4RSSTRUKTUR &#8211; DESTILACIJA TESLI\u0106<\/title>\n<meta name=\"robots\" content=\"index, follow, max-snippet:-1, max-image-preview:large, max-video-preview:-1\" \/>\n<link rel=\"canonical\" href=\"https:\/\/destilacija.net\/index.php\/struktura-akcionara\/\" \/>\n<meta property=\"og:locale\" content=\"sr_RS\" \/>\n<meta property=\"og:type\" content=\"article\" \/>\n<meta property=\"og:title\" content=\"AKTION\u00c4RSSTRUKTUR &#8211; DESTILACIJA TESLI\u0106\" \/>\n<meta property=\"og:description\" content=\"[vc_row][vc_column][vc_column_text]Nach Angaben des Central Securities Depository vom 17.12.2020. Jahr sind die zehn gr\u00f6\u00dften Aktion\u00e4re: &nbsp; \u0160KREBI\u0106 DRA\u017dEN 11,665277 % \u0160KREBI\u0106 MLADEN 11,589731 % TRIVI\u0106 SA\u0160A 11,181119 % PREF AD BANJA LUKA 7,713552 % \u0160KREBI\u0106 GORAN 7,399634 % ZIF PROF-PLUS DD SARAJEVO 5,724725 % \u0160KREBI\u0106 ZORAN 4,488650 % VUKOVI\u0106 RADIVOJE 4,459535 % MARKO\u010cEVI\u0106 DARIO 3,983953 % [&hellip;]\" \/>\n<meta property=\"og:url\" content=\"https:\/\/destilacija.net\/index.php\/struktura-akcionara\/?lang=de\" \/>\n<meta property=\"og:site_name\" content=\"DESTILACIJA TESLI\u0106\" \/>\n<meta property=\"article:modified_time\" content=\"2021-01-05T07:36:46+00:00\" \/>\n<meta name=\"twitter:card\" content=\"summary_large_image\" \/>\n<script type=\"application\/ld+json\" class=\"yoast-schema-graph\">{\"@context\":\"https:\/\/schema.org\",\"@graph\":[{\"@type\":\"WebPage\",\"@id\":\"https:\/\/destilacija.net\/index.php\/struktura-akcionara\/?lang=de\",\"url\":\"https:\/\/destilacija.net\/index.php\/struktura-akcionara\/?lang=de\",\"name\":\"AKTION\u00c4RSSTRUKTUR &#8211; DESTILACIJA TESLI\u0106\",\"isPartOf\":{\"@id\":\"https:\/\/destilacija.net\/#website\"},\"datePublished\":\"2020-12-10T09:49:22+00:00\",\"dateModified\":\"2021-01-05T07:36:46+00:00\",\"breadcrumb\":{\"@id\":\"https:\/\/destilacija.net\/index.php\/struktura-akcionara\/?lang=de#breadcrumb\"},\"inLanguage\":\"sr-RS\",\"potentialAction\":[{\"@type\":\"ReadAction\",\"target\":[\"https:\/\/destilacija.net\/index.php\/struktura-akcionara\/?lang=de\"]}]},{\"@type\":\"BreadcrumbList\",\"@id\":\"https:\/\/destilacija.net\/index.php\/struktura-akcionara\/?lang=de#breadcrumb\",\"itemListElement\":[{\"@type\":\"ListItem\",\"position\":1,\"name\":\"\u041f\u043e\u0447\u0435\u0442\u043d\u0430\",\"item\":\"https:\/\/destilacija.net\/\"},{\"@type\":\"ListItem\",\"position\":2,\"name\":\"AKTION\u00c4RSSTRUKTUR\"}]},{\"@type\":\"WebSite\",\"@id\":\"https:\/\/destilacija.net\/#website\",\"url\":\"https:\/\/destilacija.net\/\",\"name\":\"Destilacija Tesli\u0107\",\"description\":\"\",\"publisher\":{\"@id\":\"https:\/\/destilacija.net\/#organization\"},\"potentialAction\":[{\"@type\":\"SearchAction\",\"target\":{\"@type\":\"EntryPoint\",\"urlTemplate\":\"https:\/\/destilacija.net\/?s={search_term_string}\"},\"query-input\":{\"@type\":\"PropertyValueSpecification\",\"valueRequired\":true,\"valueName\":\"search_term_string\"}}],\"inLanguage\":\"sr-RS\"},{\"@type\":\"Organization\",\"@id\":\"https:\/\/destilacija.net\/#organization\",\"name\":\"Destilacija Tesli\u0107\",\"url\":\"https:\/\/destilacija.net\/\",\"logo\":{\"@type\":\"ImageObject\",\"inLanguage\":\"sr-RS\",\"@id\":\"https:\/\/destilacija.net\/#\/schema\/logo\/image\/\",\"url\":\"https:\/\/destilacija.net\/wp-content\/uploads\/2021\/01\/shutterstock_1021177186-Copy.jpg\",\"contentUrl\":\"https:\/\/destilacija.net\/wp-content\/uploads\/2021\/01\/shutterstock_1021177186-Copy.jpg\",\"width\":2558,\"height\":1706,\"caption\":\"Destilacija Tesli\u0107\"},\"image\":{\"@id\":\"https:\/\/destilacija.net\/#\/schema\/logo\/image\/\"}}]}<\/script>\n<!-- \/ Yoast SEO plugin. -->","yoast_head_json":{"title":"AKTION\u00c4RSSTRUKTUR &#8211; DESTILACIJA TESLI\u0106","robots":{"index":"index","follow":"follow","max-snippet":"max-snippet:-1","max-image-preview":"max-image-preview:large","max-video-preview":"max-video-preview:-1"},"canonical":"https:\/\/destilacija.net\/index.php\/struktura-akcionara\/","og_locale":"sr_RS","og_type":"article","og_title":"AKTION\u00c4RSSTRUKTUR &#8211; DESTILACIJA TESLI\u0106","og_description":"[vc_row][vc_column][vc_column_text]Nach Angaben des Central Securities Depository vom 17.12.2020. Jahr sind die zehn gr\u00f6\u00dften Aktion\u00e4re: &nbsp; \u0160KREBI\u0106 DRA\u017dEN 11,665277 % \u0160KREBI\u0106 MLADEN 11,589731 % TRIVI\u0106 SA\u0160A 11,181119 % PREF AD BANJA LUKA 7,713552 % \u0160KREBI\u0106 GORAN 7,399634 % ZIF PROF-PLUS DD SARAJEVO 5,724725 % \u0160KREBI\u0106 ZORAN 4,488650 % VUKOVI\u0106 RADIVOJE 4,459535 % MARKO\u010cEVI\u0106 DARIO 3,983953 % [&hellip;]","og_url":"https:\/\/destilacija.net\/index.php\/struktura-akcionara\/?lang=de","og_site_name":"DESTILACIJA TESLI\u0106","article_modified_time":"2021-01-05T07:36:46+00:00","twitter_card":"summary_large_image","schema":{"@context":"https:\/\/schema.org","@graph":[{"@type":"WebPage","@id":"https:\/\/destilacija.net\/index.php\/struktura-akcionara\/?lang=de","url":"https:\/\/destilacija.net\/index.php\/struktura-akcionara\/?lang=de","name":"AKTION\u00c4RSSTRUKTUR &#8211; DESTILACIJA TESLI\u0106","isPartOf":{"@id":"https:\/\/destilacija.net\/#website"},"datePublished":"2020-12-10T09:49:22+00:00","dateModified":"2021-01-05T07:36:46+00:00","breadcrumb":{"@id":"https:\/\/destilacija.net\/index.php\/struktura-akcionara\/?lang=de#breadcrumb"},"inLanguage":"sr-RS","potentialAction":[{"@type":"ReadAction","target":["https:\/\/destilacija.net\/index.php\/struktura-akcionara\/?lang=de"]}]},{"@type":"BreadcrumbList","@id":"https:\/\/destilacija.net\/index.php\/struktura-akcionara\/?lang=de#breadcrumb","itemListElement":[{"@type":"ListItem","position":1,"name":"\u041f\u043e\u0447\u0435\u0442\u043d\u0430","item":"https:\/\/destilacija.net\/"},{"@type":"ListItem","position":2,"name":"AKTION\u00c4RSSTRUKTUR"}]},{"@type":"WebSite","@id":"https:\/\/destilacija.net\/#website","url":"https:\/\/destilacija.net\/","name":"Destilacija Tesli\u0107","description":"","publisher":{"@id":"https:\/\/destilacija.net\/#organization"},"potentialAction":[{"@type":"SearchAction","target":{"@type":"EntryPoint","urlTemplate":"https:\/\/destilacija.net\/?s={search_term_string}"},"query-input":{"@type":"PropertyValueSpecification","valueRequired":true,"valueName":"search_term_string"}}],"inLanguage":"sr-RS"},{"@type":"Organization","@id":"https:\/\/destilacija.net\/#organization","name":"Destilacija Tesli\u0107","url":"https:\/\/destilacija.net\/","logo":{"@type":"ImageObject","inLanguage":"sr-RS","@id":"https:\/\/destilacija.net\/#\/schema\/logo\/image\/","url":"https:\/\/destilacija.net\/wp-content\/uploads\/2021\/01\/shutterstock_1021177186-Copy.jpg","contentUrl":"https:\/\/destilacija.net\/wp-content\/uploads\/2021\/01\/shutterstock_1021177186-Copy.jpg","width":2558,"height":1706,"caption":"Destilacija Tesli\u0107"},"image":{"@id":"https:\/\/destilacija.net\/#\/schema\/logo\/image\/"}}]}},"_links":{"self":[{"href":"https:\/\/destilacija.net\/index.php\/wp-json\/wp\/v2\/pages\/3707","targetHints":{"allow":["GET"]}}],"collection":[{"href":"https:\/\/destilacija.net\/index.php\/wp-json\/wp\/v2\/pages"}],"about":[{"href":"https:\/\/destilacija.net\/index.php\/wp-json\/wp\/v2\/types\/page"}],"author":[{"embeddable":true,"href":"https:\/\/destilacija.net\/index.php\/wp-json\/wp\/v2\/users\/1"}],"replies":[{"embeddable":true,"href":"https:\/\/destilacija.net\/index.php\/wp-json\/wp\/v2\/comments?post=3707"}],"version-history":[{"count":4,"href":"https:\/\/destilacija.net\/index.php\/wp-json\/wp\/v2\/pages\/3707\/revisions"}],"predecessor-version":[{"id":4133,"href":"https:\/\/destilacija.net\/index.php\/wp-json\/wp\/v2\/pages\/3707\/revisions\/4133"}],"wp:attachment":[{"href":"https:\/\/destilacija.net\/index.php\/wp-json\/wp\/v2\/media?parent=3707"}],"curies":[{"name":"wp","href":"https:\/\/api.w.org\/{rel}","templated":true}]}}