{"id":3719,"date":"2020-12-04T10:15:53","date_gmt":"2020-12-04T10:15:53","guid":{"rendered":"http:\/\/v2.destilacija.net\/index.php\/politika-zastite-zdravlja\/"},"modified":"2021-01-05T07:37:02","modified_gmt":"2021-01-05T07:37:02","slug":"politika-zastite-zdravlja","status":"publish","type":"page","link":"https:\/\/destilacija.net\/index.php\/politika-zastite-zdravlja\/?lang=de","title":{"rendered":"GESUNDHEITSPOLITIK"},"content":{"rendered":"<p>[vc_row][vc_column][vc_column_text el_class=&#8221;lista&#8221;]Die Destillation ist sich der Bedeutung von Gesundheit und Sicherheit am Arbeitsplatz f\u00fcr alle Mitarbeiter bewusst und legt daher besonderes Augenmerk auf die Entwicklung und Implementierung eines wirksamen Systems f\u00fcr Gesundheit und Sicherheit am Arbeitsplatz sowie auf geeignete Standards und Praktiken zur Verringerung der mit Gesch\u00e4ftsaktivit\u00e4ten verbundenen Risiken.<\/p>\n<p>&nbsp;<\/p>\n<p>Das Destillationsmanagement und alle Mitarbeiter verpflichten sich zur kontinuierlichen Verbesserung des Arbeitsschutzmanagementsystems gem\u00e4\u00df den Anforderungen der Norm OHSAS 18001: 2007.<\/p>\n<p>&nbsp;<\/p>\n<p>Unser Ziel ist es, ein nachhaltiges, gesundes und sicheres Arbeitsumfeld zu schaffen und alle potenziellen Risiken f\u00fcr Mitarbeiter, Unternehmer, Besucher und alle anderen Personen, die den von der Organisation durchgef\u00fchrten Aktivit\u00e4ten ausgesetzt sind, zu minimieren.<\/p>\n<p>&nbsp;<\/p>\n<p>Der Schaffung eines gesunden und sicheren Arbeitsumfelds verpflichtet Die Destillation unterst\u00fctzt die folgenden Grunds\u00e4tze der Gesundheit am Arbeitsplatz:<\/p>\n<p>&nbsp;<\/p>\n<ul>\n<li>die Gesetze und Vorschriften im Bereich Gesundheit und Sicherheit am Arbeitsplatz einh\u00e4lt,<\/li>\n<li>arbeitet st\u00e4ndig an der Verbesserung der Arbeitsorganisation, um Unf\u00e4lle und Zwischenf\u00e4lle bei der Arbeit zu vermeiden,<\/li>\n<li>identifiziert, bewertet und kontrolliert Risiken in bekannten Mustern von Verletzungen und Krankheiten im Zusammenhang mit Arbeitsprozessen und der Umwelt;<\/li>\n<li>untersucht die Ursachen von Verletzungen und Krankheiten bei der Arbeit und ergreift Ma\u00dfnahmen, um deren Wiederauftreten zu verhindern,<\/li>\n<li>verbessert kontinuierlich die Leistung des Gesundheits- und Sicherheitsmanagementsystems bei der Arbeit,<\/li>\n<li>entwickelt die Kompetenz der Mitarbeiter in Bezug auf Gesundheit und Sicherheit am Arbeitsplatz durch effektive Schulung und F\u00fchrung auf allen Ebenen innerhalb der Organisation;<\/li>\n<li>eine effektive Kommunikation mit allen Beteiligten und anderen relevanten Organisationen herstellt, um Informationen, die f\u00fcr den Schutz von Gesundheit und Sicherheit am Arbeitsplatz wichtig sind, besser auszutauschen;<\/li>\n<li>stellt unsere Arbeitsschutzrichtlinie der \u00d6ffentlichkeit zur Verf\u00fcgung.<\/li>\n<\/ul>\n<p>&nbsp;<\/p>\n<p>Durch das Erreichen der gesetzten Ziele verbessern wir st\u00e4ndig die Arbeitseffizienz und das finanzielle Potenzial von Destillation im Interesse der Eigent\u00fcmer, aller Mitarbeiter und der gesamten Gemeinschaft.[\/vc_column_text][\/vc_column][\/vc_row]<\/p>\n","protected":false},"excerpt":{"rendered":"<p>[vc_row][vc_column][vc_column_text el_class=&#8221;lista&#8221;]Die Destillation ist sich der Bedeutung von Gesundheit und Sicherheit am Arbeitsplatz f\u00fcr alle Mitarbeiter bewusst und legt daher besonderes Augenmerk auf die Entwicklung und Implementierung eines wirksamen Systems f\u00fcr Gesundheit und Sicherheit am Arbeitsplatz sowie auf geeignete Standards und Praktiken zur Verringerung der mit Gesch\u00e4ftsaktivit\u00e4ten verbundenen Risiken. &nbsp; Das Destillationsmanagement und alle Mitarbeiter [&hellip;]<\/p>\n","protected":false},"author":1,"featured_media":0,"parent":0,"menu_order":0,"comment_status":"closed","ping_status":"closed","template":"page-templates\/template-fullwidth.php","meta":{"footnotes":""},"class_list":["post-3719","page","type-page","status-publish","hentry"],"yoast_head":"<!-- This site is optimized with the Yoast SEO plugin v27.2 - https:\/\/yoast.com\/product\/yoast-seo-wordpress\/ -->\n<title>GESUNDHEITSPOLITIK &#8211; DESTILACIJA TESLI\u0106<\/title>\n<meta name=\"robots\" content=\"index, follow, max-snippet:-1, max-image-preview:large, max-video-preview:-1\" \/>\n<link rel=\"canonical\" href=\"https:\/\/destilacija.net\/index.php\/politika-zastite-zdravlja\/\" \/>\n<meta property=\"og:locale\" content=\"sr_RS\" \/>\n<meta property=\"og:type\" content=\"article\" \/>\n<meta property=\"og:title\" content=\"GESUNDHEITSPOLITIK &#8211; DESTILACIJA TESLI\u0106\" \/>\n<meta property=\"og:description\" content=\"[vc_row][vc_column][vc_column_text el_class=&#8221;lista&#8221;]Die Destillation ist sich der Bedeutung von Gesundheit und Sicherheit am Arbeitsplatz f\u00fcr alle Mitarbeiter bewusst und legt daher besonderes Augenmerk auf die Entwicklung und Implementierung eines wirksamen Systems f\u00fcr Gesundheit und Sicherheit am Arbeitsplatz sowie auf geeignete Standards und Praktiken zur Verringerung der mit Gesch\u00e4ftsaktivit\u00e4ten verbundenen Risiken. &nbsp; Das Destillationsmanagement und alle Mitarbeiter [&hellip;]\" \/>\n<meta property=\"og:url\" content=\"https:\/\/destilacija.net\/index.php\/politika-zastite-zdravlja\/?lang=de\" \/>\n<meta property=\"og:site_name\" content=\"DESTILACIJA TESLI\u0106\" \/>\n<meta property=\"article:modified_time\" content=\"2021-01-05T07:37:02+00:00\" \/>\n<meta name=\"twitter:card\" content=\"summary_large_image\" \/>\n<meta name=\"twitter:label1\" content=\"\u041f\u0440\u043e\u0446\u0435\u045a\u0435\u043d\u043e \u0432\u0440\u0435\u043c\u0435 \u0447\u0438\u0442\u0430\u045a\u0430\" \/>\n\t<meta name=\"twitter:data1\" content=\"2 \u043c\u0438\u043d\u0443\u0442\u0430\" \/>\n<script type=\"application\/ld+json\" class=\"yoast-schema-graph\">{\"@context\":\"https:\/\/schema.org\",\"@graph\":[{\"@type\":\"WebPage\",\"@id\":\"https:\/\/destilacija.net\/index.php\/politika-zastite-zdravlja\/?lang=de\",\"url\":\"https:\/\/destilacija.net\/index.php\/politika-zastite-zdravlja\/?lang=de\",\"name\":\"GESUNDHEITSPOLITIK &#8211; DESTILACIJA TESLI\u0106\",\"isPartOf\":{\"@id\":\"https:\/\/destilacija.net\/#website\"},\"datePublished\":\"2020-12-04T10:15:53+00:00\",\"dateModified\":\"2021-01-05T07:37:02+00:00\",\"breadcrumb\":{\"@id\":\"https:\/\/destilacija.net\/index.php\/politika-zastite-zdravlja\/?lang=de#breadcrumb\"},\"inLanguage\":\"sr-RS\",\"potentialAction\":[{\"@type\":\"ReadAction\",\"target\":[\"https:\/\/destilacija.net\/index.php\/politika-zastite-zdravlja\/?lang=de\"]}]},{\"@type\":\"BreadcrumbList\",\"@id\":\"https:\/\/destilacija.net\/index.php\/politika-zastite-zdravlja\/?lang=de#breadcrumb\",\"itemListElement\":[{\"@type\":\"ListItem\",\"position\":1,\"name\":\"\u041f\u043e\u0447\u0435\u0442\u043d\u0430\",\"item\":\"https:\/\/destilacija.net\/\"},{\"@type\":\"ListItem\",\"position\":2,\"name\":\"GESUNDHEITSPOLITIK\"}]},{\"@type\":\"WebSite\",\"@id\":\"https:\/\/destilacija.net\/#website\",\"url\":\"https:\/\/destilacija.net\/\",\"name\":\"Destilacija Tesli\u0107\",\"description\":\"\",\"publisher\":{\"@id\":\"https:\/\/destilacija.net\/#organization\"},\"potentialAction\":[{\"@type\":\"SearchAction\",\"target\":{\"@type\":\"EntryPoint\",\"urlTemplate\":\"https:\/\/destilacija.net\/?s={search_term_string}\"},\"query-input\":{\"@type\":\"PropertyValueSpecification\",\"valueRequired\":true,\"valueName\":\"search_term_string\"}}],\"inLanguage\":\"sr-RS\"},{\"@type\":\"Organization\",\"@id\":\"https:\/\/destilacija.net\/#organization\",\"name\":\"Destilacija Tesli\u0107\",\"url\":\"https:\/\/destilacija.net\/\",\"logo\":{\"@type\":\"ImageObject\",\"inLanguage\":\"sr-RS\",\"@id\":\"https:\/\/destilacija.net\/#\/schema\/logo\/image\/\",\"url\":\"https:\/\/destilacija.net\/wp-content\/uploads\/2021\/01\/shutterstock_1021177186-Copy.jpg\",\"contentUrl\":\"https:\/\/destilacija.net\/wp-content\/uploads\/2021\/01\/shutterstock_1021177186-Copy.jpg\",\"width\":2558,\"height\":1706,\"caption\":\"Destilacija Tesli\u0107\"},\"image\":{\"@id\":\"https:\/\/destilacija.net\/#\/schema\/logo\/image\/\"}}]}<\/script>\n<!-- \/ Yoast SEO plugin. -->","yoast_head_json":{"title":"GESUNDHEITSPOLITIK &#8211; DESTILACIJA TESLI\u0106","robots":{"index":"index","follow":"follow","max-snippet":"max-snippet:-1","max-image-preview":"max-image-preview:large","max-video-preview":"max-video-preview:-1"},"canonical":"https:\/\/destilacija.net\/index.php\/politika-zastite-zdravlja\/","og_locale":"sr_RS","og_type":"article","og_title":"GESUNDHEITSPOLITIK &#8211; DESTILACIJA TESLI\u0106","og_description":"[vc_row][vc_column][vc_column_text el_class=&#8221;lista&#8221;]Die Destillation ist sich der Bedeutung von Gesundheit und Sicherheit am Arbeitsplatz f\u00fcr alle Mitarbeiter bewusst und legt daher besonderes Augenmerk auf die Entwicklung und Implementierung eines wirksamen Systems f\u00fcr Gesundheit und Sicherheit am Arbeitsplatz sowie auf geeignete Standards und Praktiken zur Verringerung der mit Gesch\u00e4ftsaktivit\u00e4ten verbundenen Risiken. &nbsp; Das Destillationsmanagement und alle Mitarbeiter [&hellip;]","og_url":"https:\/\/destilacija.net\/index.php\/politika-zastite-zdravlja\/?lang=de","og_site_name":"DESTILACIJA TESLI\u0106","article_modified_time":"2021-01-05T07:37:02+00:00","twitter_card":"summary_large_image","twitter_misc":{"\u041f\u0440\u043e\u0446\u0435\u045a\u0435\u043d\u043e \u0432\u0440\u0435\u043c\u0435 \u0447\u0438\u0442\u0430\u045a\u0430":"2 \u043c\u0438\u043d\u0443\u0442\u0430"},"schema":{"@context":"https:\/\/schema.org","@graph":[{"@type":"WebPage","@id":"https:\/\/destilacija.net\/index.php\/politika-zastite-zdravlja\/?lang=de","url":"https:\/\/destilacija.net\/index.php\/politika-zastite-zdravlja\/?lang=de","name":"GESUNDHEITSPOLITIK &#8211; DESTILACIJA TESLI\u0106","isPartOf":{"@id":"https:\/\/destilacija.net\/#website"},"datePublished":"2020-12-04T10:15:53+00:00","dateModified":"2021-01-05T07:37:02+00:00","breadcrumb":{"@id":"https:\/\/destilacija.net\/index.php\/politika-zastite-zdravlja\/?lang=de#breadcrumb"},"inLanguage":"sr-RS","potentialAction":[{"@type":"ReadAction","target":["https:\/\/destilacija.net\/index.php\/politika-zastite-zdravlja\/?lang=de"]}]},{"@type":"BreadcrumbList","@id":"https:\/\/destilacija.net\/index.php\/politika-zastite-zdravlja\/?lang=de#breadcrumb","itemListElement":[{"@type":"ListItem","position":1,"name":"\u041f\u043e\u0447\u0435\u0442\u043d\u0430","item":"https:\/\/destilacija.net\/"},{"@type":"ListItem","position":2,"name":"GESUNDHEITSPOLITIK"}]},{"@type":"WebSite","@id":"https:\/\/destilacija.net\/#website","url":"https:\/\/destilacija.net\/","name":"Destilacija Tesli\u0107","description":"","publisher":{"@id":"https:\/\/destilacija.net\/#organization"},"potentialAction":[{"@type":"SearchAction","target":{"@type":"EntryPoint","urlTemplate":"https:\/\/destilacija.net\/?s={search_term_string}"},"query-input":{"@type":"PropertyValueSpecification","valueRequired":true,"valueName":"search_term_string"}}],"inLanguage":"sr-RS"},{"@type":"Organization","@id":"https:\/\/destilacija.net\/#organization","name":"Destilacija Tesli\u0107","url":"https:\/\/destilacija.net\/","logo":{"@type":"ImageObject","inLanguage":"sr-RS","@id":"https:\/\/destilacija.net\/#\/schema\/logo\/image\/","url":"https:\/\/destilacija.net\/wp-content\/uploads\/2021\/01\/shutterstock_1021177186-Copy.jpg","contentUrl":"https:\/\/destilacija.net\/wp-content\/uploads\/2021\/01\/shutterstock_1021177186-Copy.jpg","width":2558,"height":1706,"caption":"Destilacija Tesli\u0107"},"image":{"@id":"https:\/\/destilacija.net\/#\/schema\/logo\/image\/"}}]}},"_links":{"self":[{"href":"https:\/\/destilacija.net\/index.php\/wp-json\/wp\/v2\/pages\/3719","targetHints":{"allow":["GET"]}}],"collection":[{"href":"https:\/\/destilacija.net\/index.php\/wp-json\/wp\/v2\/pages"}],"about":[{"href":"https:\/\/destilacija.net\/index.php\/wp-json\/wp\/v2\/types\/page"}],"author":[{"embeddable":true,"href":"https:\/\/destilacija.net\/index.php\/wp-json\/wp\/v2\/users\/1"}],"replies":[{"embeddable":true,"href":"https:\/\/destilacija.net\/index.php\/wp-json\/wp\/v2\/comments?post=3719"}],"version-history":[{"count":2,"href":"https:\/\/destilacija.net\/index.php\/wp-json\/wp\/v2\/pages\/3719\/revisions"}],"predecessor-version":[{"id":4141,"href":"https:\/\/destilacija.net\/index.php\/wp-json\/wp\/v2\/pages\/3719\/revisions\/4141"}],"wp:attachment":[{"href":"https:\/\/destilacija.net\/index.php\/wp-json\/wp\/v2\/media?parent=3719"}],"curies":[{"name":"wp","href":"https:\/\/api.w.org\/{rel}","templated":true}]}}