{"id":3906,"date":"2020-12-04T11:28:06","date_gmt":"2020-12-04T11:28:06","guid":{"rendered":"http:\/\/v2.destilacija.net\/index.php\/upravni-odbor\/"},"modified":"2021-01-05T07:29:04","modified_gmt":"2021-01-05T07:29:04","slug":"upravni-odbor","status":"publish","type":"page","link":"https:\/\/destilacija.net\/index.php\/upravni-odbor\/?lang=en","title":{"rendered":"BOARD OF DIRECTORS"},"content":{"rendered":"<p>[vc_row][vc_column width=&#8221;1\/4&#8243;][vc_single_image image=&#8221;3849&#8243;][\/vc_column][vc_column width=&#8221;3\/4&#8243;][vc_column_text]<\/p>\n<h4 style=\"text-align: center;\">Novo \u0160krebi\u0107<\/h4>\n<p style=\"text-align: center;\"><strong>Chairman of the board of directors<\/strong><\/p>\n<p>&nbsp;<\/p>\n<p>Born in Tesli\u0107, where he finished primary and secondary school. Graduated from the Faculty of Technology in Tuzla. In HI \u201cDestilacija\u201d Tesli\u0107 has been working since 1977. He worked as a plant manager, production manager, technical director, and has been a director since 2001. He is currently the President of the Chamber of Commerce of the Doboj Region and was the President of the Management Board of the RS Chamber of Commerce. Today he is a member of the Management Board of the RS Chamber of Commerce. He served as the director of DHI until 2019, when he retired.<\/p>\n<p>&nbsp;<\/p>\n<p>&nbsp;<\/p>\n<p><strong>\u00a0<\/strong>[\/vc_column_text][\/vc_column][\/vc_row][vc_row][vc_column width=&#8221;1\/4&#8243;][vc_single_image image=&#8221;3852&#8243;][\/vc_column][vc_column width=&#8221;3\/4&#8243;][vc_column_text]<\/p>\n<h4 style=\"text-align: center;\">Du\u0161ko Marko\u010devi\u0107<\/h4>\n<p style=\"text-align: center;\"><strong>BEC. ECC, <\/strong><strong>MEMBER<\/strong><\/p>\n<h5 style=\"text-align: center;\"><span class=\"VIiyi\" lang=\"en\"><span class=\"JLqJ4b ChMk0b\" data-language-for-alternatives=\"en\" data-language-to-translate-into=\"auto\" data-phrase-index=\"8\">\u00a0<\/span><\/span><\/h5>\n<p>Born on the 1<sup>st<\/sup> June 1958 in Tesli\u0107, where he finished primary and secondary school. He graduated from the Faculty of Economics in Banja Luka in 1981. In HI \u201cDestilacija\u201d a.d. Tesli\u0107 has been working since 1981, in the development sector, later in procurement. Right now he is the head of the procurement service and a member of the Management Board of HI \u201cDestilacija\u201d a.d. Tesli\u0107.[\/vc_column_text][\/vc_column][\/vc_row][vc_row][vc_column width=&#8221;1\/4&#8243;][vc_single_image image=&#8221;3855&#8243; img_size=&#8221;full&#8221;][\/vc_column][vc_column width=&#8221;3\/4&#8243;][vc_column_text]<\/p>\n<div class=\"service-column service-info-box service-column-1 service-boxes-icon-with-title alignicon-left alignicon-left-horizontal serviceboxes-horizontal clearfix\">\n<div class=\"service-item service-item-space\">\n<h4 style=\"text-align: center;\">Dr Igor Dodig<\/h4>\n<h5 style=\"text-align: center;\">MEMBER<\/h5>\n<\/div>\n<\/div>\n<p>&nbsp;<\/p>\n<p>&nbsp;<\/p>\n<div class=\"service-column service-info-box service-column-1 service-boxes-icon-with-title alignicon-left alignicon-left-horizontal serviceboxes-horizontal clearfix\">\n<div class=\"service-item service-item-space\">\n<p>He was born in Banja Luka in 1975. He obtained the title of graduate engineer of management at the Faculty of Organizational Sciences in Belgrade and completed his postgraduate studies at the Metropolitan University in London. He obtained the title of Doctor of Economics at the Singidunum University in Belgrade. He has held the title of broker and investment manager since 2002. Since 2001 he has been working in the Investment Fund Management Company \u201cPolara Invest\u201d a.d. Banja Luka. He is the director of \u201cPolara Invest\u201d since 2008. In addition, he works as an assistant at the University of Business Engineering and Management in Banja Luka. Igor is the member of the Board of Directors of \u201cDestilacija\u201d since 2011.<\/p>\n<\/div>\n<\/div>\n<p>[\/vc_column_text][\/vc_column][\/vc_row]<\/p>\n","protected":false},"excerpt":{"rendered":"<p>[vc_row][vc_column width=&#8221;1\/4&#8243;][vc_single_image image=&#8221;3849&#8243;][\/vc_column][vc_column width=&#8221;3\/4&#8243;][vc_column_text] Novo \u0160krebi\u0107 Chairman of the board of directors &nbsp; Born in Tesli\u0107, where he finished primary and secondary school. Graduated from the Faculty of Technology in Tuzla. In HI \u201cDestilacija\u201d Tesli\u0107 has been working since 1977. He worked as a plant manager, production manager, technical director, and has been a director [&hellip;]<\/p>\n","protected":false},"author":1,"featured_media":0,"parent":0,"menu_order":0,"comment_status":"closed","ping_status":"closed","template":"page-templates\/template-fullwidth.php","meta":{"footnotes":""},"class_list":["post-3906","page","type-page","status-publish","hentry"],"yoast_head":"<!-- This site is optimized with the Yoast SEO plugin v27.2 - https:\/\/yoast.com\/product\/yoast-seo-wordpress\/ -->\n<title>BOARD OF DIRECTORS &#8211; DESTILACIJA TESLI\u0106<\/title>\n<meta name=\"robots\" content=\"index, follow, max-snippet:-1, max-image-preview:large, max-video-preview:-1\" \/>\n<link rel=\"canonical\" href=\"https:\/\/destilacija.net\/index.php\/upravni-odbor\/\" \/>\n<meta property=\"og:locale\" content=\"sr_RS\" \/>\n<meta property=\"og:type\" content=\"article\" \/>\n<meta property=\"og:title\" content=\"BOARD OF DIRECTORS &#8211; DESTILACIJA TESLI\u0106\" \/>\n<meta property=\"og:description\" content=\"[vc_row][vc_column width=&#8221;1\/4&#8243;][vc_single_image image=&#8221;3849&#8243;][\/vc_column][vc_column width=&#8221;3\/4&#8243;][vc_column_text] Novo \u0160krebi\u0107 Chairman of the board of directors &nbsp; Born in Tesli\u0107, where he finished primary and secondary school. Graduated from the Faculty of Technology in Tuzla. In HI \u201cDestilacija\u201d Tesli\u0107 has been working since 1977. He worked as a plant manager, production manager, technical director, and has been a director [&hellip;]\" \/>\n<meta property=\"og:url\" content=\"https:\/\/destilacija.net\/index.php\/upravni-odbor\/?lang=en\" \/>\n<meta property=\"og:site_name\" content=\"DESTILACIJA TESLI\u0106\" \/>\n<meta property=\"article:modified_time\" content=\"2021-01-05T07:29:04+00:00\" \/>\n<meta name=\"twitter:card\" content=\"summary_large_image\" \/>\n<meta name=\"twitter:label1\" content=\"\u041f\u0440\u043e\u0446\u0435\u045a\u0435\u043d\u043e \u0432\u0440\u0435\u043c\u0435 \u0447\u0438\u0442\u0430\u045a\u0430\" \/>\n\t<meta name=\"twitter:data1\" content=\"2 \u043c\u0438\u043d\u0443\u0442\u0430\" \/>\n<script type=\"application\/ld+json\" class=\"yoast-schema-graph\">{\"@context\":\"https:\/\/schema.org\",\"@graph\":[{\"@type\":\"WebPage\",\"@id\":\"https:\/\/destilacija.net\/index.php\/upravni-odbor\/?lang=en\",\"url\":\"https:\/\/destilacija.net\/index.php\/upravni-odbor\/?lang=en\",\"name\":\"BOARD OF DIRECTORS &#8211; DESTILACIJA TESLI\u0106\",\"isPartOf\":{\"@id\":\"https:\/\/destilacija.net\/#website\"},\"datePublished\":\"2020-12-04T11:28:06+00:00\",\"dateModified\":\"2021-01-05T07:29:04+00:00\",\"breadcrumb\":{\"@id\":\"https:\/\/destilacija.net\/index.php\/upravni-odbor\/?lang=en#breadcrumb\"},\"inLanguage\":\"sr-RS\",\"potentialAction\":[{\"@type\":\"ReadAction\",\"target\":[\"https:\/\/destilacija.net\/index.php\/upravni-odbor\/?lang=en\"]}]},{\"@type\":\"BreadcrumbList\",\"@id\":\"https:\/\/destilacija.net\/index.php\/upravni-odbor\/?lang=en#breadcrumb\",\"itemListElement\":[{\"@type\":\"ListItem\",\"position\":1,\"name\":\"\u041f\u043e\u0447\u0435\u0442\u043d\u0430\",\"item\":\"https:\/\/destilacija.net\/\"},{\"@type\":\"ListItem\",\"position\":2,\"name\":\"BOARD OF DIRECTORS\"}]},{\"@type\":\"WebSite\",\"@id\":\"https:\/\/destilacija.net\/#website\",\"url\":\"https:\/\/destilacija.net\/\",\"name\":\"Destilacija Tesli\u0107\",\"description\":\"\",\"publisher\":{\"@id\":\"https:\/\/destilacija.net\/#organization\"},\"potentialAction\":[{\"@type\":\"SearchAction\",\"target\":{\"@type\":\"EntryPoint\",\"urlTemplate\":\"https:\/\/destilacija.net\/?s={search_term_string}\"},\"query-input\":{\"@type\":\"PropertyValueSpecification\",\"valueRequired\":true,\"valueName\":\"search_term_string\"}}],\"inLanguage\":\"sr-RS\"},{\"@type\":\"Organization\",\"@id\":\"https:\/\/destilacija.net\/#organization\",\"name\":\"Destilacija Tesli\u0107\",\"url\":\"https:\/\/destilacija.net\/\",\"logo\":{\"@type\":\"ImageObject\",\"inLanguage\":\"sr-RS\",\"@id\":\"https:\/\/destilacija.net\/#\/schema\/logo\/image\/\",\"url\":\"https:\/\/destilacija.net\/wp-content\/uploads\/2021\/01\/shutterstock_1021177186-Copy.jpg\",\"contentUrl\":\"https:\/\/destilacija.net\/wp-content\/uploads\/2021\/01\/shutterstock_1021177186-Copy.jpg\",\"width\":2558,\"height\":1706,\"caption\":\"Destilacija Tesli\u0107\"},\"image\":{\"@id\":\"https:\/\/destilacija.net\/#\/schema\/logo\/image\/\"}}]}<\/script>\n<!-- \/ Yoast SEO plugin. -->","yoast_head_json":{"title":"BOARD OF DIRECTORS &#8211; DESTILACIJA TESLI\u0106","robots":{"index":"index","follow":"follow","max-snippet":"max-snippet:-1","max-image-preview":"max-image-preview:large","max-video-preview":"max-video-preview:-1"},"canonical":"https:\/\/destilacija.net\/index.php\/upravni-odbor\/","og_locale":"sr_RS","og_type":"article","og_title":"BOARD OF DIRECTORS &#8211; DESTILACIJA TESLI\u0106","og_description":"[vc_row][vc_column width=&#8221;1\/4&#8243;][vc_single_image image=&#8221;3849&#8243;][\/vc_column][vc_column width=&#8221;3\/4&#8243;][vc_column_text] Novo \u0160krebi\u0107 Chairman of the board of directors &nbsp; Born in Tesli\u0107, where he finished primary and secondary school. Graduated from the Faculty of Technology in Tuzla. In HI \u201cDestilacija\u201d Tesli\u0107 has been working since 1977. He worked as a plant manager, production manager, technical director, and has been a director [&hellip;]","og_url":"https:\/\/destilacija.net\/index.php\/upravni-odbor\/?lang=en","og_site_name":"DESTILACIJA TESLI\u0106","article_modified_time":"2021-01-05T07:29:04+00:00","twitter_card":"summary_large_image","twitter_misc":{"\u041f\u0440\u043e\u0446\u0435\u045a\u0435\u043d\u043e \u0432\u0440\u0435\u043c\u0435 \u0447\u0438\u0442\u0430\u045a\u0430":"2 \u043c\u0438\u043d\u0443\u0442\u0430"},"schema":{"@context":"https:\/\/schema.org","@graph":[{"@type":"WebPage","@id":"https:\/\/destilacija.net\/index.php\/upravni-odbor\/?lang=en","url":"https:\/\/destilacija.net\/index.php\/upravni-odbor\/?lang=en","name":"BOARD OF DIRECTORS &#8211; DESTILACIJA TESLI\u0106","isPartOf":{"@id":"https:\/\/destilacija.net\/#website"},"datePublished":"2020-12-04T11:28:06+00:00","dateModified":"2021-01-05T07:29:04+00:00","breadcrumb":{"@id":"https:\/\/destilacija.net\/index.php\/upravni-odbor\/?lang=en#breadcrumb"},"inLanguage":"sr-RS","potentialAction":[{"@type":"ReadAction","target":["https:\/\/destilacija.net\/index.php\/upravni-odbor\/?lang=en"]}]},{"@type":"BreadcrumbList","@id":"https:\/\/destilacija.net\/index.php\/upravni-odbor\/?lang=en#breadcrumb","itemListElement":[{"@type":"ListItem","position":1,"name":"\u041f\u043e\u0447\u0435\u0442\u043d\u0430","item":"https:\/\/destilacija.net\/"},{"@type":"ListItem","position":2,"name":"BOARD OF DIRECTORS"}]},{"@type":"WebSite","@id":"https:\/\/destilacija.net\/#website","url":"https:\/\/destilacija.net\/","name":"Destilacija Tesli\u0107","description":"","publisher":{"@id":"https:\/\/destilacija.net\/#organization"},"potentialAction":[{"@type":"SearchAction","target":{"@type":"EntryPoint","urlTemplate":"https:\/\/destilacija.net\/?s={search_term_string}"},"query-input":{"@type":"PropertyValueSpecification","valueRequired":true,"valueName":"search_term_string"}}],"inLanguage":"sr-RS"},{"@type":"Organization","@id":"https:\/\/destilacija.net\/#organization","name":"Destilacija Tesli\u0107","url":"https:\/\/destilacija.net\/","logo":{"@type":"ImageObject","inLanguage":"sr-RS","@id":"https:\/\/destilacija.net\/#\/schema\/logo\/image\/","url":"https:\/\/destilacija.net\/wp-content\/uploads\/2021\/01\/shutterstock_1021177186-Copy.jpg","contentUrl":"https:\/\/destilacija.net\/wp-content\/uploads\/2021\/01\/shutterstock_1021177186-Copy.jpg","width":2558,"height":1706,"caption":"Destilacija Tesli\u0107"},"image":{"@id":"https:\/\/destilacija.net\/#\/schema\/logo\/image\/"}}]}},"_links":{"self":[{"href":"https:\/\/destilacija.net\/index.php\/wp-json\/wp\/v2\/pages\/3906","targetHints":{"allow":["GET"]}}],"collection":[{"href":"https:\/\/destilacija.net\/index.php\/wp-json\/wp\/v2\/pages"}],"about":[{"href":"https:\/\/destilacija.net\/index.php\/wp-json\/wp\/v2\/types\/page"}],"author":[{"embeddable":true,"href":"https:\/\/destilacija.net\/index.php\/wp-json\/wp\/v2\/users\/1"}],"replies":[{"embeddable":true,"href":"https:\/\/destilacija.net\/index.php\/wp-json\/wp\/v2\/comments?post=3906"}],"version-history":[{"count":7,"href":"https:\/\/destilacija.net\/index.php\/wp-json\/wp\/v2\/pages\/3906\/revisions"}],"predecessor-version":[{"id":4368,"href":"https:\/\/destilacija.net\/index.php\/wp-json\/wp\/v2\/pages\/3906\/revisions\/4368"}],"wp:attachment":[{"href":"https:\/\/destilacija.net\/index.php\/wp-json\/wp\/v2\/media?parent=3906"}],"curies":[{"name":"wp","href":"https:\/\/api.w.org\/{rel}","templated":true}]}}