{"id":3916,"date":"2020-12-04T11:35:07","date_gmt":"2020-12-04T11:35:07","guid":{"rendered":"http:\/\/v2.destilacija.net\/index.php\/odbor-za-reviziju\/"},"modified":"2021-01-05T07:34:14","modified_gmt":"2021-01-05T07:34:14","slug":"odbor-za-reviziju","status":"publish","type":"page","link":"https:\/\/destilacija.net\/index.php\/odbor-za-reviziju\/?lang=de","title":{"rendered":"PR\u00dcFUNGSAUSSCHUSS"},"content":{"rendered":"<p>[vc_row][vc_column width=&#8221;1\/4&#8243;][vc_single_image image=&#8221;3859&#8243;][\/vc_column][vc_column width=&#8221;3\/4&#8243;][vc_column_text]<\/p>\n<h4 style=\"text-align: center;\">Radivoje Vukovi\u0107<\/h4>\n<h5 style=\"text-align: center;\">Abs. ecc, <span class=\"VIiyi\" lang=\"de\"><span class=\"JLqJ4b ChMk0b\" data-language-for-alternatives=\"de\" data-language-to-translate-into=\"bs\" data-phrase-index=\"0\">Pr\u00e4sident<\/span><\/span><\/h5>\n<p>&nbsp;<\/p>\n<p>&nbsp;<\/p>\n<div class=\"service-details\">Geboren am 01.01.1959. im Dorf Pribini\u0107, Gemeinde Tesli\u0107. Er beendete die Grund- und weiterf\u00fchrende Schule in Tesli\u0107. Abschluss an der Fakult\u00e4t f\u00fcr Wirtschaftswissenschaften in Sarajevo. In HI \u201eDestillation&#8221; a.d. Teslic ist seit 1984 besch\u00e4ftigt. Er arbeitete zun\u00e4chst im Planungs- und Analysesektor, sp\u00e4ter als Kaufmann, und ist seit 2001 Leiter des Import-Export-Dienstes. Derzeit ist er stellvertretender Direktor f\u00fcr allgemeine Angelegenheiten und Wirtschaft. Von 2001 bis 2005 war er Pr\u00e4sident des Aufsichtsrats von HI \u201eDestillation&#8221; a.d. Tesli\u0107 und seit 2005 Mitglied der Gesch\u00e4ftsleitung von HI \u201eDistillation&#8221; a.d. Tesli\u0107.<\/div>\n<p>[\/vc_column_text][\/vc_column][\/vc_row][vc_row][vc_column width=&#8221;1\/4&#8243;][vc_single_image image=&#8221;3862&#8243; img_size=&#8221;full&#8221;][\/vc_column][vc_column width=&#8221;3\/4&#8243;][vc_column_text]<\/p>\n<h4 style=\"text-align: center;\">Gordana Drobnjak<\/h4>\n<h5 style=\"text-align: center;\">CFA, dipl. ecc, <span class=\"VIiyi\" lang=\"de\"><span class=\"JLqJ4b ChMk0b\" data-language-for-alternatives=\"de\" data-language-to-translate-into=\"auto\" data-phrase-index=\"0\">Mitglied<\/span><\/span><\/h5>\n<p>&nbsp;<\/p>\n<p>Bachelor of Economics (Fakult\u00e4t f\u00fcr Wirtschaftswissenschaften, Universit\u00e4t Belgrad 2006 &#8211; Department of Finance, Banking and Insurance, Durchschnitt 9,33). Sie wurde 2012 zum Chartered Financial Analyst ernannt. Sie absolvierte im Mai 2015 die London School of Commerce und erwarb einen Master of Business Administration (MBA f\u00fcr F\u00fchrungskr\u00e4fte). Im November 2007 erhielt sie die Lizenz des Anlageverwalters RS Securities Commission. Im November 2015 erhielt sie die Lizenz eines Wirtschaftspr\u00fcfers der Association of Accountants and Auditors von RS.<\/p>\n<p>&nbsp;<\/p>\n<p>Sie begann ihre Karriere 2007 bei der \u201eBalkan Investment Bank&#8221; ad Banja Luka in Verwahrung und Vermittlung. Von Januar 2008 wechselte er bis September 2010 als Leiter der Abteilung Corporate Finance zur \u201eHypo Alpe-Adria Bank\u201c ad Banja Luka in der Abteilung Investment Banking. Bis Januar 2011 war sie als Senior Analyst in der Abteilung Chief Economist der Anzeige \u201eHypo Alpe-Adria Bank\u201c t\u00e4tig Banja Luka. Von Juni 2009 bis Januar 2011 war sie Pr\u00e4sidentin des Aufsichtsrats der Anzeige \u201eKristal invest fonda\u201c. Von Mai 2009 bis September 2014 war er Mitglied der Kotierungskommission der &#8220;Banja Luka Stock Exchange&#8221; Anzeige.<\/p>\n<p>&nbsp;<\/p>\n<p>Seit Beginn der Gesch\u00e4ftst\u00e4tigkeit der Verwaltungsgesellschaft PREF RS im Januar 2011 ist er als Executive Director f\u00fcr Rechnungswesen, allgemeine Angelegenheiten und Entwicklung t\u00e4tig. PREF ist derzeit der gr\u00f6\u00dfte Fonds in der Republika Srpska mit einem Verm\u00f6gen von \u00fcber 260 Millionen KM und einer Beteiligung an \u00fcber 390 Aktiengesellschaften.[\/vc_column_text][\/vc_column][\/vc_row][vc_row][vc_column width=&#8221;1\/4&#8243;][vc_single_image image=&#8221;3867&#8243;][\/vc_column][vc_column width=&#8221;3\/4&#8243;][vc_column_text]<\/p>\n<h4 style=\"text-align: center;\">Dra\u017een \u0160krebi\u0107<\/h4>\n<h5 style=\"text-align: center;\"><span class=\"VIiyi\" lang=\"de\"><span class=\"JLqJ4b ChMk0b\" data-language-for-alternatives=\"de\" data-language-to-translate-into=\"auto\" data-phrase-index=\"0\">Mitglied<\/span><\/span><\/h5>\n<p>&nbsp;<\/p>\n<p>&nbsp;<\/p>\n<div class=\"service-details\">\n<div class=\"service-details\">\n<p>Geboren am 20. November 1994 Jahre. Er beendete die Grundschule in Tesli\u0107. Er beendete auch die High School in Tesli\u0107. Er erhielt das Diplom eines Informationstechnologie-Ingenieurs in Banja Luka. Angestellt bei \u201e\u0160krebi\u0107 Company&#8221;.<\/p>\n<p>&nbsp;<\/p>\n<\/div>\n<\/div>\n<p>[\/vc_column_text][\/vc_column][\/vc_row][vc_row][vc_column width=&#8221;1\/4&#8243;][\/vc_column][\/vc_row]<\/p>\n","protected":false},"excerpt":{"rendered":"<p>[vc_row][vc_column width=&#8221;1\/4&#8243;][vc_single_image image=&#8221;3859&#8243;][\/vc_column][vc_column width=&#8221;3\/4&#8243;][vc_column_text] Radivoje Vukovi\u0107 Abs. ecc, Pr\u00e4sident &nbsp; &nbsp; Geboren am 01.01.1959. im Dorf Pribini\u0107, Gemeinde Tesli\u0107. Er beendete die Grund- und weiterf\u00fchrende Schule in Tesli\u0107. Abschluss an der Fakult\u00e4t f\u00fcr Wirtschaftswissenschaften in Sarajevo. In HI \u201eDestillation&#8221; a.d. Teslic ist seit 1984 besch\u00e4ftigt. Er arbeitete zun\u00e4chst im Planungs- und Analysesektor, sp\u00e4ter als Kaufmann, [&hellip;]<\/p>\n","protected":false},"author":1,"featured_media":0,"parent":0,"menu_order":0,"comment_status":"closed","ping_status":"closed","template":"page-templates\/template-fullwidth.php","meta":{"footnotes":""},"class_list":["post-3916","page","type-page","status-publish","hentry"],"yoast_head":"<!-- This site is optimized with the Yoast SEO plugin v27.2 - https:\/\/yoast.com\/product\/yoast-seo-wordpress\/ -->\n<title>PR\u00dcFUNGSAUSSCHUSS &#8211; DESTILACIJA TESLI\u0106<\/title>\n<meta name=\"robots\" content=\"index, follow, max-snippet:-1, max-image-preview:large, max-video-preview:-1\" \/>\n<link rel=\"canonical\" href=\"https:\/\/destilacija.net\/index.php\/odbor-za-reviziju\/\" \/>\n<meta property=\"og:locale\" content=\"sr_RS\" \/>\n<meta property=\"og:type\" content=\"article\" \/>\n<meta property=\"og:title\" content=\"PR\u00dcFUNGSAUSSCHUSS &#8211; DESTILACIJA TESLI\u0106\" \/>\n<meta property=\"og:description\" content=\"[vc_row][vc_column width=&#8221;1\/4&#8243;][vc_single_image image=&#8221;3859&#8243;][\/vc_column][vc_column width=&#8221;3\/4&#8243;][vc_column_text] Radivoje Vukovi\u0107 Abs. ecc, Pr\u00e4sident &nbsp; &nbsp; Geboren am 01.01.1959. im Dorf Pribini\u0107, Gemeinde Tesli\u0107. Er beendete die Grund- und weiterf\u00fchrende Schule in Tesli\u0107. Abschluss an der Fakult\u00e4t f\u00fcr Wirtschaftswissenschaften in Sarajevo. In HI \u201eDestillation&#8221; a.d. Teslic ist seit 1984 besch\u00e4ftigt. Er arbeitete zun\u00e4chst im Planungs- und Analysesektor, sp\u00e4ter als Kaufmann, [&hellip;]\" \/>\n<meta property=\"og:url\" content=\"https:\/\/destilacija.net\/index.php\/odbor-za-reviziju\/?lang=de\" \/>\n<meta property=\"og:site_name\" content=\"DESTILACIJA TESLI\u0106\" \/>\n<meta property=\"article:modified_time\" content=\"2021-01-05T07:34:14+00:00\" \/>\n<meta name=\"twitter:card\" content=\"summary_large_image\" \/>\n<meta name=\"twitter:label1\" content=\"\u041f\u0440\u043e\u0446\u0435\u045a\u0435\u043d\u043e \u0432\u0440\u0435\u043c\u0435 \u0447\u0438\u0442\u0430\u045a\u0430\" \/>\n\t<meta name=\"twitter:data1\" content=\"2 \u043c\u0438\u043d\u0443\u0442\u0430\" \/>\n<script type=\"application\/ld+json\" class=\"yoast-schema-graph\">{\"@context\":\"https:\/\/schema.org\",\"@graph\":[{\"@type\":\"WebPage\",\"@id\":\"https:\/\/destilacija.net\/index.php\/odbor-za-reviziju\/?lang=de\",\"url\":\"https:\/\/destilacija.net\/index.php\/odbor-za-reviziju\/?lang=de\",\"name\":\"PR\u00dcFUNGSAUSSCHUSS &#8211; DESTILACIJA TESLI\u0106\",\"isPartOf\":{\"@id\":\"https:\/\/destilacija.net\/#website\"},\"datePublished\":\"2020-12-04T11:35:07+00:00\",\"dateModified\":\"2021-01-05T07:34:14+00:00\",\"breadcrumb\":{\"@id\":\"https:\/\/destilacija.net\/index.php\/odbor-za-reviziju\/?lang=de#breadcrumb\"},\"inLanguage\":\"sr-RS\",\"potentialAction\":[{\"@type\":\"ReadAction\",\"target\":[\"https:\/\/destilacija.net\/index.php\/odbor-za-reviziju\/?lang=de\"]}]},{\"@type\":\"BreadcrumbList\",\"@id\":\"https:\/\/destilacija.net\/index.php\/odbor-za-reviziju\/?lang=de#breadcrumb\",\"itemListElement\":[{\"@type\":\"ListItem\",\"position\":1,\"name\":\"\u041f\u043e\u0447\u0435\u0442\u043d\u0430\",\"item\":\"https:\/\/destilacija.net\/\"},{\"@type\":\"ListItem\",\"position\":2,\"name\":\"PR\u00dcFUNGSAUSSCHUSS\"}]},{\"@type\":\"WebSite\",\"@id\":\"https:\/\/destilacija.net\/#website\",\"url\":\"https:\/\/destilacija.net\/\",\"name\":\"Destilacija Tesli\u0107\",\"description\":\"\",\"publisher\":{\"@id\":\"https:\/\/destilacija.net\/#organization\"},\"potentialAction\":[{\"@type\":\"SearchAction\",\"target\":{\"@type\":\"EntryPoint\",\"urlTemplate\":\"https:\/\/destilacija.net\/?s={search_term_string}\"},\"query-input\":{\"@type\":\"PropertyValueSpecification\",\"valueRequired\":true,\"valueName\":\"search_term_string\"}}],\"inLanguage\":\"sr-RS\"},{\"@type\":\"Organization\",\"@id\":\"https:\/\/destilacija.net\/#organization\",\"name\":\"Destilacija Tesli\u0107\",\"url\":\"https:\/\/destilacija.net\/\",\"logo\":{\"@type\":\"ImageObject\",\"inLanguage\":\"sr-RS\",\"@id\":\"https:\/\/destilacija.net\/#\/schema\/logo\/image\/\",\"url\":\"https:\/\/destilacija.net\/wp-content\/uploads\/2021\/01\/shutterstock_1021177186-Copy.jpg\",\"contentUrl\":\"https:\/\/destilacija.net\/wp-content\/uploads\/2021\/01\/shutterstock_1021177186-Copy.jpg\",\"width\":2558,\"height\":1706,\"caption\":\"Destilacija Tesli\u0107\"},\"image\":{\"@id\":\"https:\/\/destilacija.net\/#\/schema\/logo\/image\/\"}}]}<\/script>\n<!-- \/ Yoast SEO plugin. -->","yoast_head_json":{"title":"PR\u00dcFUNGSAUSSCHUSS &#8211; DESTILACIJA TESLI\u0106","robots":{"index":"index","follow":"follow","max-snippet":"max-snippet:-1","max-image-preview":"max-image-preview:large","max-video-preview":"max-video-preview:-1"},"canonical":"https:\/\/destilacija.net\/index.php\/odbor-za-reviziju\/","og_locale":"sr_RS","og_type":"article","og_title":"PR\u00dcFUNGSAUSSCHUSS &#8211; DESTILACIJA TESLI\u0106","og_description":"[vc_row][vc_column width=&#8221;1\/4&#8243;][vc_single_image image=&#8221;3859&#8243;][\/vc_column][vc_column width=&#8221;3\/4&#8243;][vc_column_text] Radivoje Vukovi\u0107 Abs. ecc, Pr\u00e4sident &nbsp; &nbsp; Geboren am 01.01.1959. im Dorf Pribini\u0107, Gemeinde Tesli\u0107. Er beendete die Grund- und weiterf\u00fchrende Schule in Tesli\u0107. Abschluss an der Fakult\u00e4t f\u00fcr Wirtschaftswissenschaften in Sarajevo. In HI \u201eDestillation&#8221; a.d. Teslic ist seit 1984 besch\u00e4ftigt. Er arbeitete zun\u00e4chst im Planungs- und Analysesektor, sp\u00e4ter als Kaufmann, [&hellip;]","og_url":"https:\/\/destilacija.net\/index.php\/odbor-za-reviziju\/?lang=de","og_site_name":"DESTILACIJA TESLI\u0106","article_modified_time":"2021-01-05T07:34:14+00:00","twitter_card":"summary_large_image","twitter_misc":{"\u041f\u0440\u043e\u0446\u0435\u045a\u0435\u043d\u043e \u0432\u0440\u0435\u043c\u0435 \u0447\u0438\u0442\u0430\u045a\u0430":"2 \u043c\u0438\u043d\u0443\u0442\u0430"},"schema":{"@context":"https:\/\/schema.org","@graph":[{"@type":"WebPage","@id":"https:\/\/destilacija.net\/index.php\/odbor-za-reviziju\/?lang=de","url":"https:\/\/destilacija.net\/index.php\/odbor-za-reviziju\/?lang=de","name":"PR\u00dcFUNGSAUSSCHUSS &#8211; DESTILACIJA TESLI\u0106","isPartOf":{"@id":"https:\/\/destilacija.net\/#website"},"datePublished":"2020-12-04T11:35:07+00:00","dateModified":"2021-01-05T07:34:14+00:00","breadcrumb":{"@id":"https:\/\/destilacija.net\/index.php\/odbor-za-reviziju\/?lang=de#breadcrumb"},"inLanguage":"sr-RS","potentialAction":[{"@type":"ReadAction","target":["https:\/\/destilacija.net\/index.php\/odbor-za-reviziju\/?lang=de"]}]},{"@type":"BreadcrumbList","@id":"https:\/\/destilacija.net\/index.php\/odbor-za-reviziju\/?lang=de#breadcrumb","itemListElement":[{"@type":"ListItem","position":1,"name":"\u041f\u043e\u0447\u0435\u0442\u043d\u0430","item":"https:\/\/destilacija.net\/"},{"@type":"ListItem","position":2,"name":"PR\u00dcFUNGSAUSSCHUSS"}]},{"@type":"WebSite","@id":"https:\/\/destilacija.net\/#website","url":"https:\/\/destilacija.net\/","name":"Destilacija Tesli\u0107","description":"","publisher":{"@id":"https:\/\/destilacija.net\/#organization"},"potentialAction":[{"@type":"SearchAction","target":{"@type":"EntryPoint","urlTemplate":"https:\/\/destilacija.net\/?s={search_term_string}"},"query-input":{"@type":"PropertyValueSpecification","valueRequired":true,"valueName":"search_term_string"}}],"inLanguage":"sr-RS"},{"@type":"Organization","@id":"https:\/\/destilacija.net\/#organization","name":"Destilacija Tesli\u0107","url":"https:\/\/destilacija.net\/","logo":{"@type":"ImageObject","inLanguage":"sr-RS","@id":"https:\/\/destilacija.net\/#\/schema\/logo\/image\/","url":"https:\/\/destilacija.net\/wp-content\/uploads\/2021\/01\/shutterstock_1021177186-Copy.jpg","contentUrl":"https:\/\/destilacija.net\/wp-content\/uploads\/2021\/01\/shutterstock_1021177186-Copy.jpg","width":2558,"height":1706,"caption":"Destilacija Tesli\u0107"},"image":{"@id":"https:\/\/destilacija.net\/#\/schema\/logo\/image\/"}}]}},"_links":{"self":[{"href":"https:\/\/destilacija.net\/index.php\/wp-json\/wp\/v2\/pages\/3916","targetHints":{"allow":["GET"]}}],"collection":[{"href":"https:\/\/destilacija.net\/index.php\/wp-json\/wp\/v2\/pages"}],"about":[{"href":"https:\/\/destilacija.net\/index.php\/wp-json\/wp\/v2\/types\/page"}],"author":[{"embeddable":true,"href":"https:\/\/destilacija.net\/index.php\/wp-json\/wp\/v2\/users\/1"}],"replies":[{"embeddable":true,"href":"https:\/\/destilacija.net\/index.php\/wp-json\/wp\/v2\/comments?post=3916"}],"version-history":[{"count":5,"href":"https:\/\/destilacija.net\/index.php\/wp-json\/wp\/v2\/pages\/3916\/revisions"}],"predecessor-version":[{"id":3922,"href":"https:\/\/destilacija.net\/index.php\/wp-json\/wp\/v2\/pages\/3916\/revisions\/3922"}],"wp:attachment":[{"href":"https:\/\/destilacija.net\/index.php\/wp-json\/wp\/v2\/media?parent=3916"}],"curies":[{"name":"wp","href":"https:\/\/api.w.org\/{rel}","templated":true}]}}