{"id":736,"date":"2016-03-07T07:06:43","date_gmt":"2016-03-07T07:06:43","guid":{"rendered":"http:\/\/demo.vegatheme.com\/harmonia\/?page_id=736"},"modified":"2016-03-07T07:06:43","modified_gmt":"2016-03-07T07:06:43","slug":"blog-carousel","status":"publish","type":"page","link":"https:\/\/destilacija.net\/index.php\/blog-carousel\/","title":{"rendered":"Blog Carousel"},"content":{"rendered":"<p>[vc_row css=&#8221;.vc_custom_1456222114531{padding-top: 80px !important;padding-bottom: 80px !important;background-color: #ffffff !important;}&#8221;][vc_column][vc_custom_heading text=&#8221;BLOG CAROUSEL&#8221; font_container=&#8221;tag:h4|text_align:center&#8221; google_fonts=&#8221;font_family:Dosis%3A200%2C300%2Cregular%2C500%2C600%2C700%2C800|font_style:600%20bold%20regular%3A600%3Anormal&#8221;][vc_separator color=&#8221;custom&#8221; el_width=&#8221;10&#8243; accent_color=&#8221;#e67e22&#8243; css=&#8221;.vc_custom_1456296247055{margin-bottom: 0px !important;padding-top: 20px !important;}&#8221;][\/vc_column][vc_column]\t\n\t\n    \t\t\n    <div id=\"blog-carousel\" class=\"owl-carousel owl-theme\">\n    \t        <div class=\"item\">\n            <div class=\"one-page-blog-box\">\n                <div class=\"blog-box-2\">\n                                        \n\t                  \t\t\n\t\t\t\t\t\t\t\t\t\t\t\t\t\t<img decoding=\"async\" src=\"https:\/\/destilacija.net\/wp-content\/uploads\/bfi_thumb\/shutterstock_1166311090-3dgxiiphkfblhkp90va9z4.jpg\" alt=\"\">\n\t\t\t\t\t\t\n                  \t\t                \n\t                <a href=\"https:\/\/destilacija.net\/index.php\/2020\/12\/30\/raznjici-od-povrca-u-pesto-sosu\/\" class=\"animsition-link\">RA\u017dNJI\u0106I OD POVR\u0106A U PESTO SOSU<\/a>\n\t\t\t        <div class=\"subtext\">30\/12\/2020. by <a href=\"https:\/\/destilacija.net\/index.php\/author\/lc2dxd82bg\/\" title=\"\u0427\u043b\u0430\u043d\u0446\u0438 \u043e\u0434 Destilacija Tesli\u0107\" rel=\"author\">Destilacija Tesli\u0107<\/a><\/div>\n\t\t\t        <p>[vc_row][vc_column][vc_column_text]SASTOJCI &nbsp; 1 Tikvica izrezana na ve\u0107e komade 1 velika \u017euta paprika izrezana na ve\u0107e komade 1 velika...<\/p>\n\t\t\t        <div class=\"link-to-post\">\n\t\t\t            <a href=\"https:\/\/destilacija.net\/index.php\/2020\/12\/30\/raznjici-od-povrca-u-pesto-sosu\/\" class=\"animsition-link\">\u010citaj vi\u0161e<\/a>\n\t\t\t            <p class=\"blog-comment\">0 comment<\/p>\n\t\t\t        <\/div>\n\t            <\/div>\n\t        <\/div>\n        <\/div>\n               <div class=\"item\">\n            <div class=\"one-page-blog-box\">\n                <div class=\"blog-box-2\">\n                                        \n\t                  \t\t\n\t\t\t\t\t\t\t\t\t\t\t\t\t\t<img decoding=\"async\" src=\"https:\/\/destilacija.net\/wp-content\/uploads\/bfi_thumb\/shutterstock_501352657-3dgxiiphkfblhkp90va9z4.jpg\" alt=\"\">\n\t\t\t\t\t\t\n                  \t\t                \n\t                <a href=\"https:\/\/destilacija.net\/index.php\/2020\/12\/30\/kukuruz-sa-rostilja\/\" class=\"animsition-link\">KUKURUZ SA RO\u0160TILJA<\/a>\n\t\t\t        <div class=\"subtext\">30\/12\/2020. by <a href=\"https:\/\/destilacija.net\/index.php\/author\/lc2dxd82bg\/\" title=\"\u0427\u043b\u0430\u043d\u0446\u0438 \u043e\u0434 Destilacija Tesli\u0107\" rel=\"author\">Destilacija Tesli\u0107<\/a><\/div>\n\t\t\t        <p>[vc_row][vc_column][vc_column_text]SASTOJCI &nbsp; 4 klipa kukuruza 3 ka\u0161ike rastopljenog putera sitno nasjeckan bijeli luk sok od 2 limete crvena...<\/p>\n\t\t\t        <div class=\"link-to-post\">\n\t\t\t            <a href=\"https:\/\/destilacija.net\/index.php\/2020\/12\/30\/kukuruz-sa-rostilja\/\" class=\"animsition-link\">\u010citaj vi\u0161e<\/a>\n\t\t\t            <p class=\"blog-comment\">0 comment<\/p>\n\t\t\t        <\/div>\n\t            <\/div>\n\t        <\/div>\n        <\/div>\n               <div class=\"item\">\n            <div class=\"one-page-blog-box\">\n                <div class=\"blog-box-2\">\n                                        \n\t                  \t\t\n\t\t\t\t\t\t\t\t\t\t\t\t\t\t<img decoding=\"async\" src=\"https:\/\/destilacija.net\/wp-content\/uploads\/bfi_thumb\/shutterstock_1070985608-3dgxiiphkfblhkp90va9z4.jpg\" alt=\"\">\n\t\t\t\t\t\t\n                  \t\t                \n\t                <a href=\"https:\/\/destilacija.net\/index.php\/2020\/12\/30\/rostiljska-kobasica\/\" class=\"animsition-link\">RO\u0160TILJSKA KOBASICA<\/a>\n\t\t\t        <div class=\"subtext\">30\/12\/2020. by <a href=\"https:\/\/destilacija.net\/index.php\/author\/lc2dxd82bg\/\" title=\"\u0427\u043b\u0430\u043d\u0446\u0438 \u043e\u0434 Destilacija Tesli\u0107\" rel=\"author\">Destilacija Tesli\u0107<\/a><\/div>\n\t\t\t        <p>[vc_row][vc_column][vc_column_text]SASTOJCI &nbsp; 1kg svje\u017ee ro\u0161tiljske kobasice sitno nasjeckani bijeli luk malo ulja i vegeta &nbsp; PRIPREMA &nbsp; Pomije\u0161ajte...<\/p>\n\t\t\t        <div class=\"link-to-post\">\n\t\t\t            <a href=\"https:\/\/destilacija.net\/index.php\/2020\/12\/30\/rostiljska-kobasica\/\" class=\"animsition-link\">\u010citaj vi\u0161e<\/a>\n\t\t\t            <p class=\"blog-comment\">0 comment<\/p>\n\t\t\t        <\/div>\n\t            <\/div>\n\t        <\/div>\n        <\/div>\n               <div class=\"item\">\n            <div class=\"one-page-blog-box\">\n                <div class=\"blog-box-2\">\n                                        \n\t                  \t\t\n\t\t\t\t\t\t\t\t\t\t\t\t\t\t<img decoding=\"async\" src=\"https:\/\/destilacija.net\/wp-content\/uploads\/bfi_thumb\/shutterstock_1352997479-3dgxiiphkfblhkp90va9z4.jpg\" alt=\"\">\n\t\t\t\t\t\t\n                  \t\t                \n\t                <a href=\"https:\/\/destilacija.net\/index.php\/2020\/12\/30\/pastrmka-na-zaru\/\" class=\"animsition-link\">PASTRMKA NA \u017dARU<\/a>\n\t\t\t        <div class=\"subtext\">30\/12\/2020. by <a href=\"https:\/\/destilacija.net\/index.php\/author\/lc2dxd82bg\/\" title=\"\u0427\u043b\u0430\u043d\u0446\u0438 \u043e\u0434 Destilacija Tesli\u0107\" rel=\"author\">Destilacija Tesli\u0107<\/a><\/div>\n\t\t\t        <p>[vc_row][vc_column][vc_column_text]SASTOJCI &nbsp; 4 pastrmke maslinovo ulje su\u0161eni bosiljak ruzmarin per\u0161un limun so \u00a0 \u00a0 PRIPREMA \u00a0 Ribu o\u010distiti...<\/p>\n\t\t\t        <div class=\"link-to-post\">\n\t\t\t            <a href=\"https:\/\/destilacija.net\/index.php\/2020\/12\/30\/pastrmka-na-zaru\/\" class=\"animsition-link\">\u010citaj vi\u0161e<\/a>\n\t\t\t            <p class=\"blog-comment\">0 comment<\/p>\n\t\t\t        <\/div>\n\t            <\/div>\n\t        <\/div>\n        <\/div>\n           <\/div>\n    <script type=\"text\/javascript\">\n    \t(function($) { \"use strict\";\n\t\t    $(document).ready(function() {\n\t\t      \t\/\/ Blog Carousel\n\t\t\t\t$(\"#blog-carousel\").owlCarousel({\n\t\t\t\t\titems : 3,\n\t\t\t\t\titemsDesktop : [1000,3], \n\t\t\t\t\titemsDesktopSmall : [900,3],\n\t\t\t\t\titemsTablet: [600,1], \n\t\t\t\t\titemsMobile : false, \n\t\t\t\t\tpagination : true,\n\t\t\t\t\tautoPlay : 3000,\n\t\t\t\t\tslideSpeed : 300\n\t\t\t\t});\n\t\t    });\n\t  \t})(jQuery);\n    <\/script>\n[\/vc_column][\/vc_row]<\/p>\n","protected":false},"excerpt":{"rendered":"<p>[vc_row css=&#8221;.vc_custom_1456222114531{padding-top: 80px !important;padding-bottom: 80px !important;background-color: #ffffff !important;}&#8221;][vc_column][vc_custom_heading text=&#8221;BLOG CAROUSEL&#8221; font_container=&#8221;tag:h4|text_align:center&#8221; google_fonts=&#8221;font_family:Dosis%3A200%2C300%2Cregular%2C500%2C600%2C700%2C800|font_style:600%20bold%20regular%3A600%3Anormal&#8221;][vc_separator color=&#8221;custom&#8221; el_width=&#8221;10&#8243; accent_color=&#8221;#e67e22&#8243; css=&#8221;.vc_custom_1456296247055{margin-bottom: 0px !important;padding-top: 20px !important;}&#8221;][\/vc_column][vc_column][\/vc_column][\/vc_row]<\/p>\n","protected":false},"author":1,"featured_media":0,"parent":0,"menu_order":0,"comment_status":"closed","ping_status":"closed","template":"page-templates\/template-fullwidth.php","meta":{"footnotes":""},"class_list":["post-736","page","type-page","status-publish","hentry"],"yoast_head":"<!-- This site is optimized with the Yoast SEO plugin v27.2 - https:\/\/yoast.com\/product\/yoast-seo-wordpress\/ -->\n<title>Blog Carousel &#8211; DESTILACIJA TESLI\u0106<\/title>\n<meta name=\"robots\" content=\"index, follow, max-snippet:-1, max-image-preview:large, max-video-preview:-1\" \/>\n<link rel=\"canonical\" href=\"https:\/\/destilacija.net\/index.php\/blog-carousel\/\" \/>\n<meta property=\"og:locale\" content=\"sr_RS\" \/>\n<meta property=\"og:type\" content=\"article\" \/>\n<meta property=\"og:title\" content=\"Blog Carousel &#8211; DESTILACIJA TESLI\u0106\" \/>\n<meta property=\"og:description\" content=\"[vc_row css=&#8221;.vc_custom_1456222114531{padding-top: 80px !important;padding-bottom: 80px !important;background-color: #ffffff !important;}&#8221;][vc_column][vc_custom_heading text=&#8221;BLOG CAROUSEL&#8221; font_container=&#8221;tag:h4|text_align:center&#8221; google_fonts=&#8221;font_family:Dosis%3A200%2C300%2Cregular%2C500%2C600%2C700%2C800|font_style:600%20bold%20regular%3A600%3Anormal&#8221;][vc_separator color=&#8221;custom&#8221; el_width=&#8221;10&#8243; accent_color=&#8221;#e67e22&#8243; css=&#8221;.vc_custom_1456296247055{margin-bottom: 0px !important;padding-top: 20px !important;}&#8221;][\/vc_column][vc_column][\/vc_column][\/vc_row]\" \/>\n<meta property=\"og:url\" content=\"https:\/\/destilacija.net\/index.php\/blog-carousel\/\" \/>\n<meta property=\"og:site_name\" content=\"DESTILACIJA TESLI\u0106\" \/>\n<meta name=\"twitter:card\" content=\"summary_large_image\" \/>\n<script type=\"application\/ld+json\" class=\"yoast-schema-graph\">{\"@context\":\"https:\/\/schema.org\",\"@graph\":[{\"@type\":\"WebPage\",\"@id\":\"https:\/\/destilacija.net\/index.php\/blog-carousel\/\",\"url\":\"https:\/\/destilacija.net\/index.php\/blog-carousel\/\",\"name\":\"Blog Carousel &#8211; DESTILACIJA TESLI\u0106\",\"isPartOf\":{\"@id\":\"https:\/\/destilacija.net\/#website\"},\"datePublished\":\"2016-03-07T07:06:43+00:00\",\"breadcrumb\":{\"@id\":\"https:\/\/destilacija.net\/index.php\/blog-carousel\/#breadcrumb\"},\"inLanguage\":\"sr-RS\",\"potentialAction\":[{\"@type\":\"ReadAction\",\"target\":[\"https:\/\/destilacija.net\/index.php\/blog-carousel\/\"]}]},{\"@type\":\"BreadcrumbList\",\"@id\":\"https:\/\/destilacija.net\/index.php\/blog-carousel\/#breadcrumb\",\"itemListElement\":[{\"@type\":\"ListItem\",\"position\":1,\"name\":\"\u041f\u043e\u0447\u0435\u0442\u043d\u0430\",\"item\":\"https:\/\/destilacija.net\/\"},{\"@type\":\"ListItem\",\"position\":2,\"name\":\"Blog Carousel\"}]},{\"@type\":\"WebSite\",\"@id\":\"https:\/\/destilacija.net\/#website\",\"url\":\"https:\/\/destilacija.net\/\",\"name\":\"Destilacija Tesli\u0107\",\"description\":\"\",\"publisher\":{\"@id\":\"https:\/\/destilacija.net\/#organization\"},\"potentialAction\":[{\"@type\":\"SearchAction\",\"target\":{\"@type\":\"EntryPoint\",\"urlTemplate\":\"https:\/\/destilacija.net\/?s={search_term_string}\"},\"query-input\":{\"@type\":\"PropertyValueSpecification\",\"valueRequired\":true,\"valueName\":\"search_term_string\"}}],\"inLanguage\":\"sr-RS\"},{\"@type\":\"Organization\",\"@id\":\"https:\/\/destilacija.net\/#organization\",\"name\":\"Destilacija Tesli\u0107\",\"url\":\"https:\/\/destilacija.net\/\",\"logo\":{\"@type\":\"ImageObject\",\"inLanguage\":\"sr-RS\",\"@id\":\"https:\/\/destilacija.net\/#\/schema\/logo\/image\/\",\"url\":\"https:\/\/destilacija.net\/wp-content\/uploads\/2021\/01\/shutterstock_1021177186-Copy.jpg\",\"contentUrl\":\"https:\/\/destilacija.net\/wp-content\/uploads\/2021\/01\/shutterstock_1021177186-Copy.jpg\",\"width\":2558,\"height\":1706,\"caption\":\"Destilacija Tesli\u0107\"},\"image\":{\"@id\":\"https:\/\/destilacija.net\/#\/schema\/logo\/image\/\"}}]}<\/script>\n<!-- \/ Yoast SEO plugin. -->","yoast_head_json":{"title":"Blog Carousel &#8211; DESTILACIJA TESLI\u0106","robots":{"index":"index","follow":"follow","max-snippet":"max-snippet:-1","max-image-preview":"max-image-preview:large","max-video-preview":"max-video-preview:-1"},"canonical":"https:\/\/destilacija.net\/index.php\/blog-carousel\/","og_locale":"sr_RS","og_type":"article","og_title":"Blog Carousel &#8211; DESTILACIJA TESLI\u0106","og_description":"[vc_row css=&#8221;.vc_custom_1456222114531{padding-top: 80px !important;padding-bottom: 80px !important;background-color: #ffffff !important;}&#8221;][vc_column][vc_custom_heading text=&#8221;BLOG CAROUSEL&#8221; font_container=&#8221;tag:h4|text_align:center&#8221; google_fonts=&#8221;font_family:Dosis%3A200%2C300%2Cregular%2C500%2C600%2C700%2C800|font_style:600%20bold%20regular%3A600%3Anormal&#8221;][vc_separator color=&#8221;custom&#8221; el_width=&#8221;10&#8243; accent_color=&#8221;#e67e22&#8243; css=&#8221;.vc_custom_1456296247055{margin-bottom: 0px !important;padding-top: 20px !important;}&#8221;][\/vc_column][vc_column][\/vc_column][\/vc_row]","og_url":"https:\/\/destilacija.net\/index.php\/blog-carousel\/","og_site_name":"DESTILACIJA TESLI\u0106","twitter_card":"summary_large_image","schema":{"@context":"https:\/\/schema.org","@graph":[{"@type":"WebPage","@id":"https:\/\/destilacija.net\/index.php\/blog-carousel\/","url":"https:\/\/destilacija.net\/index.php\/blog-carousel\/","name":"Blog Carousel &#8211; DESTILACIJA TESLI\u0106","isPartOf":{"@id":"https:\/\/destilacija.net\/#website"},"datePublished":"2016-03-07T07:06:43+00:00","breadcrumb":{"@id":"https:\/\/destilacija.net\/index.php\/blog-carousel\/#breadcrumb"},"inLanguage":"sr-RS","potentialAction":[{"@type":"ReadAction","target":["https:\/\/destilacija.net\/index.php\/blog-carousel\/"]}]},{"@type":"BreadcrumbList","@id":"https:\/\/destilacija.net\/index.php\/blog-carousel\/#breadcrumb","itemListElement":[{"@type":"ListItem","position":1,"name":"\u041f\u043e\u0447\u0435\u0442\u043d\u0430","item":"https:\/\/destilacija.net\/"},{"@type":"ListItem","position":2,"name":"Blog Carousel"}]},{"@type":"WebSite","@id":"https:\/\/destilacija.net\/#website","url":"https:\/\/destilacija.net\/","name":"Destilacija Tesli\u0107","description":"","publisher":{"@id":"https:\/\/destilacija.net\/#organization"},"potentialAction":[{"@type":"SearchAction","target":{"@type":"EntryPoint","urlTemplate":"https:\/\/destilacija.net\/?s={search_term_string}"},"query-input":{"@type":"PropertyValueSpecification","valueRequired":true,"valueName":"search_term_string"}}],"inLanguage":"sr-RS"},{"@type":"Organization","@id":"https:\/\/destilacija.net\/#organization","name":"Destilacija Tesli\u0107","url":"https:\/\/destilacija.net\/","logo":{"@type":"ImageObject","inLanguage":"sr-RS","@id":"https:\/\/destilacija.net\/#\/schema\/logo\/image\/","url":"https:\/\/destilacija.net\/wp-content\/uploads\/2021\/01\/shutterstock_1021177186-Copy.jpg","contentUrl":"https:\/\/destilacija.net\/wp-content\/uploads\/2021\/01\/shutterstock_1021177186-Copy.jpg","width":2558,"height":1706,"caption":"Destilacija Tesli\u0107"},"image":{"@id":"https:\/\/destilacija.net\/#\/schema\/logo\/image\/"}}]}},"_links":{"self":[{"href":"https:\/\/destilacija.net\/index.php\/wp-json\/wp\/v2\/pages\/736","targetHints":{"allow":["GET"]}}],"collection":[{"href":"https:\/\/destilacija.net\/index.php\/wp-json\/wp\/v2\/pages"}],"about":[{"href":"https:\/\/destilacija.net\/index.php\/wp-json\/wp\/v2\/types\/page"}],"author":[{"embeddable":true,"href":"https:\/\/destilacija.net\/index.php\/wp-json\/wp\/v2\/users\/1"}],"replies":[{"embeddable":true,"href":"https:\/\/destilacija.net\/index.php\/wp-json\/wp\/v2\/comments?post=736"}],"version-history":[{"count":0,"href":"https:\/\/destilacija.net\/index.php\/wp-json\/wp\/v2\/pages\/736\/revisions"}],"wp:attachment":[{"href":"https:\/\/destilacija.net\/index.php\/wp-json\/wp\/v2\/media?parent=736"}],"curies":[{"name":"wp","href":"https:\/\/api.w.org\/{rel}","templated":true}]}}